{"id":123,"date":"2013-10-20T13:00:52","date_gmt":"2013-10-20T11:00:52","guid":{"rendered":"http:\/\/www.woschofius.de\/woschofius\/?page_id=123"},"modified":"2017-11-26T10:11:11","modified_gmt":"2017-11-26T09:11:11","slug":"foto-workshop","status":"publish","type":"page","link":"https:\/\/www.woschofius.de\/?page_id=123","title":{"rendered":"Foto-Workshop"},"content":{"rendered":"<p><img loading=\"lazy\" decoding=\"async\" class=\"alignleft size-medium wp-image-370\" src=\"https:\/\/www.woschofius.de\/woschofius\/wp-content\/uploads\/lichtspiele-209x300.jpg\" alt=\"lichtspiele\" width=\"209\" height=\"300\" srcset=\"https:\/\/www.woschofius.de\/wp-content\/uploads\/lichtspiele-209x300.jpg 209w, https:\/\/www.woschofius.de\/wp-content\/uploads\/lichtspiele.jpg 435w\" sizes=\"auto, (max-width: 209px) 100vw, 209px\" \/>Hier findet Ihr alle Foto- Workshops die ich f\u00fcr Fotografen und Privatpersonen anbiete. An den Foto-Workshops nehmen nur bis zu 4 Fotografen teil.<br \/>\nGerne k\u00f6nnen sich auch Modelle melden, die als Workshopmodell arbeiten wollen (Bitte nur aus dem Gro\u00dfraum Stuttgart).<br \/>\nIch biete auf Anfrage auch Einzelworkshops f\u00fcr Fotografen an die einmal in die Studiofotografie reinschnuppern wollen.<\/p>\n<p>Die Workshops finden in der N\u00e4he von Stuttgart\/Ludwigsburg in meinem <a title=\"Studio\" href=\"https:\/\/www.woschofius.de\/woschofius\/?page_id=60\">Studio <\/a>statt.<\/p>\n<p>Auf der rechten Seite k\u00f6nnt Ihr Euch durch die einzelnen Themen klicken.<\/p>\n<p>&nbsp;<\/p>\n<p><strong>N\u00e4chste Veranstaltungen:<\/strong><\/p>\n<ul>\n<li>folgt<\/li>\n<\/ul>\n<p>&nbsp;<\/p>\n<p>Bitte beachtet ggfls. meine <a title=\"AGBs\" href=\"https:\/\/www.woschofius.de\/?page_id=97\">AGB.<\/a><\/p>\n<p><strong>Modelsuche:<\/strong> F\u00fcr diese Workshops suche ich auch immer wieder Modelle aus dem Gro\u00dfraum Stuttgart. Du solltest von eher schlanker Statur sein (KG34-38) und kein Problem mit Nacktheit haben. Erfahrung w\u00e4re sch\u00f6n, ist aber kein Muss. Vertrag und Bezahlung ist selbstverst\u00e4ndlich.<\/p>\n<p>Da nicht jeder Workshop regelm\u00e4\u00dfig stattfindet, k\u00f6nnt Ihr mir auch einfach Euer Interesse an einem bestimmten Workshop per Mail signalisieren. Sobald genug Interessenbekundungen da sind, stimme ich dann gerne einen Termin ab.<\/p>\n<p>Kontakt: <a title=\"\" href=\"mailto:woschofius@woschofius.de\" target=\"_blank\" rel=\"noopener noreferrer\">woschofius@woschofius.de<\/a><\/p>\n","protected":false},"excerpt":{"rendered":"<p>Hier findet Ihr alle Foto- Workshops die ich f\u00fcr Fotografen und Privatpersonen anbiete. An den Foto-Workshops nehmen nur bis zu 4 Fotografen teil. Gerne k\u00f6nnen sich auch Modelle melden, die als Workshopmodell arbeiten wollen (Bitte nur aus dem Gro\u00dfraum Stuttgart). <span class=\"excerpt-dots\">&hellip;<\/span> <a class=\"more-link\" href=\"https:\/\/www.woschofius.de\/?page_id=123\"><span class=\"more-msg\">Weiterlesen &rarr;<\/span><\/a><\/p>\n","protected":false},"author":3,"featured_media":0,"parent":0,"menu_order":14,"comment_status":"closed","ping_status":"closed","template":"","meta":{"ngg_post_thumbnail":0,"footnotes":""},"class_list":["post-123","page","type-page","status-publish","hentry"],"_links":{"self":[{"href":"https:\/\/www.woschofius.de\/index.php?rest_route=\/wp\/v2\/pages\/123","targetHints":{"allow":["GET"]}}],"collection":[{"href":"https:\/\/www.woschofius.de\/index.php?rest_route=\/wp\/v2\/pages"}],"about":[{"href":"https:\/\/www.woschofius.de\/index.php?rest_route=\/wp\/v2\/types\/page"}],"author":[{"embeddable":true,"href":"https:\/\/www.woschofius.de\/index.php?rest_route=\/wp\/v2\/users\/3"}],"replies":[{"embeddable":true,"href":"https:\/\/www.woschofius.de\/index.php?rest_route=%2Fwp%2Fv2%2Fcomments&post=123"}],"version-history":[{"count":96,"href":"https:\/\/www.woschofius.de\/index.php?rest_route=\/wp\/v2\/pages\/123\/revisions"}],"predecessor-version":[{"id":2854,"href":"https:\/\/www.woschofius.de\/index.php?rest_route=\/wp\/v2\/pages\/123\/revisions\/2854"}],"wp:attachment":[{"href":"https:\/\/www.woschofius.de\/index.php?rest_route=%2Fwp%2Fv2%2Fmedia&parent=123"}],"curies":[{"name":"wp","href":"https:\/\/api.w.org\/{rel}","templated":true}]}}