{"id":1314,"date":"2014-08-29T16:43:48","date_gmt":"2014-08-29T14:43:48","guid":{"rendered":"http:\/\/www.woschofius.de\/?page_id=1314"},"modified":"2021-02-11T16:57:34","modified_gmt":"2021-02-11T15:57:34","slug":"mp3-download-seite","status":"publish","type":"page","link":"https:\/\/www.woschofius.de\/?page_id=1314","title":{"rendered":"MP3 Download Seite"},"content":{"rendered":"<p>Hier findet ihr eine \u00dcbersicht \u00fcber meine zum Download zur Verf\u00fcgung stehenden Musikwerke:<br \/>\nKlicken, 9,90\u20ac spenden, anh\u00f6ren, downloaden \ud83d\ude42<\/p>\n<form action=\"https:\/\/www.paypal.com\/donate\" method=\"post\" target=\"_top\"><input name=\"hosted_button_id\" type=\"hidden\" value=\"36LQYQHQB9YJE\"><br \/>\n<input title=\"PayPal - The safer, easier way to pay online!\" alt=\"Donate with PayPal button\" name=\"submit\" src=\"https:\/\/www.paypalobjects.com\/de_DE\/DE\/i\/btn\/btn_donateCC_LG.gif\" type=\"image\"><br \/>\n<img loading=\"lazy\" decoding=\"async\" src=\"https:\/\/www.paypal.com\/de_DE\/i\/scr\/pixel.gif\" alt=\"\" width=\"1\" height=\"1\" border=\"0\"><\/form>\n<p>Nach der Paypal-Zahlung erhaltet ihr zeitnah Zugang zur Dropbox wo ihr die Titel dann herunterladen k\u00f6nnt. Sollte es Probleme geben, dann schreibt mich einfach unter <a href=\"mailto:woschofius@woschofius.de\">woschofius@woschofius.de<\/a> an.<\/p>\n<form action=\"https:\/\/www.paypal.com\/cgi-bin\/webscr\" method=\"post\" target=\"_top\">\n<ul>\n<li><a title=\"Purgatorium\" href=\"https:\/\/www.woschofius.de\/?page_id=191\">Purgatorium (Album)<\/a><\/li>\n<li><a title=\"Mondges\u00e4nge\" href=\"https:\/\/www.woschofius.de\/?page_id=193\">Mondgesang (Longplayer Single)<\/a><\/li>\n<li><a title=\"Kin Ping Meh\" href=\"https:\/\/www.woschofius.de\/?page_id=195\">Kin Ping Meh (Longplayer Single)<\/a><\/li>\n<li><a title=\"H\u00f6llentor\" href=\"https:\/\/www.woschofius.de\/?page_id=185\">H\u00f6llentor (Album)<\/a><\/li>\n<li><a title=\"Der Marquis\" href=\"https:\/\/www.woschofius.de\/?page_id=189\">Der Marquis (Longplayer Single)<\/a><\/li>\n<\/ul>\n<\/form>\n","protected":false},"excerpt":{"rendered":"<p>Hier findet ihr eine \u00dcbersicht \u00fcber meine zum Download zur Verf\u00fcgung stehenden Musikwerke: Klicken, 9,90\u20ac spenden, anh\u00f6ren, downloaden \ud83d\ude42 Nach der Paypal-Zahlung erhaltet ihr zeitnah Zugang zur Dropbox wo ihr die Titel dann herunterladen k\u00f6nnt. Sollte es Probleme geben, dann <span class=\"excerpt-dots\">&hellip;<\/span> <a class=\"more-link\" href=\"https:\/\/www.woschofius.de\/?page_id=1314\"><span class=\"more-msg\">Weiterlesen &rarr;<\/span><\/a><\/p>\n","protected":false},"author":3,"featured_media":0,"parent":49,"menu_order":10,"comment_status":"closed","ping_status":"closed","template":"","meta":{"ngg_post_thumbnail":0,"footnotes":""},"class_list":["post-1314","page","type-page","status-publish","hentry"],"_links":{"self":[{"href":"https:\/\/www.woschofius.de\/index.php?rest_route=\/wp\/v2\/pages\/1314","targetHints":{"allow":["GET"]}}],"collection":[{"href":"https:\/\/www.woschofius.de\/index.php?rest_route=\/wp\/v2\/pages"}],"about":[{"href":"https:\/\/www.woschofius.de\/index.php?rest_route=\/wp\/v2\/types\/page"}],"author":[{"embeddable":true,"href":"https:\/\/www.woschofius.de\/index.php?rest_route=\/wp\/v2\/users\/3"}],"replies":[{"embeddable":true,"href":"https:\/\/www.woschofius.de\/index.php?rest_route=%2Fwp%2Fv2%2Fcomments&post=1314"}],"version-history":[{"count":23,"href":"https:\/\/www.woschofius.de\/index.php?rest_route=\/wp\/v2\/pages\/1314\/revisions"}],"predecessor-version":[{"id":3211,"href":"https:\/\/www.woschofius.de\/index.php?rest_route=\/wp\/v2\/pages\/1314\/revisions\/3211"}],"up":[{"embeddable":true,"href":"https:\/\/www.woschofius.de\/index.php?rest_route=\/wp\/v2\/pages\/49"}],"wp:attachment":[{"href":"https:\/\/www.woschofius.de\/index.php?rest_route=%2Fwp%2Fv2%2Fmedia&parent=1314"}],"curies":[{"name":"wp","href":"https:\/\/api.w.org\/{rel}","templated":true}]}}