{"id":1344,"date":"2014-09-30T08:07:59","date_gmt":"2014-09-30T06:07:59","guid":{"rendered":"http:\/\/www.woschofius.de\/?page_id=1344"},"modified":"2021-11-11T07:29:14","modified_gmt":"2021-11-11T06:29:14","slug":"serena-arand-marionettenspieler","status":"publish","type":"page","link":"https:\/\/www.woschofius.de\/?page_id=1344","title":{"rendered":"Wenn&#8217;s dr Sex nedd g\u00e4b&#8230;"},"content":{"rendered":"<p><a href=\"https:\/\/www.amazon.de\/dp\/B09LHYYCV9\/\" target=\"_blank\" rel=\"noopener\"><img loading=\"lazy\" decoding=\"async\" class=\"alignleft wp-image-3222\" src=\"https:\/\/www.woschofius.de\/wp-content\/uploads\/cover-wennsdrsexnedgaeb.jpg\" alt=\"\" width=\"255\" height=\"397\" srcset=\"https:\/\/www.woschofius.de\/wp-content\/uploads\/cover-wennsdrsexnedgaeb.jpg 1600w, https:\/\/www.woschofius.de\/wp-content\/uploads\/cover-wennsdrsexnedgaeb-983x1536.jpg 983w, https:\/\/www.woschofius.de\/wp-content\/uploads\/cover-wennsdrsexnedgaeb-1311x2048.jpg 1311w\" sizes=\"auto, (max-width: 255px) 100vw, 255px\" \/><\/a>Also da gibt es jemanden &#8230; und der hat gesagt, also ich finde das ja unm\u00f6glich, aber gut. Sagt der doch tats\u00e4chlich, dass ich so Sachen mach \u2026 also echt schr\u00e4g, zumal davon ja auch nur die H\u00e4lfte stimmt und von den anderen hat der ja auch gar keine Ahnung &#8230; sag ich jetzt mal. Also so was, sagt der das doch tats\u00e4chlich.<\/p>\n<p>Ich hab dann den Horst gefragt, was der davon h\u00e4lt, und der war auch der Meinung, dass \u201emr des nedd saga soll, aber ihm w\u00e4r des au wurscht, was die andre schw\u00e4tzed\u201c.<\/p>\n<p>Die Helga hat gemeint, dass Helga das gar nicht gut findet, wenn es nicht so l\u00e4uft, wie die Helga das will. Und dabei hat sie so seltsam geschaut und ich hab Angst gekriegt. Ich hab dann lieber nichts mehr gesagt.<\/p>\n<p>Auf jeden Fall geht es um Sex. Also um meinen \u2026 und den von Horst, Chantal und Helga. Und noch ein paar anderen. Aber meist l\u00e4uft es nicht so wie geplant. Oder doch, was dann auch nicht immer gut ist.<\/p>\n<p>Ihr trefft also die schw\u00e4bische Urgewalt Horst, der in die Tiefen der Erotik eintaucht und dabei ungewollt komisch ist. Aber egal was passiert, Horst ist immer der Meinung &#8222;Wenn&#8217;s dr Sex nedd g\u00e4b &#8230;&#8220;<\/p>\n<p>Nur vor Helga solltet ihr wirklich Angst haben&#8230;<\/p>\n<p>Woschofius<\/p>\n<p>PS: Dieses Buch wurde in Teilen urspr\u00fcnglich unter dem Pseudonym Serena Arand als eBook ver\u00f6ffentlicht.<\/p>\n<p><a href=\"https:\/\/www.amazon.de\/dp\/B09LHYYCV9\/\"><strong>&gt;Zu kaufen als Kindle bei AMAZON&lt;<\/strong><\/a><\/p>\n<p><strong>Leseprobe:<\/strong><\/p>\n<p><em>Das Tattoo<\/em><br \/>\n<em>Manchmal kann man froh sein, Dinge nicht immer sofort getan zu haben. So ging es mir mit dem Tattoo.<\/em><br \/>\n<em>Ich wollte mir vor einigen Jahren ein kleines Trible stechen lassen.<\/em><br \/>\n<em>Ein Arschgeweih.<\/em><br \/>\n<em>Oder wie die \u00d6sterreicher sagen\u2026<\/em><br \/>\n<em>Schlampenstempel.<\/em><br \/>\n<em>Doch nachdem es dann bei fast jeder Frau das Stei\u00dfbein zierte, verlor ich mein Interesse daran.<\/em><br \/>\n<em>Mittlerweile verdienen viele \u00c4rzte noch mehr Geld damit die \u201eMassenware Arschgeweih\u201c wieder zu entfernen.<\/em><br \/>\n<em>Trotzdem blieb der Wunsch nach einem Tattoo erhalten.<\/em><br \/>\n<em>Aber es sollte schon ein besonderes sein.<\/em><br \/>\n<em>Ich wollte mir einen kleinen Drachen stechen lassen.<\/em><br \/>\n<em>Beginnend am Oberschenkel schl\u00e4ngelt er sich zum Schritt hoch und legt seinen Kopf auf meine rasierte Muschi.<\/em><br \/>\n<em>Ein Freund von mir konnte wirklich toll zeichnen und machte mir den Entwurf. Mit diesem ging ich ganz mutig in das Tattoostudio meines Vertrauens.<\/em><br \/>\n<em>Ok, es war die Empfehlung einer Freundin.<\/em><br \/>\n<em>Sie hatte mich auch gleich gewarnt, dass \u201eTinte\u201c ein etwas komischer Kauz sei.<\/em><br \/>\n<em>Ist euch eigentlich mal aufgefallen, dass die meisten Studios nicht gerade vertrauenserweckend sind?<\/em><br \/>\n<em>Schon die Namen sind teilweise echt angsteinfl\u00f6\u00dfend und ein Gro\u00dfteil der Stecher schauen aus wie Hells Angels oder Massenm\u00f6rder. Meistens sind es aber ganz liebe Menschen.<\/em><br \/>\n<em>Ich betrat also ganz mutig das Studio meiner Wahl.<\/em><br \/>\n<em>Ein Zweimetermann mit ZZ Top Bart, schweren Bierbauch und Lederjoppe empfing mich \u201efreundlich\u201c inmitten eines Sammelsuriums von Motorradteilen, Fahnen, Messern und Bierflaschen.<\/em><br \/>\n<em>Nackte Frauen mit Megatitten dienten als Tapete. Eine Dartscheibe war mit einem Poster von Brad Pitt beklebt und die Einstiche der Pfeile hatte es fast bis zur Unkenntlichkeit durchl\u00f6chert.<\/em><br \/>\n<em>Ja, M\u00e4nner die mit Angelina Jolie anb\u00e4ndeln sind nicht beliebt\u2026<\/em><br \/>\n<em>Sein ganzes Leben hatte er auf seiner Haut ver\u00f6ffentlicht. Von den ersten einfachen Figuren, die er wohl noch mit einem F\u00fcllfederhalter gestochen hatte, bis hin zu aufwendigen Mustern und Motive war alles vertreten.<\/em><br \/>\n<em>\u201eWat willste?\u201c, fragte er mich, ohne den Mund beim Sprechen zu \u00f6ffnen.<\/em><br \/>\n<em>\u201eIch denke ein Tattoo.\u201c<\/em><br \/>\n<em>\u201eHaha, bist ja ne Lustige.\u201c, nuschelte er zur\u00fcck.<\/em><br \/>\n<em>Ich legte die Zeichnung auf den Tisch.<\/em><br \/>\n<em>\u201eIch will mir das hier vom Oberschenkel zur Muschi krabbeln lassen.\u201c<\/em><br \/>\n<em>Er warf ein Blick darauf und nahm die Zeichnung dann in die Hand.<\/em><br \/>\n<em>\u201eSo, zu deiner Muschi \u2026\u201c<\/em><br \/>\n<em>Er kratzte sich den Bart.<\/em><br \/>\n<em>\u201eKann man machen. Willste gleich?\u201c<\/em><br \/>\n<em>Ich nickte mit dem Kopf, auch wenn mir mein Herz zurief \u201eRenn weg!\u201c.<\/em><br \/>\n<em>Er schloss die T\u00fcre ab und f\u00fchrte mich nach hinten in einen kleinen Raum. Hier war es deutlich sauberer und aufger\u00e4umter als vorne. Ein gepolsterte Liege, Lampen und Hygieneartikel standen herum.<\/em><br \/>\n<em>\u201eMach dich scho mal naggisch und leg dich da no.\u201c<\/em><br \/>\n<em>Er begann die T\u00e4ttowiermaschine zusammenzubauen, w\u00e4hrend ich Rock und Slip abstreifte und mich auf die Liege legte.<\/em><br \/>\n<em>\u201eHe, leg da T\u00fccher drunter. Da hinten vonner Rolle.\u201c, nuschelte er mich erneut an.<\/em><br \/>\n<em>Ein freundlicher Mensch.<\/em><br \/>\n<em>Tinte setzte eine Brille auf und nahm neben mir Platz. Jetzt sah er fast wie ein Intellektueller aus.<\/em><br \/>\n<em>\u201eHast ne sch\u00f6ne Muschi.\u201c, ert\u00f6nte es aus seinem Bart.<\/em><br \/>\n<em>\u201eDanke, wie lange dauert das jetzt etwa?\u201c<\/em><br \/>\n<em>\u201eNe gut Stund, es sei denn du rennsch weg. Aber du wirsch eh nomal kommen m\u00fcsse, umsch nachsteche zu lassa. Auf oins geht des nich.\u201c<\/em><br \/>\n<em>Tinte war nicht nur freundlich sondern auch ein lustiger Mensch. Und sein Dialekt war eine Mischung aus Berlinerisch, Schw\u00e4bisch und Badenserisch.<\/em><br \/>\n<em>Tinte streifte sich Latexhandschuhe \u00fcber.<\/em><br \/>\n<em>Er begann mich zu desinfizieren und ich versuchte mich zu entspannen.<\/em><br \/>\n<em>Nachdem er das Motiv mit einem Stift grob skizziert hatte, durfte ich mir anschauen wie es wirken w\u00fcrde.<\/em><br \/>\n<em>GEIL!<\/em><br \/>\n<em>Dann begann der Schmerz.<\/em><br \/>\n<em>Millionen von Nadelstiche krabbelten meinen Oberschenkel nach oben.<\/em><br \/>\n<em>Ein ums andere Mal zuckte ich zusammen.<\/em><br \/>\n<em>\u201eWennde so rumzickste, wird des kein Dracha sondern a Kinderkritzel.\u201c, ermunterte mich Tinte zum Stillhalten.<\/em><br \/>\n<em>Es ging weiter und ich verfluchte meine Schnapsidee zur K\u00f6rperversch\u00f6nerung. Tinte legte seine Hand auf meinem Schamh\u00fcgel und lenkte so die feinen Vibrationen auf meine empfindliche Stelle ab.<\/em><br \/>\n<em>Mein Unterleib wurde warm und gleichzeitig krabbelte dieser feine Schmerz hin und her, rauf und runter.<\/em><br \/>\n<em>Am Schlimmsten war der Bereich vom \u00dcbergang zwischen Schenkel und Scham.<\/em><br \/>\n<em>Ich japste nach Luft und quitschte.<\/em><br \/>\n<em>\u201eTuts weh?\u201c, fragte Tinte<\/em><br \/>\n<em>\u201eSehr witzig.\u201c<\/em><br \/>\n<em>Langsam begann ich ihn zu m\u00f6gen.<\/em><br \/>\n<em>\u201eSoll ich die Zung desch Drachens echt auf deim Kitzler ende lasse?\u201c<\/em><br \/>\n<em>\u201eJa klar.\u201c<\/em><br \/>\n<em>\u201eMusch du wissa.\u201c<\/em><br \/>\n<em>Super.<\/em><br \/>\n<em>Ich konzentrierte mich auf den angenehmen Druck seiner Hand auf meiner Scham. Langsam gew\u00f6hnte ich mich an den Schmerz und entspannte mich.<\/em><br \/>\n<em>Ich beobachtete wie der Zeiger einer gro\u00dfen Uhr langsam seine Runden drehte.<\/em><br \/>\n<em>Entspannung.<\/em><br \/>\n<em>Bald war ein Stunde um und mittlerweile war das permanente Piksen bis zu meine Muschi hoch gekrochen.<\/em><br \/>\n<em>Tinte arbeitete schweigsam und konzentriert.<\/em><br \/>\n<em>Das permanente Reizen meiner Muschi begann mich allerdings leicht zu erregen. Nicht so stark, aber ausreichend. Blut durchstr\u00f6mte meinen Unterleib und regte mein Lustzentrum an.<\/em><br \/>\n<em>\u201eDai Muschi sabbert. Bisch geil?\u201c<\/em><br \/>\n<em>\u201eIdiot.\u201c<\/em><br \/>\n<em>\u201eWensch willsch, k\u00f6nne mer nachher au a Runde dreha.\u201c, grinste es zwischen seinem Bart hervor.<\/em><br \/>\n<em>\u201eNein danke, kein Bedarf.\u201c<\/em><br \/>\n<em>Meine Lust war auf jeden Fall verflogen.<\/em><br \/>\n<em>Er zuckte mit den Schultern und arbeitete weiter.<\/em><br \/>\n<em>War es eine gute Idee so mit ihm zu streiten, solange er mich t\u00e4towierte?<\/em><br \/>\n<em>In Gedanken sah ich schon ein \u201eBITCH\u201c auf meinem Schamh\u00fcgel stehen.<\/em><br \/>\n<em>Sicherheitshalber richtete ich mich auf um nach dem Rechten zu sehen.<\/em><br \/>\n<em>Nein, alles in Ordnung. Langsam erblickte ein Drachen das Licht der Welt.<\/em><br \/>\n<em>Nach einer weiteren halben Stunde endete das Vibrieren.<\/em><br \/>\n<em>Tinte wischte noch mit einem Tuch alles sauber und versorgte den angeschwollenen Bereich.<\/em><br \/>\n<em>\u201eKomsch in zwoi Woche wieder. No macha mer der Rescht.\u201c<\/em><br \/>\n<em>Im Spiegel betrachtete ich das Werk.<\/em><br \/>\n<em>Es hatte sich wahrlich gelohnt! Auch wenn es noch nicht ganz fertig war, konnte man schon sehen, dass es fantastisch werden w\u00fcrde.<\/em><\/p>\n","protected":false},"excerpt":{"rendered":"<p>Also da gibt es jemanden &#8230; und der hat gesagt, also ich finde das ja unm\u00f6glich, aber gut. Sagt der doch tats\u00e4chlich, dass ich so Sachen mach \u2026 also echt schr\u00e4g, zumal davon ja auch nur die H\u00e4lfte stimmt und <span class=\"excerpt-dots\">&hellip;<\/span> <a class=\"more-link\" href=\"https:\/\/www.woschofius.de\/?page_id=1344\"><span class=\"more-msg\">Weiterlesen &rarr;<\/span><\/a><\/p>\n","protected":false},"author":3,"featured_media":0,"parent":39,"menu_order":14,"comment_status":"closed","ping_status":"closed","template":"","meta":{"ngg_post_thumbnail":0,"footnotes":""},"class_list":["post-1344","page","type-page","status-publish","hentry"],"_links":{"self":[{"href":"https:\/\/www.woschofius.de\/index.php?rest_route=\/wp\/v2\/pages\/1344","targetHints":{"allow":["GET"]}}],"collection":[{"href":"https:\/\/www.woschofius.de\/index.php?rest_route=\/wp\/v2\/pages"}],"about":[{"href":"https:\/\/www.woschofius.de\/index.php?rest_route=\/wp\/v2\/types\/page"}],"author":[{"embeddable":true,"href":"https:\/\/www.woschofius.de\/index.php?rest_route=\/wp\/v2\/users\/3"}],"replies":[{"embeddable":true,"href":"https:\/\/www.woschofius.de\/index.php?rest_route=%2Fwp%2Fv2%2Fcomments&post=1344"}],"version-history":[{"count":21,"href":"https:\/\/www.woschofius.de\/index.php?rest_route=\/wp\/v2\/pages\/1344\/revisions"}],"predecessor-version":[{"id":3227,"href":"https:\/\/www.woschofius.de\/index.php?rest_route=\/wp\/v2\/pages\/1344\/revisions\/3227"}],"up":[{"embeddable":true,"href":"https:\/\/www.woschofius.de\/index.php?rest_route=\/wp\/v2\/pages\/39"}],"wp:attachment":[{"href":"https:\/\/www.woschofius.de\/index.php?rest_route=%2Fwp%2Fv2%2Fmedia&parent=1344"}],"curies":[{"name":"wp","href":"https:\/\/api.w.org\/{rel}","templated":true}]}}