{"id":1422,"date":"2014-10-20T14:30:27","date_gmt":"2014-10-20T12:30:27","guid":{"rendered":"http:\/\/www.woschofius.de\/?page_id=1422"},"modified":"2023-07-22T16:56:58","modified_gmt":"2023-07-22T14:56:58","slug":"bdsm-comedy-lesung","status":"publish","type":"page","link":"https:\/\/www.woschofius.de\/?page_id=1422","title":{"rendered":"BDSM Comedy Lesung"},"content":{"rendered":"<p><img loading=\"lazy\" decoding=\"async\" class=\"wp-image-1423 size-medium alignleft\" src=\"https:\/\/www.woschofius.de\/wp-content\/uploads\/nb02swkl-300x201.jpg\" width=\"300\" height=\"201\" srcset=\"https:\/\/www.woschofius.de\/wp-content\/uploads\/nb02swkl-300x201.jpg 300w, https:\/\/www.woschofius.de\/wp-content\/uploads\/nb02swkl-447x300.jpg 447w, https:\/\/www.woschofius.de\/wp-content\/uploads\/nb02swkl.jpg 567w\" sizes=\"auto, (max-width: 300px) 100vw, 300px\" \/>Diese Lesung ist meinen lustigen Erlebnissen und Geschichten gewidmet&#8230; und stellt einen Querschnitt der anderen Lesungen dar. Es sind quasi die &#8222;Best off&#8220;.<\/p>\n<p>BDSM ist zwar eine todernste Sache, trotzdem ist BDSM nicht v\u00f6llig spa\u00dfbefreit. Manchmal passieren unfreiwillig komische Dinge, ein anderes Mal l\u00e4uft es nicht so wie geplant und manchmal zeigt sich die ganze Tragik des menschlichen Seins.<\/p>\n<p>&nbsp;<\/p>\n<p>&nbsp;<\/p>\n<h4>Unter anderem schildere ich Euch:<\/h4>\n<ul>\n<li>Erlebnisse am Polarkreis<\/li>\n<li>Selbstversuch mit Softair-Pistole<\/li>\n<li>Das erste Mal, oder wie es m und w erleben<\/li>\n<li>Verschw\u00f6rungtheorie<\/li>\n<li>Spankmaster 2000<\/li>\n<li>Die Auspeitschung<\/li>\n<li>Und nat\u00fcrlich viele Erlebnisse von Horst und Chantal<\/li>\n<\/ul>\n<p>&nbsp;<\/p>\n<p>Und einiges mehr\u2026<\/p>\n<p class=\"event_address\"><strong>Termin: offen, ab 20 Uhr, Einlass 19:30<\/strong><br \/>\n<b>Dauer:<\/b> ca 2 Stunden<br \/>\n<b>Ort:<\/b> <a class=\"event_club\" href=\"http:\/\/www.g-punkt29.de\">G-Punkt Crailsheim<\/a><\/p>\n<p><b>Eintritt: <b>10<\/b>\u20ac<\/b><br \/>\n<b>Kontakt:<\/b> <a title=\"\" href=\"http:\/\/woschofius@woschofius.de\" target=\"_blank\" rel=\"noopener\">woschofius@woschofius.de<\/a>&nbsp; oder<br \/>\nAnmeldung im <a href=\"http:\/\/www.joyclub.de\/event\/519818.bdsm_comedy_lesung_crailsheim.html\">Joyclub <\/a><br \/>\nEinlass ab 18 Jahre!<\/p>\n<p>Woschofius<\/p>\n","protected":false},"excerpt":{"rendered":"<p>Diese Lesung ist meinen lustigen Erlebnissen und Geschichten gewidmet&#8230; und stellt einen Querschnitt der anderen Lesungen dar. Es sind quasi die &#8222;Best off&#8220;. BDSM ist zwar eine todernste Sache, trotzdem ist BDSM nicht v\u00f6llig spa\u00dfbefreit. Manchmal passieren unfreiwillig komische Dinge, <span class=\"excerpt-dots\">&hellip;<\/span> <a class=\"more-link\" href=\"https:\/\/www.woschofius.de\/?page_id=1422\"><span class=\"more-msg\">Weiterlesen &rarr;<\/span><\/a><\/p>\n","protected":false},"author":3,"featured_media":0,"parent":51,"menu_order":1,"comment_status":"closed","ping_status":"closed","template":"","meta":{"ngg_post_thumbnail":0,"footnotes":""},"class_list":["post-1422","page","type-page","status-publish","hentry"],"_links":{"self":[{"href":"https:\/\/www.woschofius.de\/index.php?rest_route=\/wp\/v2\/pages\/1422","targetHints":{"allow":["GET"]}}],"collection":[{"href":"https:\/\/www.woschofius.de\/index.php?rest_route=\/wp\/v2\/pages"}],"about":[{"href":"https:\/\/www.woschofius.de\/index.php?rest_route=\/wp\/v2\/types\/page"}],"author":[{"embeddable":true,"href":"https:\/\/www.woschofius.de\/index.php?rest_route=\/wp\/v2\/users\/3"}],"replies":[{"embeddable":true,"href":"https:\/\/www.woschofius.de\/index.php?rest_route=%2Fwp%2Fv2%2Fcomments&post=1422"}],"version-history":[{"count":31,"href":"https:\/\/www.woschofius.de\/index.php?rest_route=\/wp\/v2\/pages\/1422\/revisions"}],"predecessor-version":[{"id":3248,"href":"https:\/\/www.woschofius.de\/index.php?rest_route=\/wp\/v2\/pages\/1422\/revisions\/3248"}],"up":[{"embeddable":true,"href":"https:\/\/www.woschofius.de\/index.php?rest_route=\/wp\/v2\/pages\/51"}],"wp:attachment":[{"href":"https:\/\/www.woschofius.de\/index.php?rest_route=%2Fwp%2Fv2%2Fmedia&parent=1422"}],"curies":[{"name":"wp","href":"https:\/\/api.w.org\/{rel}","templated":true}]}}