{"id":1435,"date":"2014-10-21T10:31:37","date_gmt":"2014-10-21T08:31:37","guid":{"rendered":"http:\/\/www.woschofius.de\/?page_id=1435"},"modified":"2015-09-11T11:37:48","modified_gmt":"2015-09-11T09:37:48","slug":"kurzinfo-fuer-veranstalter","status":"publish","type":"page","link":"https:\/\/www.woschofius.de\/?page_id=1435","title":{"rendered":"Kurzinfo f\u00fcr Veranstalter"},"content":{"rendered":"<p><a href=\"https:\/\/www.woschofius.de\/woschofius\/wp-content\/uploads\/lesung_540.jpg\"><img loading=\"lazy\" decoding=\"async\" class=\"alignleft wp-image-599\" src=\"https:\/\/www.woschofius.de\/woschofius\/wp-content\/uploads\/lesung_540.jpg\" alt=\"lesung_540\" width=\"140\" height=\"204\" \/><\/a>Sie sind Veranstalter oder Betreiber einer Kleinkunstb\u00fchne?<br \/>\nSie sind mutig genug auch erotischen Themen Raum zu geben?<\/p>\n<p>Dann sollten wir uns kennen lernen!<\/p>\n<p>Ich bin ein multimedialer K\u00fcnstler in Sachen &#8222;Variantenreicher Erotik&#8220; und suche im deutschsprachigen Raum M\u00f6glichkeiten meine Werke vorzutragen bzw auszustellen. M\u00f6glich sind Ausstellungen und\/oder Lesungen mit kleinen Beamerpr\u00e4sentationen und Hintergrundmusik.<\/p>\n<p>Meine Referenzen sind vielseitig und ich begn\u00fcge mich hier mit einem Auszug meiner <a title=\"Vita\" href=\"https:\/\/www.woschofius.de\/?page_id=16\">VITA<\/a>.<\/p>\n<p>&nbsp;<\/p>\n<ul>\n<li>Ver\u00f6ffentichung von 2 Fotob\u00e4nden [<a title=\"Biblio\" href=\"https:\/\/www.woschofius.de\/?page_id=39\">MEHR<\/a>]<\/li>\n<li>Ver\u00f6ffentlichung mehrerer Romane und Kurzgeschichten (Print und eBook) [<a title=\"Biblio\" href=\"https:\/\/www.woschofius.de\/?page_id=39\">MEHR<\/a>]<\/li>\n<li>Ver\u00f6ffentlichung mehrerer Musik-CDs\/ MP3 [<a title=\"Audio\" href=\"https:\/\/www.woschofius.de\/?page_id=49\">MEHR<\/a>]<\/li>\n<li>Eine Vielzahl an Lesungen und diverse Ausstellungen [<a title=\"Lesung\/Ausstellung\" href=\"https:\/\/www.woschofius.de\/?page_id=51\">MEHR<\/a>]<\/li>\n<li>Fimdokumentation \u00fcber ein Jahr meines Lebens zwischen Kunst und Erotik [<a title=\"Video\/Slides\" href=\"https:\/\/www.woschofius.de\/?page_id=47\">MEHR<\/a>]<\/li>\n<\/ul>\n<p>&nbsp;<\/p>\n<p>Ich biete verschiedene Lesethemen an, fokussiere mich gerade allerdings auf meine <a title=\"BDSM Comedy Lesung\" href=\"https:\/\/www.woschofius.de\/?page_id=1422\">BDSM-Comedy-Lesung<\/a>. Diese Programm dauert etwa 2 Stunden und ist eine Aneinandereihung wahrer Erlebnisse, realit\u00e4tsnaher Gedanken und Fantasien.<\/p>\n<p>BDSM ist zwar eine todernste Sache, trotzdem ist BDSM nicht v\u00f6llig spa\u00dfbefreit. Manchmal passieren unfreiwillig komische Dinge, ein anderes Mal l\u00e4uft es nicht so wie geplant, manchmal zeigt sich die ganze Tragik des menschlichen Seins und wie in jeder Subkultur gibt es auch viele, seltsam anmutende Rituale.<br \/>\nMit dieser Lesung plane ich 2015\/16 auch auf eine kleine Tournee zu gehen.<br \/>\nUnter anderem schildere ich:<\/p>\n<ul>\n<li>Wie ein SM-Fotoshooting bei mir wirklich abl\u00e4uft<\/li>\n<li>Warum Parkplatzsex nicht immer so abl\u00e4uft wie man denkt<\/li>\n<li>Wie ein spezieller Roomservice aussieht<\/li>\n<li>Wie der Anruf bei der Domina-Hotline war<\/li>\n<li>Wie schwer wir M\u00e4nner es doch haben<\/li>\n<li>Wie Weihnachtsm\u00e4nner in Depression verfallen<\/li>\n<li>Was ich am Polarkreis erlebte<\/li>\n<li>Wie mein erstes SM-Date ablief<\/li>\n<li>Was Twitterotics sind<\/li>\n<li>Warum guter Sex schmutzig ist.<\/li>\n<li>Was beim Tattoo Stechen so passiert.<\/li>\n<\/ul>\n<p>Und einiges mehr\u2026<\/p>\n<p>Bitte beachten Sie, dass ich nicht in Rahmen von Partys und Fetischevents lese, sondern nur auf Kulturveranstaltungen und im entsprechenden Rahmen.<\/p>\n<p>Habe ich Ihr Interesse geweckt?<\/p>\n<p>Dann nehmen Sie bitte mit mir Kontakt auf unter <a href=\"mailto:woschofius@woschofius.de\">woschofius@woschofius.de<\/a><br \/>\nGerne \u00fcbermittle ich dann Leseproben.<\/p>\n<p>&nbsp;<\/p>\n<p>Woschofius<\/p>\n","protected":false},"excerpt":{"rendered":"<p>Sie sind Veranstalter oder Betreiber einer Kleinkunstb\u00fchne? Sie sind mutig genug auch erotischen Themen Raum zu geben? Dann sollten wir uns kennen lernen! Ich bin ein multimedialer K\u00fcnstler in Sachen &#8222;Variantenreicher Erotik&#8220; und suche im deutschsprachigen Raum M\u00f6glichkeiten meine Werke <span class=\"excerpt-dots\">&hellip;<\/span> <a class=\"more-link\" href=\"https:\/\/www.woschofius.de\/?page_id=1435\"><span class=\"more-msg\">Weiterlesen &rarr;<\/span><\/a><\/p>\n","protected":false},"author":3,"featured_media":0,"parent":51,"menu_order":0,"comment_status":"closed","ping_status":"closed","template":"","meta":{"ngg_post_thumbnail":0,"footnotes":""},"class_list":["post-1435","page","type-page","status-publish","hentry"],"_links":{"self":[{"href":"https:\/\/www.woschofius.de\/index.php?rest_route=\/wp\/v2\/pages\/1435","targetHints":{"allow":["GET"]}}],"collection":[{"href":"https:\/\/www.woschofius.de\/index.php?rest_route=\/wp\/v2\/pages"}],"about":[{"href":"https:\/\/www.woschofius.de\/index.php?rest_route=\/wp\/v2\/types\/page"}],"author":[{"embeddable":true,"href":"https:\/\/www.woschofius.de\/index.php?rest_route=\/wp\/v2\/users\/3"}],"replies":[{"embeddable":true,"href":"https:\/\/www.woschofius.de\/index.php?rest_route=%2Fwp%2Fv2%2Fcomments&post=1435"}],"version-history":[{"count":11,"href":"https:\/\/www.woschofius.de\/index.php?rest_route=\/wp\/v2\/pages\/1435\/revisions"}],"predecessor-version":[{"id":2086,"href":"https:\/\/www.woschofius.de\/index.php?rest_route=\/wp\/v2\/pages\/1435\/revisions\/2086"}],"up":[{"embeddable":true,"href":"https:\/\/www.woschofius.de\/index.php?rest_route=\/wp\/v2\/pages\/51"}],"wp:attachment":[{"href":"https:\/\/www.woschofius.de\/index.php?rest_route=%2Fwp%2Fv2%2Fmedia&parent=1435"}],"curies":[{"name":"wp","href":"https:\/\/api.w.org\/{rel}","templated":true}]}}