{"id":149,"date":"2013-10-20T13:32:54","date_gmt":"2013-10-20T11:32:54","guid":{"rendered":"http:\/\/www.woschofius.de\/woschofius\/?page_id=149"},"modified":"2025-03-27T08:09:18","modified_gmt":"2025-03-27T07:09:18","slug":"bondage","status":"publish","type":"page","link":"https:\/\/www.woschofius.de\/?page_id=149","title":{"rendered":"Bondage"},"content":{"rendered":"<p><i><span style=\"color: #3366ff;\">&#8222;Es binden Sklavenfesseln nur die H\u00e4nde. Der Sinn, er macht den Freien und den Knecht.&#8220;<\/span><br \/>\n<span style=\"color: #3366ff;\">&#8211; Franz Grillparzer<\/span> <\/i><\/p>\n<p>Und hier Bilder (m)einer Leidenschaft &#8211; Bondage oder auch Shibari.<br \/>\nDie Kunst des Verschn\u00fcrens, des bewegungslos Machens und des Hingabe Forderns.<\/p>\n<p><b>Shibari<\/b>, auch als <b>Japan-Bondage<\/b> bekannt, ist eine erotische Kunst des Fesselns, die sich in Japan aus der traditionellen milit\u00e4rischen Fesselkunst Hoj\u014djutsu entwickelt hat.<br \/>\nIm Gegensatz zum westlichen Bondage dient die Fesselung beim Shibari nicht ausschlie\u00dflich der Immobilisierung. Sie kann auch \u00e4sthetische Formen annehmen und so eine Art Kunstwerk schaffen. In Japan selbst spricht man in diesem Zusammenhang h\u00e4ufig von <b>Kinbaku<\/b>.<\/p>\n<p>&nbsp;<\/p>\n<p>Mehr dazu auf <a title=\"\" href=\"http:\/\/de.wikipedia.org\/wiki\/Shibari\" target=\"_blank\" rel=\"noopener noreferrer\">Wikipedia<\/a>.<\/p>\nngg_shortcode_0_placeholder\n","protected":false},"excerpt":{"rendered":"<p>&#8222;Es binden Sklavenfesseln nur die H\u00e4nde. Der Sinn, er macht den Freien und den Knecht.&#8220; &#8211; Franz Grillparzer Und hier Bilder (m)einer Leidenschaft &#8211; Bondage oder auch Shibari. Die Kunst des Verschn\u00fcrens, des bewegungslos Machens und des Hingabe Forderns. Shibari, <span class=\"excerpt-dots\">&hellip;<\/span> <a class=\"more-link\" href=\"https:\/\/www.woschofius.de\/?page_id=149\"><span class=\"more-msg\">Weiterlesen &rarr;<\/span><\/a><\/p>\n","protected":false},"author":3,"featured_media":0,"parent":37,"menu_order":2,"comment_status":"closed","ping_status":"closed","template":"","meta":{"ngg_post_thumbnail":0,"footnotes":""},"class_list":["post-149","page","type-page","status-publish","hentry"],"_links":{"self":[{"href":"https:\/\/www.woschofius.de\/index.php?rest_route=\/wp\/v2\/pages\/149","targetHints":{"allow":["GET"]}}],"collection":[{"href":"https:\/\/www.woschofius.de\/index.php?rest_route=\/wp\/v2\/pages"}],"about":[{"href":"https:\/\/www.woschofius.de\/index.php?rest_route=\/wp\/v2\/types\/page"}],"author":[{"embeddable":true,"href":"https:\/\/www.woschofius.de\/index.php?rest_route=\/wp\/v2\/users\/3"}],"replies":[{"embeddable":true,"href":"https:\/\/www.woschofius.de\/index.php?rest_route=%2Fwp%2Fv2%2Fcomments&post=149"}],"version-history":[{"count":7,"href":"https:\/\/www.woschofius.de\/index.php?rest_route=\/wp\/v2\/pages\/149\/revisions"}],"predecessor-version":[{"id":3338,"href":"https:\/\/www.woschofius.de\/index.php?rest_route=\/wp\/v2\/pages\/149\/revisions\/3338"}],"up":[{"embeddable":true,"href":"https:\/\/www.woschofius.de\/index.php?rest_route=\/wp\/v2\/pages\/37"}],"wp:attachment":[{"href":"https:\/\/www.woschofius.de\/index.php?rest_route=%2Fwp%2Fv2%2Fmedia&parent=149"}],"curies":[{"name":"wp","href":"https:\/\/api.w.org\/{rel}","templated":true}]}}