{"id":153,"date":"2013-10-20T13:35:51","date_gmt":"2013-10-20T11:35:51","guid":{"rendered":"http:\/\/www.woschofius.de\/woschofius\/?page_id=153"},"modified":"2020-08-14T08:59:55","modified_gmt":"2020-08-14T06:59:55","slug":"projektionen","status":"publish","type":"page","link":"https:\/\/www.woschofius.de\/?page_id=153","title":{"rendered":"Projektionen"},"content":{"rendered":"<p>Folie, Tape, Transparenz&nbsp;und Projektionen &#8230; das Model nackt und doch liegt das Material wie eine zweite Haut am K\u00f6rper.<br \/>\nBondagetapes umschlingen sie, Folien machen aus ihr ein Objekt,&#8230; das Model tanzt, w\u00e4hrend ein Luftstrom die durchsichtigen Schleier an ihren K\u00f6rper presst&#8230;<br \/>\nProjektionen umschmeicheln den K\u00f6rper und formen ihn nach. Streifen legen sich auf die wei\u00dfe Haut des Models und modellieren ihn.<\/p>\n<p>Diese Motive sind auch Teil meiner Workshops.<\/p>\n<p>&nbsp;<\/p>\nngg_shortcode_0_placeholder\n","protected":false},"excerpt":{"rendered":"<p>Folie, Tape, Transparenz&nbsp;und Projektionen &#8230; das Model nackt und doch liegt das Material wie eine zweite Haut am K\u00f6rper. Bondagetapes umschlingen sie, Folien machen aus ihr ein Objekt,&#8230; das Model tanzt, w\u00e4hrend ein Luftstrom die durchsichtigen Schleier an ihren K\u00f6rper <span class=\"excerpt-dots\">&hellip;<\/span> <a class=\"more-link\" href=\"https:\/\/www.woschofius.de\/?page_id=153\"><span class=\"more-msg\">Weiterlesen &rarr;<\/span><\/a><\/p>\n","protected":false},"author":3,"featured_media":0,"parent":37,"menu_order":6,"comment_status":"closed","ping_status":"closed","template":"","meta":{"ngg_post_thumbnail":0,"footnotes":""},"class_list":["post-153","page","type-page","status-publish","hentry"],"_links":{"self":[{"href":"https:\/\/www.woschofius.de\/index.php?rest_route=\/wp\/v2\/pages\/153","targetHints":{"allow":["GET"]}}],"collection":[{"href":"https:\/\/www.woschofius.de\/index.php?rest_route=\/wp\/v2\/pages"}],"about":[{"href":"https:\/\/www.woschofius.de\/index.php?rest_route=\/wp\/v2\/types\/page"}],"author":[{"embeddable":true,"href":"https:\/\/www.woschofius.de\/index.php?rest_route=\/wp\/v2\/users\/3"}],"replies":[{"embeddable":true,"href":"https:\/\/www.woschofius.de\/index.php?rest_route=%2Fwp%2Fv2%2Fcomments&post=153"}],"version-history":[{"count":4,"href":"https:\/\/www.woschofius.de\/index.php?rest_route=\/wp\/v2\/pages\/153\/revisions"}],"predecessor-version":[{"id":3086,"href":"https:\/\/www.woschofius.de\/index.php?rest_route=\/wp\/v2\/pages\/153\/revisions\/3086"}],"up":[{"embeddable":true,"href":"https:\/\/www.woschofius.de\/index.php?rest_route=\/wp\/v2\/pages\/37"}],"wp:attachment":[{"href":"https:\/\/www.woschofius.de\/index.php?rest_route=%2Fwp%2Fv2%2Fmedia&parent=153"}],"curies":[{"name":"wp","href":"https:\/\/api.w.org\/{rel}","templated":true}]}}