{"id":155,"date":"2013-10-20T13:36:45","date_gmt":"2013-10-20T11:36:45","guid":{"rendered":"http:\/\/www.woschofius.de\/woschofius\/?page_id=155"},"modified":"2020-08-14T09:00:23","modified_gmt":"2020-08-14T07:00:23","slug":"slots","status":"publish","type":"page","link":"https:\/\/www.woschofius.de\/?page_id=155","title":{"rendered":"Slots"},"content":{"rendered":"<p><i><span style=\"color: #3366ff;\">&#8222;Es sind nicht alle Huren, die einem Manne zu Willen sind.&#8220;<\/span><br \/>\n<span style=\"color: #3366ff;\">&#8211; unbekannt<\/span><br \/>\n<\/i><\/p>\n<p><a href=\"https:\/\/www.woschofius.de\/woschofius\/wp-content\/uploads\/slot19a1.jpg\"><img loading=\"lazy\" decoding=\"async\" class=\"alignleft wp-image-462\" src=\"https:\/\/www.woschofius.de\/woschofius\/wp-content\/uploads\/slot19a1.jpg\" alt=\"slot19a\" width=\"123\" height=\"183\" srcset=\"https:\/\/www.woschofius.de\/wp-content\/uploads\/slot19a1.jpg 419w, https:\/\/www.woschofius.de\/wp-content\/uploads\/slot19a1-201x300.jpg 201w\" sizes=\"auto, (max-width: 123px) 100vw, 123px\" \/><\/a>K\u00f6rper ohne Gesichter&#8230;<br \/>\nDas Innerste nach Au\u00dfen gekehrt&#8230;<br \/>\nK\u00f6rperlich&#8230;<br \/>\nSeelisch&#8230;<br \/>\nGe\u00f6ffnet und nackt&#8230;<br \/>\nBlosgestellt&#8230;<br \/>\nDas Gesicht verborgen&#8230;<br \/>\nDie Augen schauen Dich an&#8230;<br \/>\nMit ihren Worten geben sie etwas von sich preis.<\/p>\n<p>&nbsp;<\/p>\n<p>Es begann am 01.01.2011&#8230;<\/p>\nngg_shortcode_0_placeholder\n","protected":false},"excerpt":{"rendered":"<p>&#8222;Es sind nicht alle Huren, die einem Manne zu Willen sind.&#8220; &#8211; unbekannt K\u00f6rper ohne Gesichter&#8230; Das Innerste nach Au\u00dfen gekehrt&#8230; K\u00f6rperlich&#8230; Seelisch&#8230; Ge\u00f6ffnet und nackt&#8230; Blosgestellt&#8230; Das Gesicht verborgen&#8230; Die Augen schauen Dich an&#8230; Mit ihren Worten geben sie <span class=\"excerpt-dots\">&hellip;<\/span> <a class=\"more-link\" href=\"https:\/\/www.woschofius.de\/?page_id=155\"><span class=\"more-msg\">Weiterlesen &rarr;<\/span><\/a><\/p>\n","protected":false},"author":3,"featured_media":0,"parent":37,"menu_order":8,"comment_status":"closed","ping_status":"closed","template":"","meta":{"ngg_post_thumbnail":0,"footnotes":""},"class_list":["post-155","page","type-page","status-publish","hentry"],"_links":{"self":[{"href":"https:\/\/www.woschofius.de\/index.php?rest_route=\/wp\/v2\/pages\/155","targetHints":{"allow":["GET"]}}],"collection":[{"href":"https:\/\/www.woschofius.de\/index.php?rest_route=\/wp\/v2\/pages"}],"about":[{"href":"https:\/\/www.woschofius.de\/index.php?rest_route=\/wp\/v2\/types\/page"}],"author":[{"embeddable":true,"href":"https:\/\/www.woschofius.de\/index.php?rest_route=\/wp\/v2\/users\/3"}],"replies":[{"embeddable":true,"href":"https:\/\/www.woschofius.de\/index.php?rest_route=%2Fwp%2Fv2%2Fcomments&post=155"}],"version-history":[{"count":5,"href":"https:\/\/www.woschofius.de\/index.php?rest_route=\/wp\/v2\/pages\/155\/revisions"}],"predecessor-version":[{"id":3150,"href":"https:\/\/www.woschofius.de\/index.php?rest_route=\/wp\/v2\/pages\/155\/revisions\/3150"}],"up":[{"embeddable":true,"href":"https:\/\/www.woschofius.de\/index.php?rest_route=\/wp\/v2\/pages\/37"}],"wp:attachment":[{"href":"https:\/\/www.woschofius.de\/index.php?rest_route=%2Fwp%2Fv2%2Fmedia&parent=155"}],"curies":[{"name":"wp","href":"https:\/\/api.w.org\/{rel}","templated":true}]}}