{"id":158,"date":"2013-10-20T13:40:35","date_gmt":"2013-10-20T11:40:35","guid":{"rendered":"http:\/\/www.woschofius.de\/woschofius\/?page_id=158"},"modified":"2022-02-28T07:49:46","modified_gmt":"2022-02-28T06:49:46","slug":"hoellentor","status":"publish","type":"page","link":"https:\/\/www.woschofius.de\/?page_id=158","title":{"rendered":"H\u00f6llentor"},"content":{"rendered":"<p><a href=\"https:\/\/www.woschofius.de\/woschofius\/wp-content\/uploads\/9783934521308.jpg\"><img loading=\"lazy\" decoding=\"async\" class=\"alignleft size-full wp-image-470\" src=\"https:\/\/www.woschofius.de\/woschofius\/wp-content\/uploads\/9783934521308.jpg\" alt=\"9783934521308\" width=\"288\" height=\"400\"><\/a>Circa 90 Fotografien und eine fantastisch-erotische Novelle nehmen den Faden des <a href=\"https:\/\/www.woschofius.de\/?page_id=171\">&#8222;Luzidus&#8220;<\/a> erneut auf, ohne eine Fortsetzung zu sein.<br \/>\nZur Geschichte: Luzidus findet ein seltsames Tor&#8230; Ein F\u00e4hrmann hatte ihn zu einer Insel gebracht.<br \/>\nWarum? Er wei\u00df es nicht.<br \/>\nDas Tor besteht aus schwarzem Stein und es ist mit einer Vielzahl von Figuren \u00fcbers\u00e4ht. Teufel, Narren, gequ\u00e4lte Menschen, Engel, H\u00f6llenfeuer, Gargoyles &#8230; Apokalyptische Reiter verspr\u00fchen Angst und Schrecken.<br \/>\nEs macht ihm Angst und trotzdem muss er es \u00f6ffnen&#8230; und er erlebt Dinge die f\u00fcr ihn nicht ertr\u00e4glich sind &#8230; er flieht &#8230; doch die Neugierde ist st\u00e4rker&#8230; Er wird Teil eines Schachspiels, trifft ein Orakel, wird von erotischen Erlebnissen und Fantasien \u00fcberw\u00e4ltigt und etwas in ihm ver\u00e4ndert sich.<br \/>\nDieses Konzept hat sich auch in einem MP3 Download niedergeschlagen, der parallel dazu entstanden ist. Die K\u00e4ufer der Buches haben die M\u00f6glichkeit die Musik <a title=\"Hinter dem Tor\" href=\"https:\/\/www.woschofius.de\/?page_id=501\">HIER <\/a>kostenlos downzuloaden. Hierzu sind im Buch die Zugangsdaten zum geschlossenen Bereich eingedruckt.<\/p>\n<p>Die Printversion ist leider ausverkauft, aber die Geschichten findet ihr auf dem eBook <a href=\"https:\/\/www.amazon.de\/dp\/B00IDF6JX6\">LUZIDUS<\/a>.<\/p>\n<p>&nbsp;<\/p>\n<p><a href=\"http:\/\/www.amazon.de\/Das-H%C3%B6llentor-andere-feine-Zyklen\/dp\/3934521304\/ref=sr_1_1?ie=UTF8&amp;qid=1289336238&amp;sr=8-1\">Druckversion&nbsp;<\/a> &nbsp;&nbsp;&nbsp;&nbsp;&nbsp;&nbsp; <a href=\"http:\/\/www.amazon.de\/s\/ref=nb_sb_noss?__mk_de_DE=%C3%85M%C3%85%C5%BD%C3%95%C3%91&amp;url=search-alias%3Daps&amp;field-keywords=B00IDF6JX6\"><br \/>\n<\/a><a href=\"http:\/\/www.amazon.de\/Das-H%C3%B6llentor-andere-feine-Zyklen\/dp\/3934521304\/ref=sr_1_1?ie=UTF8&amp;qid=1289336238&amp;sr=8-1\"><img loading=\"lazy\" decoding=\"async\" class=\"alignleft wp-image-473\" src=\"https:\/\/www.woschofius.de\/woschofius\/wp-content\/uploads\/9783934521308.jpg\" alt=\"9783934521308\" width=\"113\" height=\"154\"><\/a><\/p>\n<div>&nbsp;<\/div>\n<div>&nbsp;<\/div>\n<div>&nbsp;<\/div>\n<div>&nbsp;<\/div>\n<div>&nbsp;<\/div>\n<div>&nbsp;<\/div>\n<div>&nbsp;<\/div>\n<div>&nbsp;<\/div>\n<h4>Impressionen<\/h4>\n<ul>\n<li><a title=\"Video\/Slides\" href=\"https:\/\/www.woschofius.de\/?page_id=47\">Dia-Trailer mit Musik<\/a><\/li>\n<li><a href=\"https:\/\/www.woschofius.de\/?page_id=185\">MP3-Schnipsel<\/a><\/li>\n<li><a title=\"Visio\" href=\"https:\/\/www.woschofius.de\/?page_id=37\">Fotografien<\/a><\/li>\n<li>&#8222;H\u00f6llentor&#8220; auf <a href=\"https:\/\/www.facebook.com\/pages\/Das-H%C3%B6llentor\/600824430046944\">Facebook<\/a><\/li>\n<\/ul>\n<div>&nbsp;<\/div>\n<p><a href=\"https:\/\/www.woschofius.de\/woschofius\/wp-content\/uploads\/tor.jpg\"><img loading=\"lazy\" decoding=\"async\" class=\"alignleft size-full wp-image-474\" src=\"https:\/\/www.woschofius.de\/woschofius\/wp-content\/uploads\/tor.jpg\" alt=\"tor\" width=\"203\" height=\"279\"><\/a>Zu meinem H\u00f6llentor wurde ich durch Rodin&#8217;s H\u00f6llentor inspiriert.<br \/>\nDaher auch das Foto dieses genialen Kunstwerks. Das Foto entstand auf einer Recherchereise durch Frankreich auf den Spuren des Marquis de Sade f\u00fcr den Roman &#8222;Tortura Insomniae&#8220;.<\/p>\n<p>Das Tor ist circa 5 Meter hoch und 3 Meter breit.<\/p>\n<p>Man ist sprachlos wenn man es sieht und w\u00fcrde am Liebsten hindurch gehen&#8230; Es l\u00e4\u00dft sich allerdings nicht \u00f6ffnen.<\/p>\n<p>Au\u00dfer in meiner Novelle&#8230;.<\/p>\n","protected":false},"excerpt":{"rendered":"<p>Circa 90 Fotografien und eine fantastisch-erotische Novelle nehmen den Faden des &#8222;Luzidus&#8220; erneut auf, ohne eine Fortsetzung zu sein. Zur Geschichte: Luzidus findet ein seltsames Tor&#8230; Ein F\u00e4hrmann hatte ihn zu einer Insel gebracht. Warum? Er wei\u00df es nicht. Das <span class=\"excerpt-dots\">&hellip;<\/span> <a class=\"more-link\" href=\"https:\/\/www.woschofius.de\/?page_id=158\"><span class=\"more-msg\">Weiterlesen &rarr;<\/span><\/a><\/p>\n","protected":false},"author":3,"featured_media":0,"parent":39,"menu_order":2,"comment_status":"closed","ping_status":"closed","template":"","meta":{"ngg_post_thumbnail":0,"footnotes":""},"class_list":["post-158","page","type-page","status-publish","hentry"],"_links":{"self":[{"href":"https:\/\/www.woschofius.de\/index.php?rest_route=\/wp\/v2\/pages\/158","targetHints":{"allow":["GET"]}}],"collection":[{"href":"https:\/\/www.woschofius.de\/index.php?rest_route=\/wp\/v2\/pages"}],"about":[{"href":"https:\/\/www.woschofius.de\/index.php?rest_route=\/wp\/v2\/types\/page"}],"author":[{"embeddable":true,"href":"https:\/\/www.woschofius.de\/index.php?rest_route=\/wp\/v2\/users\/3"}],"replies":[{"embeddable":true,"href":"https:\/\/www.woschofius.de\/index.php?rest_route=%2Fwp%2Fv2%2Fcomments&post=158"}],"version-history":[{"count":19,"href":"https:\/\/www.woschofius.de\/index.php?rest_route=\/wp\/v2\/pages\/158\/revisions"}],"predecessor-version":[{"id":3235,"href":"https:\/\/www.woschofius.de\/index.php?rest_route=\/wp\/v2\/pages\/158\/revisions\/3235"}],"up":[{"embeddable":true,"href":"https:\/\/www.woschofius.de\/index.php?rest_route=\/wp\/v2\/pages\/39"}],"wp:attachment":[{"href":"https:\/\/www.woschofius.de\/index.php?rest_route=%2Fwp%2Fv2%2Fmedia&parent=158"}],"curies":[{"name":"wp","href":"https:\/\/api.w.org\/{rel}","templated":true}]}}