{"id":16,"date":"2013-10-18T15:24:50","date_gmt":"2013-10-18T13:24:50","guid":{"rendered":"http:\/\/www.woschofius.de\/woschofius\/?page_id=16"},"modified":"2025-03-27T08:01:05","modified_gmt":"2025-03-27T07:01:05","slug":"16-2","status":"publish","type":"page","link":"https:\/\/www.woschofius.de\/?page_id=16","title":{"rendered":"Vita"},"content":{"rendered":"<p>Guten Tag verehrter Leser,<\/p>\n<p>Willkommen in meiner Welt.<br \/>\nIch bin ein multimedialer K\u00fcnstler, der sich der dunklen Erotik verschrieben hat.<br \/>\nErotik und vor allen Dingen BDSM fasziniert mich schon seit meiner Jugend. Aus dieser Faszination habe ich eine Passion gemacht. Ich fotografiere, schreibe SM Romane\/Lyrik und arrangiere Sessionmusik.<br \/>\nBDSM ist f\u00fcr mich DIE Kunstform der Erotik, da es unendlich viele Stilmittel und M\u00f6glichkeiten gibt, seine Lust auszudr\u00fccken&#8230; und immer wieder fasziniert mich die Energie, die dabei flie\u00dft. SM-Praktiken haben f\u00fcr mich keinen Selbstzweck, sondern sind lediglich der Weg, das Innerste meines Gegen\u00fcbers zu erleben&#8230; um gemeinsam wegzufliegen.<br \/>\nWer SM mit Gewalt zusammenbringt hat nichts verstanden.<\/p>\n<p>Geschichten sind Abl\u00e4ufe an denen man sich entlanghangeln kann um in die Gedankenwelt des Protagonisten und Autors einzudringen. Fotografien sind Momentaufnahmen des Lebens und doch hat manches Bild mehr Inhalt als ein ganzer Film. Die Fantasie f\u00fcllt das Bild mit Emotionen und macht daraus eine kleine Episode. Man sieht vor dem geistigen Auge das &#8222;Davor&#8220; und auch das &#8222;Danach&#8220;. Das Bild beginnt zu LEBEN&#8230;. und dieses Leben fasziniert mich schon seit meiner Jugend.<\/p>\n<p>Zuerst durch die Malerei und heute durch die Musik, Fotografie und Literatur versuche ich Geschichten zu erz\u00e4hlen. Manchmal ist das Foto der Beginn einer Geschichte, ein anderes Mal das Ende. Wie ist das &#8222;Objekt der Begierde&#8220; in diese Situation gekommen? Oder wie geht es weiter? Erotik und Sex sind die st\u00e4rksten Triebfedern des Menschen. Es wurden Kriege gefochten, Morde begangen, Suizide fanden statt, nur um Gel\u00fcste zu befriedigen oder aus Liebeskummer. Troja versank im Staub wegen Helena und die Nitribit wurde Opfer der Politik. Was liegt daher n\u00e4her, als Fotografie und Erotik zu verbinden?<br \/>\nErotik ist die Kunstform der Liebe. Sie hat viele Facetten; und wie in der Malerei gibt es auch viele verschiedene Stile, die auch aus anderen Kunstformen entnommen wurden. Der Tanz, die Lyrik, die Musik, die Z\u00e4rtlichkeit, aber auch die bunte Facette der Homosexualit\u00e4t, Queers und der Fetischismus und Sado- Masochismus sind Kunststile der Erotik.<br \/>\nDie Farbe Schwarz symbolisiert das Dunkle und B\u00f6se und doch ist SCHWARZ sehr BUNT. Einige meine Bilder zeigen diese Buntheit. Es geht nicht um Schmerz, Dem\u00fctigung und Gewalt in meinen Bildern, sondern um das gemeinsame Erleben, &#8230; des sich Fallenlassens und des aufgefangen Werdens. Dabei ist der Schmerz niemals das Ziel selbst, sondern nur der Weg zu etwas H\u00f6herem&#8230; der psychischen Vereinigung zweier Menschen. Dazu bedarf es Vertrauen und Hingabef\u00e4higkeit.<br \/>\nAber letztendlich zeigen die Bilder immer das, was der Betrachter darin sieht.<\/p>\n<p>Motiv, Licht und Schatten, Emotion, Bereitschaft sich zu \u00f6ffnen und der Zufall sind die Eckpfeiler einer gelungenen Fotografie und nicht all zu oft passt dies alles zusammen. Man muss Kompromisse schlie\u00dfen, &#8230; mit sich selbst und dem Foto.<br \/>\nDieser Kompromiss verbindet den Fotografen mit dem Bild. Aber auch das Verh\u00e4ltnis zwischen Fotograf und Modell ist wichtig. Vertrauen ist der Weg zu einem guten Bild &#8230; und nat\u00fcrlich der Spa\u00df. Viele meiner Fotos wirken hart oder auch gewaltt\u00e4tig. Sie sind es aber nicht. Bilder sind visuelle Reizgeber. Sie erz\u00e4hlen Geschichten, &#8230; genau so wie es auch die Musik und nat\u00fcrlich die Literatur macht. Mein wachsendes Gesamtwerk sollte daher nicht nur die Fotografie, sondern auch die Musik und Literatur umfassen. Musik schreibt Bilder in die Seele, du schlie\u00dft die Augen und deine Fantasie treibt dich irgendwo hin. Die Musik ist eingefangene Stimmung aus meinem Leben &#8230; ausgewogen, in sich ruhend &#8230; vielleicht etwas d\u00fcster, aber voller positiver Energie.<br \/>\nMeine Werke beschreiben eine andere Welt &#8230; meine Welt. Es ist eine sch\u00f6ne Welt, voller Emotionen und voller Liebe, auch wenn sich dies auf den ersten Blick nicht jedem erschlie\u00dft. Ich finde dort meine Ruhe &#8230; und diese Ruhe spiegelt sich auch darin wieder.<br \/>\nIch wei\u00df nicht, wozu mich das Leben noch inspirieren wird, ich hoffe aber, dass es mir und allen anderen viel Spa\u00df machen wird&#8230;<\/p>\n<h3>&nbsp;Curriculum Vitae<\/h3>\n<p>Geburt in der N\u00e4he von Stuttgart.<br \/>\n<b>&#8211; 1985<\/b> Studium der Feinwerktechnik.<br \/>\n<b>1988<\/b> Zeichenstudien zur gewaltorientierter Sexualit\u00e4t, erste Gedichte<br \/>\n<b>1995<\/b> Zugang zur SM- und Fetischszene<br \/>\n<b>1998<\/b> Erste Fetisch- Aufnahmen<\/p>\n<p><strong>1999<\/strong><\/p>\n<ul>\n<li>Ver\u00f6ffentlichung des Romans \u201eTortura Fortunae\u201c<\/li>\n<li>Ver\u00f6ffentlichung in verschiedenen Zeitschriften<\/li>\n<li>Ver\u00f6ffentlichung der Musik CD \u201eDer Marquis\u201c mit erotischen Klangcollagen<\/li>\n<\/ul>\n<p><strong>2000 &#8211; 2001<\/strong><\/p>\n<ul>\n<li>Ver\u00f6ffentlichung eines Fotos in den B\u00f6sen Geschichten Nr.8, Charon Verlag<\/li>\n<li>Einige Werbefotografien f\u00fcr Dominas<\/li>\n<li>Ver\u00f6ffentlichung von zwei Fotos in den B\u00f6sen Geschichten Nr.9, Charon Verlag<\/li>\n<li>Coverbild <a title=\"\" href=\"..\/images\/sz67.jpg\">&#8222;Schlagzeilen 61&#8220;<\/a><\/li>\n<li>Erste Online- Ausstellung im Internet.<\/li>\n<li>Erste Ausstellung in Stetten am kalten Markt.<\/li>\n<\/ul>\n<p><strong>2002<\/strong><\/p>\n<ul>\n<li>Ver\u00f6ffentlichung eines Fotos in den B\u00f6sen Geschichten Nr.11, Charon Verlag<\/li>\n<li>Einige Online- Ausstellungen<\/li>\n<li>Ausstellung in der Galerie Nieser\/ Stuttgart vom 19. Januar bis 5. M\u00e4rz<\/li>\n<li>Weitere kleine Ausstellungen im Rahmen von Fetisch- Events<\/li>\n<li>Ver\u00f6ffentlichung des Bildbandes &#8222;Der Luzidus&#8220;<\/li>\n<li>Ausstellung in der Galerie Zeroarts in Stuttgart<\/li>\n<li>Ausstellung in K\u00f6ln (no Limits)<\/li>\n<li>Ver\u00f6ffentlichung im &#8222;Schwulst&#8220;- Magazin und im Club Caprice<\/li>\n<li>Fotoausstellung anl\u00e4sslich der &#8222;Night of culture and pain&#8220;<\/li>\n<li>Coverfoto f\u00fcr <a title=\"\" href=\"..\/images\/graefin.jpg\">&#8222;Im Banne der Gr\u00e4fin&#8220;<\/a> des Marterpfahl-Verlages<\/li>\n<\/ul>\n<p><b>2003<\/b><\/p>\n<ul>\n<li>Ver\u00f6ffentlichung der Musik CD &#8222;Purgatorium&#8220;<\/li>\n<li>Ausstellung und Lesung auf dem Wave-Gothic-Treffen in Leipzig<\/li>\n<li>Herausgabe eine Fetischfoto- Kalenders f\u00fcr das Jahr 2004<\/li>\n<li>Coverfoto f\u00fcr <a title=\"\" href=\"..\/images\/lustvolle.jpg\">&#8222;Lustvolle Unterwerfung&#8220;<\/a> von Arne Hoffmann\/ Marterpfahl-Verlag<\/li>\n<li>Ver\u00f6ffentlichung von vier Fotos in den B\u00f6sen Geschichten Nr.12 und 13, Charon Verlag<\/li>\n<\/ul>\n<p><b>2004<\/b><\/p>\n<ul>\n<li>Die SM-Dokumentation \u00fcber mein Leben l\u00e4uft in den Kinos an<\/li>\n<li>Ausstellung und Lesung im Lasziv\/ Berlin<\/li>\n<li>Diverse Ver\u00f6ffentlichungen in den &#8222;Schlagzeilen&#8220;<\/li>\n<li>Ver\u00f6ffentlichung in der &#8222;Fetish Photo Anthology 4&#8220; des Secret Magazin<\/li>\n<li>Bericht \u00fcber mich im Fetisch Magazin &#8222;Marquis&#8220; und in den SM-News<\/li>\n<li>Musik CD &#8222;Mondges\u00e4nge&#8220; erscheint Coverfoto f\u00fcr den Film <a title=\"\" href=\"..\/images\/ssc2.jpg\">&#8222;Safe, sane, consensual&#8220;<\/a><\/li>\n<li>Die Musik CD &#8222;Die 7 Tods\u00fcnden von Carlos Peron mit einem Text von mir werden ver\u00f6ffentlicht. Das dazugeh\u00f6rende Buch mit Fotografien von mir folgt in 2005.<\/li>\n<li>Illustration von der Musik CD &#8222;La salle blanche&#8220; von Carlos Peron<br \/>\n<b><\/b><\/li>\n<\/ul>\n<p><b>2005<\/b><\/p>\n<ul>\n<li>Kolumnist f\u00fcr das Gothic Magazin Ausgabe 48-52<\/li>\n<li>Fotoillustration f\u00fcr das Buch <a title=\"\" href=\"..\/images\/zaehmung.jpg\">&#8222;Des Widerspenstigen Z\u00e4hmung&#8220;<\/a> von R.Happ\/ Marterpfahl-Verlag<\/li>\n<li>Ver\u00f6ffentlichung eines Fotos in den B\u00f6sen Geschichten Nr.16, Charon Verlag<\/li>\n<\/ul>\n<p><b>2006<\/b><\/p>\n<ul>\n<li>Fotover\u00f6ffentlichungen in den &#8222;B\u00f6sen Geschichten&#8220; Nr. 18,<\/li>\n<li>Mein Roman &#8222;Tortura Insomniae&#8220; erscheint<\/li>\n<\/ul>\n<p><b>2007<\/b><\/p>\n<ul>\n<li>Fotover\u00f6ffentlichungen im Bildband &#8222;Fetish&#8220; des Feierabendverlages<\/li>\n<li>Ausstellung am 06.07. in K\u00f6ln (Zeit der Kirschen) auf der Gala der Sinne<\/li>\n<li>Bericht im Fet-X, Ausgabe 4, August 2007<\/li>\n<li>Fotover\u00f6ffentlichungen im Fotoband &#8222;Fetish Photo Anthology 5&#8220; des Secret Verlages<\/li>\n<li>Ver\u00f6ffentlichung von vier Fotos in den B\u00f6sen Geschichten Nr.20 und 21, Charon Verlag<\/li>\n<\/ul>\n<p><b>2008<\/b><\/p>\n<ul>\n<li>Ver\u00f6ffentlichung von Fotos in den Schlagzeilen<\/li>\n<li>Ver\u00f6ffentlichung von Fotos im A-Magazin<\/li>\n<li>Interview und Bericht im Bondage-Magazin der Bizarren Medien<\/li>\n<li>Lesung in M\u00fcnchen in der Buchhandlung &#8222;<a title=\"\" href=\"http:\/\/www.sinnundsinnlichkeit.com\" target=\"_blank\" rel=\"noopener noreferrer\">Sinn &amp; Sinnlichkeit<\/a>&#8222;<\/li>\n<li>Lesung &amp; Ausstellung in M\u00fcnchen &#8222;<a title=\"\" href=\"http:\/\/www.kittycatclub.de\" target=\"_blank\" rel=\"noopener noreferrer\">http:\/\/www.kittycatclub.de<\/a>&#8222;<\/li>\n<li>Lesung in Stuttgart &#8222;<a title=\"\" href=\"http:\/\/www.kittycat-stuttgart.com\/\" target=\"_blank\" rel=\"noopener noreferrer\">http:\/\/www.kittycat-stuttgart.com<\/a>&#8222;<\/li>\n<\/ul>\n<p><b>2009 <\/b><\/p>\n<ul>\n<li>Ausstellung und Lesung im Rahmen der Boundcon (<a title=\"\" href=\"http:\/\/www.boundcon.com\" target=\"_blank\" rel=\"noopener noreferrer\">www.boundcon.com<\/a>)<\/li>\n<li>Ausstellung und Lesung in Ulm (KW79)<b> <\/b><\/li>\n<li>Ausstellung im PornArt Museum in Z\u00fcrich<\/li>\n<li>Ver\u00f6ffentlichung meines neuen multimedialen Werkes &#8222;Das H\u00f6llentor&#8220;<\/li>\n<\/ul>\n<p><b>2010<\/b><\/p>\n<ul>\n<li>Ausstellung und Lesung in Stuttgart vom 23.01.- 06.03. <a title=\"\" href=\"http:\/\/www.galerie-nieser.de\" target=\"_blank\" rel=\"noopener noreferrer\">www.galerie-nieser.de<\/a><\/li>\n<li>Austellung und Lesung am 14.03.2010 in Offenbach <a title=\"\" href=\"http:\/\/ www.grande-opera.de\" target=\"_blank\" rel=\"noopener noreferrer\">www.grande-opera.de<\/a><\/li>\n<li>Foto Ver\u00f6ffentlichung in den Schlagzeilen 107 des <a title=\"\" href=\"http:\/\/www.schlagzeilen.com\" target=\"_blank\" rel=\"noopener noreferrer\">Charon Verlags<\/a><\/li>\n<li>Cover Foto von den <a title=\"\" href=\"..\/images\/sz108.jpg\">Schlagzeilen 108<\/a> des Charon Verlages<\/li>\n<li>Lesung im Black-Stage in Karlsruhe<\/li>\n<li>Ver\u00f6ffentlichung der Musik zu meinem H\u00f6llentor.<\/li>\n<li>2 Lesungen in der <a title=\"\" href=\"http:\/\/www.venusberg-bar.de\" target=\"_blank\" rel=\"noopener noreferrer\">Venusberg Bar<\/a> in Frankfurt<\/li>\n<li>Ver\u00f6ffentlichung eines Fotos in den Schlagzeilen 112<\/li>\n<li>Ver\u00f6ffentlichung der Geschichte &#8222;Der Schwan&#8220; im <a title=\"\" href=\"http:\/\/www.bondage-magazine.de\" target=\"_blank\" rel=\"noopener noreferrer\">Bondage-Magazin 07<\/a><\/li>\n<\/ul>\n<p><b>2011<\/b><\/p>\n<ul>\n<li>Online Fotostrecke im <span style=\"color: #000000;\"><a title=\"\" href=\"http:\/\/www.prinz.de\/lust\/erotik-aktfotos\/woschofius,1061413,1,Article.html\" target=\"_blank\" rel=\"noopener noreferrer\"><span style=\"color: #000000;\">PRINZ<\/span><\/a> <\/span><\/li>\n<li>Ver\u00f6ffentlichung der Kurzgeschichte &#8222;Abends&#8220; in den Schlagzeilen Nr.115<\/li>\n<li>Die ersten zwei &#8222;Literotisch im Park&#8220;- Lesung wurde durchgef\u00fchrt.<\/li>\n<\/ul>\n<p><strong>2012<\/strong><\/p>\n<ul>\n<li>Ver\u00f6ffentlichung der Kurzgeschichte &#8222;Roomservice&#8220; in den Schlagzeilen 120<\/li>\n<\/ul>\n<p><strong>2013<\/strong><\/p>\n<ul>\n<li>Ver\u00f6ffentlichung der Kurzgeschichten &#8222;Herrin vom Gut&#8220;, &#8222;Zugfahrt&#8220; und &#8222;Businessclass&#8220; in den Schlagzeilen 128<\/li>\n<li>3 Lesungen<a title=\"Woschofius plaudert\u2026\" href=\"https:\/\/www.woschofius.de\/?page_id=263\"> &#8222;Woschofius plaudert \u00fcber Sex, SM und das Leben&#8220;<\/a> und <a title=\"Woschofius trifft de Sade\" href=\"https:\/\/www.woschofius.de\/?page_id=265\">&#8222;Woschofius trifft de Sade&#8220;<\/a><\/li>\n<\/ul>\n<p><strong>2014<\/strong><\/p>\n<ul>\n<li>Ver\u00f6ffentlichung der Tortura-Romane und von Luzidus\/H\u00f6llentor als<a title=\"\u00dcbersicht eBooks\" href=\"https:\/\/www.woschofius.de\/?page_id=1152\"> eBook<\/a>.<\/li>\n<li>Diverse Lesungen<\/li>\n<li>Fertigstellung des &#8222;<a title=\"Buch der Strafen\" href=\"https:\/\/www.woschofius.de\/?page_id=183\">Buch der<\/a> <a title=\"Buch der Strafen\" href=\"https:\/\/www.woschofius.de\/?page_id=183\">Strafen&#8220;.<\/a><\/li>\n<li>Ver\u00f6ffentlichung eines Fotos in den Schlagzeilen 137 und den &#8222;B\u00f6sen Geschichten 37 des Charon Verlags.<\/li>\n<li>Ver\u00f6ffentlichung des eBooks &#8222;<a title=\"Die Marionettenspieler\" href=\"https:\/\/www.woschofius.de\/?page_id=1344\">Marionettenspieler<\/a>&#8222;<\/li>\n<\/ul>\n<p><strong>2015<\/strong><\/p>\n<ul>\n<li>Ver\u00f6ffentlichung des &#8222;<a href=\"https:\/\/www.woschofius.de\/?page_id=183\">Buch der Strafen<\/a>&#8220; im U-Line Verlag<\/li>\n<li>Diverse Lesungen und Workshops<\/li>\n<\/ul>\n<p><strong>2016<\/strong><\/p>\n<ul>\n<li>Diverse Lesungen und Workshops<\/li>\n<li>Einzug ins neue Fotostudio<\/li>\n<li>Ver\u00f6ffentlichung des &#8222;<a href=\"https:\/\/www.woschofius.de\/?page_id=2198\">Buch der Strafen Teil 2<\/a>&#8222;, im Uline Verlag<\/li>\n<li>Ver\u00f6ffentlichung eine Kurzgeschichte in der Anthologie &#8222;<a href=\"https:\/\/www.amazon.de\/Wer-ist-denn-hier-pervers\/dp\/3944154460\/ref=as_sl_pc_qf_sp_asin_ssw?&amp;linkCode=wss&amp;tag=woschofius-21\">Wer ist denn hier pervers?<\/a>&#8222;<\/li>\n<\/ul>\n<p><strong>2017<\/strong><\/p>\n<ul>\n<li>Diverse Lesungen und Workshops<\/li>\n<li>Ver\u00f6ffentlichung &#8222;<a href=\"https:\/\/www.woschofius.de\/?page_id=181\">Sch\u00e4delfick<\/a>&#8220; im SALAX Verlag<\/li>\n<\/ul>\n<p><strong>2018-2020<\/strong><\/p>\n<ul>\n<li>Diverse Fotover\u00f6ffentlichungen, Lesungen und Workshops<\/li>\n<\/ul>\n<p>&nbsp;<\/p>\n<p><strong>2022<\/strong><\/p>\n<ul>\n<li>Ver\u00f6ffentlichung Buch &#8222;Wenn&#8217;s dr Sex nedd g\u00e4b&#8220;<\/li>\n<\/ul>\n<p><strong>2023<\/strong><\/p>\n<ul>\n<li>Ver\u00f6ffentlichung <a href=\"https:\/\/www.woschofius.de\/?page_id=2284\">&#8222;Erotische Szenarien und Rollenspiele&#8220;<\/a> Sachbuch<\/li>\n<li>Interview in den &#8222;Schlagzeilen 202&#8220; inkl. mehrerer Fotografien<\/li>\n<li>Lesung im &#8222;Climax Institute&#8220;<\/li>\n<\/ul>\n<p>&nbsp;<\/p>\n","protected":false},"excerpt":{"rendered":"<p>Guten Tag verehrter Leser, Willkommen in meiner Welt. Ich bin ein multimedialer K\u00fcnstler, der sich der dunklen Erotik verschrieben hat. Erotik und vor allen Dingen BDSM fasziniert mich schon seit meiner Jugend. Aus dieser Faszination habe ich eine Passion gemacht. <span class=\"excerpt-dots\">&hellip;<\/span> <a class=\"more-link\" href=\"https:\/\/www.woschofius.de\/?page_id=16\"><span class=\"more-msg\">Weiterlesen &rarr;<\/span><\/a><\/p>\n","protected":false},"author":3,"featured_media":0,"parent":0,"menu_order":2,"comment_status":"closed","ping_status":"closed","template":"","meta":{"ngg_post_thumbnail":0,"footnotes":""},"class_list":["post-16","page","type-page","status-publish","hentry"],"_links":{"self":[{"href":"https:\/\/www.woschofius.de\/index.php?rest_route=\/wp\/v2\/pages\/16","targetHints":{"allow":["GET"]}}],"collection":[{"href":"https:\/\/www.woschofius.de\/index.php?rest_route=\/wp\/v2\/pages"}],"about":[{"href":"https:\/\/www.woschofius.de\/index.php?rest_route=\/wp\/v2\/types\/page"}],"author":[{"embeddable":true,"href":"https:\/\/www.woschofius.de\/index.php?rest_route=\/wp\/v2\/users\/3"}],"replies":[{"embeddable":true,"href":"https:\/\/www.woschofius.de\/index.php?rest_route=%2Fwp%2Fv2%2Fcomments&post=16"}],"version-history":[{"count":28,"href":"https:\/\/www.woschofius.de\/index.php?rest_route=\/wp\/v2\/pages\/16\/revisions"}],"predecessor-version":[{"id":3256,"href":"https:\/\/www.woschofius.de\/index.php?rest_route=\/wp\/v2\/pages\/16\/revisions\/3256"}],"wp:attachment":[{"href":"https:\/\/www.woschofius.de\/index.php?rest_route=%2Fwp%2Fv2%2Fmedia&parent=16"}],"curies":[{"name":"wp","href":"https:\/\/api.w.org\/{rel}","templated":true}]}}