{"id":1651,"date":"2015-02-16T11:27:12","date_gmt":"2015-02-16T10:27:12","guid":{"rendered":"http:\/\/www.woschofius.de\/?page_id=1651"},"modified":"2018-03-12T14:43:17","modified_gmt":"2018-03-12T13:43:17","slug":"erotischer-sinnesentzug-mehr-als-eine-augenbinde","status":"publish","type":"page","link":"https:\/\/www.woschofius.de\/?page_id=1651","title":{"rendered":"Erotischer Sinnesentzug- mehr als eine Augenbinde"},"content":{"rendered":"<p><a href=\"https:\/\/www.woschofius.de\/woschofius\/wp-content\/uploads\/missy-058swklc-ws.jpg\"><img loading=\"lazy\" decoding=\"async\" class=\"alignleft wp-image-1652\" src=\"https:\/\/www.woschofius.de\/woschofius\/wp-content\/uploads\/missy-058swklc-ws.jpg\" alt=\"missy 058swklc-ws\" width=\"247\" height=\"362\" \/><\/a>Dieser Vortrag\/ Workshop richtet sich an Personen, die Ihre Lust mit einem &#8222;erotischen Sinnesentzug&#8220; erweitern wollen. Seit &#8222;Fifty shades of Grey&#8220; steht die Augenbinde hoch im Kurs.<\/p>\n<p>Doch ist das alles?<\/p>\n<p>Die Antwort lautet nat\u00fcrlich nein \ud83d\ude42<br \/>\nWir sprechen \u00fcber die Wegnahme unserer Wahrnehmung (Augen, Ohren, Nase, Tastsinn, Kommunikation) und die Wirkung auf uns. Der Entzug einzelner Sinnen (Deprivation) verst\u00e4rkt dabei die Sensibilit\u00e4t der restlichen. In Verbindung mit sexuellen Reizen oder Situationen kommt es zu einem &#8222;erotische Kick&#8220;. Bei der oben angef\u00fchrten Augenbinde wird uns zum Beispiel der Sehsinn genommen. Bereits nach kurzer Zeit nimmt man daher Ger\u00e4usche und Ber\u00fchrungen intensiver wahr. Hinzu kommt, dass dadurch auch unsere Fantasie angeregt wird&#8230; es entsteht eine Art &#8222;erotische Unsicherheit&#8220; aber auch eine &#8222;Geilheit&#8220; auf das was kommen wird..<\/p>\n<p>&nbsp;<\/p>\n<p><strong>Und darum geht es:<\/strong><\/p>\n<ul>\n<li>Was ist \u201eErotischer Sinnesentzug&#8220;?<\/li>\n<li>Wie wirkt Deprivation<\/li>\n<li>Sicherheit und Risiken<\/li>\n<li>Methoden und Hilfsmittel<\/li>\n<li>Camera Silens und einfach Abarten davon<\/li>\n<li>Unterst\u00fctzende Demobilisierung<\/li>\n<li>Psychische Deprivation<\/li>\n<li>Deprivationsunterst\u00fctzende Drogen (legal)<\/li>\n<li>Deprivation in Fernbeziehungen<\/li>\n<li>M\u00f6gliche Szenarien<\/li>\n<li>Ablauf eines Deprivationsspiel<\/li>\n<\/ul>\n<p>&nbsp;<\/p>\n<p>Und nat\u00fcrlich kann man ein paar Dinge auch probeweise ausprobieren.<\/p>\n<p><strong>Achtung:<\/strong> Die Lokation hat maximal Platz f\u00fcr 20 Personen. Einlass nur nach Best\u00e4tigung.<\/p>\n<p><strong>Termin: folgt, ab 20 Uhr, Einlass 19:30<\/strong><br \/>\n<b>Dauer:<\/b> ca 2-2,5 Stunden<br \/>\n<b>Ort:<\/b> Stuttgart<br \/>\n<b>Eintritt: <b>20 <\/b>\u20ac<\/b> inkl. Workshop-Unterlage<br \/>\n<b>Kontakt:<\/b> <a title=\"\" href=\"http:\/\/woschofius@woschofius.de\" target=\"_blank\" rel=\"noopener\">woschofius@woschofius.de<\/a>\u00a0 oder<br \/>\nAnmeldung \u00fcber mein Profil im Joyclub:<a href=\"http:\/\/www.joyclub.de\/my\/286156.woschofius.html\"> HIER<\/a><\/p>\n<p>Woschofius<\/p>\n","protected":false},"excerpt":{"rendered":"<p>Dieser Vortrag\/ Workshop richtet sich an Personen, die Ihre Lust mit einem &#8222;erotischen Sinnesentzug&#8220; erweitern wollen. Seit &#8222;Fifty shades of Grey&#8220; steht die Augenbinde hoch im Kurs. Doch ist das alles? Die Antwort lautet nat\u00fcrlich nein \ud83d\ude42 Wir sprechen \u00fcber <span class=\"excerpt-dots\">&hellip;<\/span> <a class=\"more-link\" href=\"https:\/\/www.woschofius.de\/?page_id=1651\"><span class=\"more-msg\">Weiterlesen &rarr;<\/span><\/a><\/p>\n","protected":false},"author":3,"featured_media":0,"parent":1658,"menu_order":18,"comment_status":"closed","ping_status":"closed","template":"","meta":{"ngg_post_thumbnail":0,"footnotes":""},"class_list":["post-1651","page","type-page","status-publish","hentry"],"_links":{"self":[{"href":"https:\/\/www.woschofius.de\/index.php?rest_route=\/wp\/v2\/pages\/1651","targetHints":{"allow":["GET"]}}],"collection":[{"href":"https:\/\/www.woschofius.de\/index.php?rest_route=\/wp\/v2\/pages"}],"about":[{"href":"https:\/\/www.woschofius.de\/index.php?rest_route=\/wp\/v2\/types\/page"}],"author":[{"embeddable":true,"href":"https:\/\/www.woschofius.de\/index.php?rest_route=\/wp\/v2\/users\/3"}],"replies":[{"embeddable":true,"href":"https:\/\/www.woschofius.de\/index.php?rest_route=%2Fwp%2Fv2%2Fcomments&post=1651"}],"version-history":[{"count":17,"href":"https:\/\/www.woschofius.de\/index.php?rest_route=\/wp\/v2\/pages\/1651\/revisions"}],"predecessor-version":[{"id":2885,"href":"https:\/\/www.woschofius.de\/index.php?rest_route=\/wp\/v2\/pages\/1651\/revisions\/2885"}],"up":[{"embeddable":true,"href":"https:\/\/www.woschofius.de\/index.php?rest_route=\/wp\/v2\/pages\/1658"}],"wp:attachment":[{"href":"https:\/\/www.woschofius.de\/index.php?rest_route=%2Fwp%2Fv2%2Fmedia&parent=1651"}],"curies":[{"name":"wp","href":"https:\/\/api.w.org\/{rel}","templated":true}]}}