{"id":171,"date":"2013-10-21T15:08:02","date_gmt":"2013-10-21T13:08:02","guid":{"rendered":"http:\/\/www.woschofius.de\/woschofius\/?page_id=171"},"modified":"2022-02-28T07:58:12","modified_gmt":"2022-02-28T06:58:12","slug":"luzidus","status":"publish","type":"page","link":"https:\/\/www.woschofius.de\/?page_id=171","title":{"rendered":"Luzidus"},"content":{"rendered":"<p><a href=\"https:\/\/www.woschofius.de\/woschofius\/wp-content\/uploads\/luzidus.jpg\"><img loading=\"lazy\" decoding=\"async\" class=\"alignleft size-full wp-image-476\" src=\"https:\/\/www.woschofius.de\/woschofius\/wp-content\/uploads\/luzidus.jpg\" alt=\"luzidus\" width=\"198\" height=\"273\"><\/a>&#8222;Der Luzidus&#8220; ist mein erster Fotoband, der zudem noch eine Novelle von mir und eine Musik CD von Carlos Peron enth\u00e4lt. Die Novelle die dem Fotoband seinen Namen gab entf\u00fchrt den Leser in die Welt der Tagtr\u00e4ume. Der Protagonist Luzidus erwacht eines morgens in einem eigent\u00fcmlichen Labyrinth. Er ist g\u00e4nzlich nackt und alleine.<br \/>\nWie ist er hierher gekommen?<br \/>\nEr durchstreift es und merkt, dass er auf dem Weg zu sich selbst ist. Unter mysteri\u00f6sen Umst\u00e4nden trifft er ein weiteres Opfer des Labyrinths- eine ebenfalls nackte Frau. Durch dieses Treffen wird er mit seinen sexuellen Fantasien konfrontiert&#8230; und lebt sie aus. Nur gemeinsam k\u00f6nnen Sie sich aus ihrem Labyrinth \u2013 und somit aus ihren Konventionen \u2013 befreien. Jeder von ihnen hat eine Aufgabe zu erf\u00fcllen und muss etwas tun, was er bisher noch nie getan hat.. Die Geschichte treibt auf ein grausames Ende zu&#8230; ein kafkaesker Alptraum f\u00fcr die Protagonisten und dem Leser.<\/p>\n<p>2009 ist zudem ein zweiter Teil entstanden (<a title=\"H\u00f6llentor\" href=\"https:\/\/www.woschofius.de\/?page_id=158\">Das H\u00f6llentor<\/a>), der den Faden des Luzidus weiterspinnt. Trotzdem stehen beide Werke f\u00fcr sich.<\/p>\n<ul>\n<li>Erh\u00e4ltlich im Buchhandel<a title=\"\" href=\"http:\/\/www.amazon.de\/Luzidus-Geschichte-eines-erotischen-Traumes\/dp\/3934521037\/ref=sr_1_15?ie=UTF8&amp;qid=1289336238&amp;sr=8-15\" target=\"_blank\" rel=\"noopener noreferrer\">\/Amazon<\/a>.<\/li>\n<li>&#8222;Luzidus&#8220; auf <a href=\"https:\/\/www.facebook.com\/pages\/Der-Luzidus\/732176970198421?ref=bookmarks\">Facebook<\/a><\/li>\n<li><a href=\"https:\/\/www.amazon.de\/dp\/B00IDF6JX6\">LUZIDUS als eBook (nur die Geschichten)<\/a><\/li>\n<\/ul>\n<p>Dieses multimediale Werk beinhaltet \u00fcber 80 SM- und Fetischfotografien von denen Ihr einige unter <a title=\"Visio\" href=\"https:\/\/www.woschofius.de\/woschofius\/?page_id=37\">Visio<\/a> sehen k\u00f6nnt.<\/p>\n<p style=\"text-align: center;\"><a href=\"http:\/\/www.amazon.de\/Luzidus-Geschichte-eines-erotischen-Traumes\/dp\/3934521037\/ref=sr_1_15?ie=UTF8&amp;qid=1289336238&amp;sr=8-15\">Buchausgabe&nbsp;&nbsp;&nbsp;&nbsp;&nbsp;&nbsp;&nbsp;&nbsp; &nbsp; &nbsp; &nbsp; &nbsp; &nbsp; &nbsp; &nbsp; &nbsp; &nbsp; &nbsp; &nbsp; &nbsp; &nbsp; &nbsp; &nbsp; &nbsp; &nbsp;&nbsp;&nbsp;&nbsp;&nbsp;&nbsp; <\/a><a href=\"https:\/\/www.amazon.de\/dp\/B00IDF6JX6\">eBook<\/a><\/p>\n<p style=\"text-align: center;\"><img loading=\"lazy\" decoding=\"async\" class=\"alignnone size-full wp-image-476\" src=\"https:\/\/www.woschofius.de\/wp-content\/uploads\/luzidus.jpg\" alt=\"\" width=\"198\" height=\"273\"> &nbsp;&nbsp;&nbsp;&nbsp;&nbsp;&nbsp;&nbsp;&nbsp;&nbsp;&nbsp;&nbsp;&nbsp;&nbsp;&nbsp;&nbsp;&nbsp; <img loading=\"lazy\" decoding=\"async\" class=\"alignnone wp-image-3236\" src=\"https:\/\/www.woschofius.de\/wp-content\/uploads\/cover-luzidus2-1.jpg\" alt=\"\" width=\"193\" height=\"273\"><\/p>\n<p style=\"text-align: center;\">&nbsp;<\/p>\n<p>Weitere eBooks findet Ihr <a href=\"https:\/\/www.woschofius.de\/?page_id=1152\">HIER<\/a>.<\/p>\n<h4>Impressionen<\/h4>\n<ul>\n<li><a title=\"Video\/Slides\" href=\"https:\/\/www.woschofius.de\/?page_id=47\">Dia-Trailer<\/a><\/li>\n<li><a title=\"Luzidus\" href=\"https:\/\/www.woschofius.de\/?page_id=171\">Fotografien<\/a><\/li>\n<\/ul>\n<h4>Das Vorwort von Annie Sadeau<\/h4>\n<p><em>\u201eMagie von Licht und Schatten, von Wort und Klang, von Entbl\u00e4ttertem und Verstecktem, von Dominanz und Demut, von Schuld und S\u00fchne, Formen und Linien, Fesseln und Freiheit, K\u00f6rper und Seelen, von Aufb\u00e4umen und Hingabe, von zarter Erotik bis zu aufw\u00fchlendem SM. \u201e<\/em><br \/>\n\u201eDer Luzidus\u201c ist das zweite Werk des Fetischk\u00fcnstlers Woschofius.<br \/>\nDie Novelle \u201eDer Luzidus\u201c entf\u00fchrt uns in eine Welt zwischen Traum und Wirklichkeit. Die Geschichte handelt von einem Menschen, der in einer Welt voller Konventionen lebt. In Tagtr\u00e4umen wehrt sich sein Innerstes dagegen und wirft ihn in ein Labyrinth, dass seine \u00c4ngste und Vorbehalte symbolisiert. Geleitet durch eine nackte Frau findet er zu sich selbst.<\/p>\n<p>Die Novelle zieht in seinen Bann. Sie ist ungew\u00f6hnlich und diskussionsw\u00fcrdig, da sie sich mit den Konventionen die der Glaube in uns pr\u00e4gen kann intensiv auseinander setzt.<br \/>\nDie Wirkung der Geschichte wird durch eine beigelegte Musik CD noch verst\u00e4rkt. Carlos Peron hat die Novelle in einen seiner genialen Klangteppiche gewoben und die Spieldauer ist exakt auf die Lesezeit abgestimmt.<br \/>\nHauptteil des Werkes sind aber die subtilen Fetisch \u2013 Fotografien. Gefesselte Frauen, Stolze Diven, zarthart Erotik in Licht und Schatten, Dominas und Sklavinnen durchziehen den Band mit ihrer Pr\u00e4senz.<br \/>\nBesonders wertvoll macht ihn seine strenge Limitierung auf 500 St\u00fcck, der zudem von Hand signiert und nummeriert wurde.<\/p>\n<p>&nbsp;<\/p>\n","protected":false},"excerpt":{"rendered":"<p>&#8222;Der Luzidus&#8220; ist mein erster Fotoband, der zudem noch eine Novelle von mir und eine Musik CD von Carlos Peron enth\u00e4lt. Die Novelle die dem Fotoband seinen Namen gab entf\u00fchrt den Leser in die Welt der Tagtr\u00e4ume. Der Protagonist Luzidus <span class=\"excerpt-dots\">&hellip;<\/span> <a class=\"more-link\" href=\"https:\/\/www.woschofius.de\/?page_id=171\"><span class=\"more-msg\">Weiterlesen &rarr;<\/span><\/a><\/p>\n","protected":false},"author":3,"featured_media":0,"parent":39,"menu_order":4,"comment_status":"closed","ping_status":"closed","template":"","meta":{"ngg_post_thumbnail":0,"footnotes":""},"class_list":["post-171","page","type-page","status-publish","hentry"],"_links":{"self":[{"href":"https:\/\/www.woschofius.de\/index.php?rest_route=\/wp\/v2\/pages\/171","targetHints":{"allow":["GET"]}}],"collection":[{"href":"https:\/\/www.woschofius.de\/index.php?rest_route=\/wp\/v2\/pages"}],"about":[{"href":"https:\/\/www.woschofius.de\/index.php?rest_route=\/wp\/v2\/types\/page"}],"author":[{"embeddable":true,"href":"https:\/\/www.woschofius.de\/index.php?rest_route=\/wp\/v2\/users\/3"}],"replies":[{"embeddable":true,"href":"https:\/\/www.woschofius.de\/index.php?rest_route=%2Fwp%2Fv2%2Fcomments&post=171"}],"version-history":[{"count":22,"href":"https:\/\/www.woschofius.de\/index.php?rest_route=\/wp\/v2\/pages\/171\/revisions"}],"predecessor-version":[{"id":3240,"href":"https:\/\/www.woschofius.de\/index.php?rest_route=\/wp\/v2\/pages\/171\/revisions\/3240"}],"up":[{"embeddable":true,"href":"https:\/\/www.woschofius.de\/index.php?rest_route=\/wp\/v2\/pages\/39"}],"wp:attachment":[{"href":"https:\/\/www.woschofius.de\/index.php?rest_route=%2Fwp%2Fv2%2Fmedia&parent=171"}],"curies":[{"name":"wp","href":"https:\/\/api.w.org\/{rel}","templated":true}]}}