{"id":175,"date":"2013-10-21T16:02:35","date_gmt":"2013-10-21T14:02:35","guid":{"rendered":"http:\/\/www.woschofius.de\/woschofius\/?page_id=175"},"modified":"2015-09-11T10:53:46","modified_gmt":"2015-09-11T08:53:46","slug":"tortura-fortunae","status":"publish","type":"page","link":"https:\/\/www.woschofius.de\/?page_id=175","title":{"rendered":"Tortura Fortunae"},"content":{"rendered":"<p><a href=\"https:\/\/www.woschofius.de\/woschofius\/wp-content\/uploads\/3934521002.jpg\"><img loading=\"lazy\" decoding=\"async\" class=\"alignleft wp-image-485\" src=\"https:\/\/www.woschofius.de\/woschofius\/wp-content\/uploads\/3934521002.jpg\" alt=\"3934521002\" width=\"218\" height=\"359\" \/><\/a>Tortura Fortunae ist mein Erstlingsroman.<\/p>\n<p>Verena, eine selbstbewu\u00dfte Frau wird bei einem Betrugsversuch entdeckt. Ihr Vorgesetzter stellt sie vor die Wahl- entweder Anzeige, oder einen Monat bei Ihm als Sklavin dienen. Sie entschlie\u00dft sich f\u00fcr Zweiteres und ihre bis dahin heile Welt ger\u00e4t aus den Fugen. Seinen Launen und erotischen W\u00fcnschen ausgeliefert, wird sie geschlagen, gedem\u00fctigt, verliehen und vergewaltigt. Doch sie lernt auch Arved kennen, der sie zwar ebenfalls mi\u00dfbraucht, sie aber auch auff\u00e4ngt. Sie verliebt sich, doch wem kann Sie trauen? Sie wird beobachtet und die Anzeichen f\u00fcr eine Straftat verdichten sich. Wird sie das n\u00e4chste Opfer sein? Ein Fest wird vorbereitet&#8230; und sie ist die Hauptattraktion.<\/p>\n<p>Dieser Roman thematisiert erotische Leidenschaften aus dem Bereich des Sadomasochismus und ist gleichzeitig die Ann\u00e4herung zweier Menschen an ihren tiefsten, erotischen W\u00fcnsche und Fantasien. Lust und Leid liegen nahe beieinander.<\/p>\n<p>&nbsp;<\/p>\n<p>&nbsp;<\/p>\n<ul>\n<li>Direktlink <a title=\"\" href=\"http:\/\/www.amazon.de\/Tortura-Fortunae-Andreas-Woschofius\/dp\/3934521002\/ref=sr_1_4?ie=UTF8&amp;qid=1289336238&amp;sr=8-4\" target=\"_blank\">Amazon (ausverkauft)<\/a><\/li>\n<li>Direktlink Amazon <a href=\"http:\/\/www.amazon.de\/dp\/B00IEEXOES\/ref=rdr_kindle_ext_tmb\">Kindle<\/a><\/li>\n<li>&#8222;Tortura Fortunae&#8220; auf <a href=\"https:\/\/www.facebook.com\/pages\/Tortura-Fortunae\/340483549468282\">Facebook<\/a><\/li>\n<\/ul>\n<p>&nbsp;<\/p>\n<div><a href=\"http:\/\/www.amazon.de\/Tortura-Fortunae-Andreas-Woschofius\/dp\/3934521002\/ref=sr_1_4?ie=UTF8&amp;qid=1289336238&amp;sr=8-4\">Buchversion\u00a0\u00a0<\/a>\u00a0 \u00a0 \u00a0 \u00a0\u00a0 \u00a0 \u00a0 \u00a0<a href=\"http:\/\/www.amazon.de\/Tortura-Fortunae-Andreas-Woschofius-ebook\/dp\/B00IEEXOES\/ref=sr_1_1?ie=UTF8&amp;qid=1392386404&amp;sr=8-1&amp;keywords=tortura+fortunae\">\u00a0 eBook<\/a><\/div>\n<div><a href=\"http:\/\/www.amazon.de\/Tortura-Fortunae-Andreas-Woschofius\/dp\/3934521002\/ref=sr_1_4?ie=UTF8&amp;qid=1289336238&amp;sr=8-4\"><img loading=\"lazy\" decoding=\"async\" class=\"alignleft wp-image-485\" src=\"https:\/\/www.woschofius.de\/woschofius\/wp-content\/uploads\/3934521002.jpg\" alt=\"3934521002\" width=\"103\" height=\"160\" \/><\/a><a href=\"http:\/\/www.amazon.de\/Tortura-Fortunae-Andreas-Woschofius-ebook\/dp\/B00IEEXOES\/ref=sr_1_1?ie=UTF8&amp;qid=1392386404&amp;sr=8-1&amp;keywords=tortura+fortunae\"><img loading=\"lazy\" decoding=\"async\" class=\"alignleft wp-image-1122\" src=\"https:\/\/www.woschofius.de\/woschofius\/wp-content\/uploads\/cover-tortura-fortunae2.jpg\" alt=\"cover-tortura-fortunae2\" width=\"111\" height=\"160\" \/><\/a><\/div>\n<div><\/div>\n<div><\/div>\n<p>&nbsp;<\/p>\n<p>&nbsp;<\/p>\n<p>&nbsp;<\/p>\n<p>&nbsp;<\/p>\n<p>&nbsp;<\/p>\n<p>Weitere eBooks findet Ihr <a href=\"https:\/\/www.woschofius.de\/?page_id=1152\">HIER<\/a>.<\/p>\n<h3>Leseprobe<\/h3>\n<p>(&#8230;) Nachdem es vorbei war hing Verena regungslos an den Handschellen. Das kalte Metall schnitt in ihre Handgelenke. Arved umfasste sie, hob sie hoch und l\u00f6ste die Fesseln. Er trug Verena zum Sofa und legte sie vorsichtig darauf. Das dunkle Leder k\u00fchlte ihre Striemen, die den R\u00fccken und ihren Po zierten.<br \/>\nArved kniete neben dem Sofa und schaute sie z\u00e4rtlich an.<br \/>\n\u201eIch bewundere dich.\u201c<br \/>\n\u201eWieso, Sie kennen mich doch gar nicht.\u201c<br \/>\n\u201eIch bewundere dich f\u00fcr das, was du ausstrahlst, W\u00fcrde, Anmut&#8230; ja, Stolz&#8230; Selbst in deinem Schmerz bist du stolz. Ich habe deine Erregung gesp\u00fcrt, wie sich deine Atemfrequenz erh\u00f6ht hat, wie deine Haut sich ver\u00e4nderte. Du standest unter Spannung, die Brustwarzen erigiert, feucht&#8230; der Geruch an meinen Fingern&#8230; verstehst du, das sind gelebte Emotionen. Ich habe dich gesehen und etwas gef\u00fchlt,&#8230; etwas Tiefes und Reines.\u201c<br \/>\n\u201eUnd wo ist Ihr Stolz? Sie zwingen mich hier zu Dingen die ich nicht will, ja,&#8230; Sie sind ein \u00fcbler Erpresser&#8230; und Sie reden von Stolz, Reinheit und W\u00fcrde!\u201c<br \/>\n\u201eSo ganz unrecht kann ich dir nicht geben. Aber ich stehe zu meiner Doppelmoral. Macht ist dazu da gen\u00fctzt zu werden, und du selbst hast mir diese Macht in die H\u00e4nde gespielt.\u201c<br \/>\n\u201eAber man muss nicht jede Macht die man hat auch ausn\u00fctzen, um anderen zu schaden. Macht verpflichtet.\u201c<br \/>\n\u201eDa hast du recht, aber zu was? Was ist denn Macht? Ist es nicht die M\u00f6glichkeit Leben zu bestimmen&#8230; zu ver\u00e4ndern&#8230; oder gar zu beenden? Ich werde dein Ver\u00e4nderer sein.\u201c<br \/>\n\u201eMein Ver\u00e4nderer?\u201c<br \/>\n\u201eJa, man trifft im Leben immer wieder Menschen, die neue Wege aufzeigen, Situationen beschleunigen, Richtungs\u00e4nderungen hervorrufen, neue Sichtweisen entwickeln. Diese Menschen stehen an den Scheidepunkten deines Lebens und sto\u00dfen dich in die eine oder andere Richtung&#8230; das sind die Ver\u00e4nderer. Sie beeinflussen dich in deiner Entwicklung, sie schubsen dich in eine Richtung und rufen dir ein \u201eLauf!\u201c hinterher . Die ersten Ver\u00e4nderer sind deine Eltern. Du wirst zeitlebens Gefangener deiner Erziehung bleiben. Danach kommen Freunde, Schule, Feinde, Zuf\u00e4lle. Problematisch wird es, wenn mehrere Ver\u00e4nderer gleichzeitig kommen und dich in verschiedene Richtungen sto\u00dfen wollen. Deswegen ist die Auswahl des Ver\u00e4nderers wichtig. Es muss der Richtige sein. Ver\u00e4nderer bewirken auch nicht nur Gutes, nein, gerade die b\u00f6sen Ver\u00e4nderer pr\u00e4gen dich am st\u00e4rksten und du l\u00e4ufst viel schneller danach. Nat\u00fcrlich ist man selber auch ein Ver\u00e4nderer. Jeder Ver\u00e4nderer hat nat\u00fcrlich auch eine Wertigkeit. Da gibt es den Verharrer mit der Wertigkeit Null. Das sind die Leute, die dir beibringen, dass es so wie es ist am besten ist. Dann geht es aufw\u00e4rts in der Rangliste der Wertigkeiten bis hin zum Zerst\u00f6rer mit der Wertigkeit zehn. Das sind die Ver\u00e4nderer die alles um des Ver\u00e4nderns willen machen. Zweckfragen stehen da nicht mehr im Vordergrund und die Ver\u00e4nderung ist sinnentleert&#8230; und ich habe nicht die Wertigkeit zehn.\u201c<br \/>\n\u201eUnd sie wollen meiner sein?\u201c<br \/>\n\u201eJa, du wirst nicht mehr die Gleiche sein- nicht nach diesen drei\u00dfig Tagen. Du stehst gerade an einem Scheidepunkt&#8230;\u201c<br \/>\nArved stand auf und holte eine Flasche Wein und zwei Gl\u00e4ser. Er schenkte ein, gab eines davon Verena und hob sein Glas zu einem Trinkspruch.<br \/>\n\u201eAuf den Ver\u00e4nderer.\u201cVerena antwortete nicht, hob aber ebenfalls ihr Glas hoch und nahm dann einen Schluck. Arved stellte sein Glas weg und beugte sich \u00fcber sie. (&#8230;)<\/p>\n","protected":false},"excerpt":{"rendered":"<p>Tortura Fortunae ist mein Erstlingsroman. Verena, eine selbstbewu\u00dfte Frau wird bei einem Betrugsversuch entdeckt. Ihr Vorgesetzter stellt sie vor die Wahl- entweder Anzeige, oder einen Monat bei Ihm als Sklavin dienen. Sie entschlie\u00dft sich f\u00fcr Zweiteres und ihre bis dahin <span class=\"excerpt-dots\">&hellip;<\/span> <a class=\"more-link\" href=\"https:\/\/www.woschofius.de\/?page_id=175\"><span class=\"more-msg\">Weiterlesen &rarr;<\/span><\/a><\/p>\n","protected":false},"author":3,"featured_media":0,"parent":39,"menu_order":6,"comment_status":"closed","ping_status":"closed","template":"","meta":{"ngg_post_thumbnail":0,"footnotes":""},"class_list":["post-175","page","type-page","status-publish","hentry"],"_links":{"self":[{"href":"https:\/\/www.woschofius.de\/index.php?rest_route=\/wp\/v2\/pages\/175","targetHints":{"allow":["GET"]}}],"collection":[{"href":"https:\/\/www.woschofius.de\/index.php?rest_route=\/wp\/v2\/pages"}],"about":[{"href":"https:\/\/www.woschofius.de\/index.php?rest_route=\/wp\/v2\/types\/page"}],"author":[{"embeddable":true,"href":"https:\/\/www.woschofius.de\/index.php?rest_route=\/wp\/v2\/users\/3"}],"replies":[{"embeddable":true,"href":"https:\/\/www.woschofius.de\/index.php?rest_route=%2Fwp%2Fv2%2Fcomments&post=175"}],"version-history":[{"count":20,"href":"https:\/\/www.woschofius.de\/index.php?rest_route=\/wp\/v2\/pages\/175\/revisions"}],"predecessor-version":[{"id":2057,"href":"https:\/\/www.woschofius.de\/index.php?rest_route=\/wp\/v2\/pages\/175\/revisions\/2057"}],"up":[{"embeddable":true,"href":"https:\/\/www.woschofius.de\/index.php?rest_route=\/wp\/v2\/pages\/39"}],"wp:attachment":[{"href":"https:\/\/www.woschofius.de\/index.php?rest_route=%2Fwp%2Fv2%2Fmedia&parent=175"}],"curies":[{"name":"wp","href":"https:\/\/api.w.org\/{rel}","templated":true}]}}