{"id":181,"date":"2013-10-21T16:08:36","date_gmt":"2013-10-21T14:08:36","guid":{"rendered":"http:\/\/www.woschofius.de\/woschofius\/?page_id=181"},"modified":"2017-09-15T14:45:59","modified_gmt":"2017-09-15T12:45:59","slug":"kurzgeschichten","status":"publish","type":"page","link":"https:\/\/www.woschofius.de\/?page_id=181","title":{"rendered":"Sch\u00e4delfick"},"content":{"rendered":"<p><a href=\"https:\/\/www.amazon.de\/gp\/product\/3944154487\/ref=as_li_tl?ie=UTF8&amp;camp=1638&amp;creative=6742&amp;creativeASIN=3944154487&amp;linkCode=as2&amp;tag=woschofius-21&amp;linkId=f74c3c3bcc73d27cc94557789675a7f3\"><img loading=\"lazy\" decoding=\"async\" class=\"wp-image-2816 size-full alignleft\" src=\"https:\/\/www.woschofius.de\/wp-content\/uploads\/schaedelfick.jpg\" alt=\"\" width=\"302\" height=\"448\" \/><\/a>Auch mein neuer Kurzgeschichtenband mit dem Namen &#8222;Sch\u00e4delfick&#8220; ist im SALAX Verlag erschienen. Er beinhaltet meine ganzen Kurzgeschichten, mal lustig, mal traurig, mal gnadenlos hart.<\/p>\n<p>Wer sie nicht selbst lesen m\u00f6chte, kann gerne meiner <a title=\"Lesung\/Ausstellung\" href=\"https:\/\/www.woschofius.de\/?page_id=51\">Lesungen <\/a>besuchen.<\/p>\n<p>Lieber Leser sei also gewarnt.<\/p>\n<p>Die folgenden Geschichten sind nichts f\u00fcr zarte Gem\u00fcter.<br \/>\nSie sind gruselig, erotisch und oftmals auch lustig.<br \/>\nAber nur manchmal\u2026<br \/>\nUnd meistens bleibt dir das Lachen auch noch im Halse stecken.<br \/>\nEs sind irgendwie auch Liebesgeschichten.<br \/>\nRomantisch, zu Herz gehend.<br \/>\nWie eine Adaption von \u201eHarry und Sally\u201c\u2026 mit einem Hauch \u201eBlairwitch Proiect\u201c<br \/>\nDoch am Ende bleibt man dann doch wieder ratlos zur\u00fcck.<\/p>\n<p>Es sind Geschichten, die oftmals einen realen Hintergrund haben.<br \/>\nSelbst Erlebtes.<br \/>\nBeobachtetes.<br \/>\nOder mir von einer Freundin erz\u00e4hltes.<br \/>\nEs sind kurze Momente meines Seins, Episoden meines Lebens, Ausw\u00fcrfe meiner Fantasie.<br \/>\nSch\u00e4delfick.<br \/>\nKopfkinogeschichten.<br \/>\nKleine Boshaftigkeiten.<br \/>\nTiefe Lustmomente, Hingabe.<br \/>\nWenn sich alles aufl\u00f6st, man nur noch f\u00fchlt, ohne \u00fcber Konsequenzen nachzudenken.<br \/>\nWenn man sich einfach fallen l\u00e4sst, in der Hoffnung auch aufgefangen zu werden.<br \/>\nWenn der Schmerz durch den K\u00f6rper rast, der Unterleib zu pochen beginnt.<br \/>\nWenn alles verschwimmt, verwischt, diffus wird.<br \/>\nWenn man nur noch Mensch ist, ohne aufgesetzte Schutzmaske, reine Emotion \u2026 einfach pur.<br \/>\nNackt.<br \/>\nAlso, ich habe dich gewarnt\u2026<\/p>\n<ul>\n<li><a href=\"https:\/\/www.facebook.com\/schaedelfick\/\">Sch\u00e4delfick auf Facebook<\/a><\/li>\n<li><a href=\"https:\/\/www.amazon.de\/Sch\u00e4delfick-X-treme-Gest\u00e4ndnisse-heimlichen-peinlichen\/dp\/3944154487\">Sch\u00e4delfick auf Amazon<\/a><\/li>\n<\/ul>\n<div><\/div>\n<div><\/div>\n<div><strong>Leseproben:<\/strong><\/div>\n<div><\/div>\n<ul>\n<li>Kurzgeschichte: <a href=\"https:\/\/www.woschofius.de\/woschofius\/wp-content\/uploads\/lilimarleen.pdf\">Lili Marleen<\/a><\/li>\n<li>Kurzgeschichte: <a href=\"https:\/\/www.woschofius.de\/woschofius\/wp-content\/uploads\/ich-moechte-sie-verderben.pdf\">Ich m\u00f6chte Sie verderben<\/a><\/li>\n<li>Kurzgeschichte: <a href=\"https:\/\/www.woschofius.de\/woschofius\/wp-content\/uploads\/wir-maenner-haben-es-schwer.pdf\">Wir M\u00e4nner haben es schwer<\/a><\/li>\n<li>Kurzgeschichte: <a href=\"https:\/\/www.woschofius.de\/woschofius\/wp-content\/uploads\/weihnachten.pdf\">Weihnachten<\/a><\/li>\n<li>Kurzgeschichte: <a href=\"https:\/\/www.woschofius.de\/woschofius\/wp-content\/uploads\/wie-so-ein-shooting.pdf\">Wie so ein Fotoshooting wirklich abl\u00e4uft<\/a><\/li>\n<li>Kurzgeschichte:\u00a0<a href=\"https:\/\/www.woschofius.de\/woschofius\/wp-content\/uploads\/schaedelfick.pdf\">Ich habe ihren Sch\u00e4del gefickt<\/a> (Eine Videolesung findest Du <a title=\"Video\/Slideshows\" href=\"https:\/\/www.woschofius.de\/?page_id=47\">HIER<\/a>)<\/li>\n<li>Kurzgeschichte: <a href=\"https:\/\/www.woschofius.de\/woschofius\/wp-content\/uploads\/fruehlingsduft.pdf\">Fruehlingsduft<\/a><\/li>\n<li>Kurzgeschichte: <a href=\"https:\/\/www.woschofius.de\/woschofius\/wp-content\/uploads\/der-mund.pdf\">Der Mund<\/a><\/li>\n<\/ul>\n<p>&nbsp;<\/p>\n","protected":false},"excerpt":{"rendered":"<p>Auch mein neuer Kurzgeschichtenband mit dem Namen &#8222;Sch\u00e4delfick&#8220; ist im SALAX Verlag erschienen. Er beinhaltet meine ganzen Kurzgeschichten, mal lustig, mal traurig, mal gnadenlos hart. Wer sie nicht selbst lesen m\u00f6chte, kann gerne meiner Lesungen besuchen. Lieber Leser sei also <span class=\"excerpt-dots\">&hellip;<\/span> <a class=\"more-link\" href=\"https:\/\/www.woschofius.de\/?page_id=181\"><span class=\"more-msg\">Weiterlesen &rarr;<\/span><\/a><\/p>\n","protected":false},"author":3,"featured_media":0,"parent":39,"menu_order":10,"comment_status":"closed","ping_status":"closed","template":"","meta":{"ngg_post_thumbnail":0,"footnotes":""},"class_list":["post-181","page","type-page","status-publish","hentry"],"_links":{"self":[{"href":"https:\/\/www.woschofius.de\/index.php?rest_route=\/wp\/v2\/pages\/181","targetHints":{"allow":["GET"]}}],"collection":[{"href":"https:\/\/www.woschofius.de\/index.php?rest_route=\/wp\/v2\/pages"}],"about":[{"href":"https:\/\/www.woschofius.de\/index.php?rest_route=\/wp\/v2\/types\/page"}],"author":[{"embeddable":true,"href":"https:\/\/www.woschofius.de\/index.php?rest_route=\/wp\/v2\/users\/3"}],"replies":[{"embeddable":true,"href":"https:\/\/www.woschofius.de\/index.php?rest_route=%2Fwp%2Fv2%2Fcomments&post=181"}],"version-history":[{"count":29,"href":"https:\/\/www.woschofius.de\/index.php?rest_route=\/wp\/v2\/pages\/181\/revisions"}],"predecessor-version":[{"id":2841,"href":"https:\/\/www.woschofius.de\/index.php?rest_route=\/wp\/v2\/pages\/181\/revisions\/2841"}],"up":[{"embeddable":true,"href":"https:\/\/www.woschofius.de\/index.php?rest_route=\/wp\/v2\/pages\/39"}],"wp:attachment":[{"href":"https:\/\/www.woschofius.de\/index.php?rest_route=%2Fwp%2Fv2%2Fmedia&parent=181"}],"curies":[{"name":"wp","href":"https:\/\/api.w.org\/{rel}","templated":true}]}}