{"id":183,"date":"2013-10-21T16:10:11","date_gmt":"2013-10-21T14:10:11","guid":{"rendered":"http:\/\/www.woschofius.de\/woschofius\/?page_id=183"},"modified":"2021-03-22T08:05:13","modified_gmt":"2021-03-22T07:05:13","slug":"handbuch-aufgaben-und-strafen","status":"publish","type":"page","link":"https:\/\/www.woschofius.de\/?page_id=183","title":{"rendered":"Buch der Strafen"},"content":{"rendered":"<p>Das Buch der Strafen ist mein erstes Sachbuch, dass ich ver\u00f6ffentlicht habe. Es beinhaltet 222 erotische Aufgaben und Strafen die die ganze Bandbreite von zart bis hart abdecken. Wer also neue Sichtweisen und Anregungen f\u00fcr eine erf\u00fcllte und variantenreiche Sexualit\u00e4t sucht, ist hier richtig.<\/p>\n<p>Mittlerweile gibt es davon 3 unterschiedliche Ausf\u00fchrungen:<\/p>\n<p><a href=\"https:\/\/www.amazon.de\/gp\/product\/3944154282\/ref=as_li_tl?ie=UTF8&amp;camp=1638&amp;creative=6742&amp;creativeASIN=3944154282&amp;linkCode=as2&amp;tag=woschofius-21\" rel=\"nofollow\"><img decoding=\"async\" class=\"alignleft\" src=\"http:\/\/ws-eu.amazon-adsystem.com\/widgets\/q?_encoding=UTF8&amp;ASIN=3944154282&amp;Format=_SL250_&amp;ID=AsinImage&amp;MarketPlace=DE&amp;ServiceVersion=20070822&amp;WS=1&amp;tag=woschofius-21\" border=\"0\"><\/a><\/p>\n<p>Original: Die ISBN f\u00fcr den Titel (Print) lautet: 978-3-944154-28-2 und ein Klick auf die Grafik bringt Dich direkt zum Shop.<\/p>\n<p>&nbsp;<\/p>\n<p>&nbsp;<\/p>\n<p>&nbsp;<\/p>\n<p>&nbsp;<\/p>\n<p>&nbsp;<\/p>\n<p>&nbsp;<\/p>\n<p><img loading=\"lazy\" decoding=\"async\" class=\"https:\/\/www.amazon.de\/Das-Buch-Strafen-Erweiterte-Aufgaben-ebook\/dp\/B084C2QJFB\/ alignleft wp-image-3214\" src=\"https:\/\/www.woschofius.de\/wp-content\/uploads\/bds-ext.jpg\" alt=\"\" width=\"186\" height=\"278\">Extented Edition mit 44 weiteren Aufgaben.<\/p>\n<p>&nbsp;<\/p>\n<p>&nbsp;<\/p>\n<p>&nbsp;<\/p>\n<p>&nbsp;<\/p>\n<p>&nbsp;<\/p>\n<p>&nbsp;<\/p>\n<p>&nbsp;<\/p>\n<p><img loading=\"lazy\" decoding=\"async\" class=\"alignleft wp-image-3213\" src=\"https:\/\/www.woschofius.de\/wp-content\/uploads\/buchderstrafen42.jpg\" alt=\"\" width=\"186\" height=\"253\">Nur die Erweiterung mit 44 Aufgaben als Kindle. Ein Klick auf das Cover bringt die direkt zu AMAZON.<\/p>\n<p>&nbsp;<\/p>\n<p>&nbsp;<\/p>\n<p>&nbsp;<\/p>\n<p>&nbsp;<\/p>\n<p>&nbsp;<\/p>\n<p>&nbsp;<\/p>\n<p>Hier schon mal etwas mehr zum Inhalt:<\/p>\n<ul>\n<li>Buch der Strafen auf <a href=\"https:\/\/www.facebook.com\/Buch-der-Strafen-316378655223617\/\">Facebook<\/a><\/li>\n<\/ul>\n<p>&nbsp;<\/p>\n<h4>Klappentext:<\/h4>\n<p>Wie kann ich mein Sex-Leben etwas aufregender gestalten? Wie bekomme ich mehr Spa\u00df und mehr Lust ins Schlafzimmer? Nach diversen Mega-Bestsellern erotischer Art, hat sich SM-Szenekenner Woschofius auf den Weg gemacht und die 222 aufregendsten SM-Sex-Spiele in diesem Buch zusammengestellt.<br \/>\nVon einfachen, kleinen Spielen, die das Prickeln zur\u00fcckbringen, bis hin zu gewagten Szenarios, die f\u00fcr den einen anregendes Kopfkino, f\u00fcr den anderen die gro\u00dfe SM-Pr\u00fcfung darstellen, hat der Autor eine breite Palette an Aufgaben gesammelt, die garantiert niemanden kaltlassen.<\/p>\n<p>&#8222;50 Shades of Grey&#8220; ver\u00e4nderte die Welt unserer Schlafzimmer. Pl\u00f6tzlich war SM aufregend anders und nicht mehr schmutzig und verp\u00f6nt. F\u00fcr alle, die bis dato mit der Welt des Lack und Leder kaum in Ber\u00fchrung gekommen waren, barg dieser Bereich der Erotik verhei\u00dfungsvolle Abwechslung. Doch wie f\u00e4ngt man an?<br \/>\nWoschofius liefert mit diesem Buch die Antwort und davon gleich 222.<br \/>\n&#8222;Wenn Sie dieses Buch durchgespielt haben, war Ihr Sex wirklich schmutzig, aber auch sensationell gut!&#8220;<\/p>\n<h3>Vorwort<\/h3>\n<p>Selten wurde Sexualit\u00e4t so offen ausgelebt wie zu Beginn des 21.ten Jahrhunderts. Tabus und Grenzen fallen, die westliche Welt ist aufgekl\u00e4rter und in vielen Bereichen toleranter geworden. Die erweiterten M\u00f6glichkeiten des Internets erleichtern zudem die Suche nach Gleichgesinnten und er\u00f6ffnen neue Wege (besondere Formen der) Sexualit\u00e4t auszuleben.<br \/>\nAuch Randbereiche der Sexualit\u00e4t wie Bondage, Sadomasochismus, Homosexualit\u00e4t und Fetischismus sind in der Gesellschaft angekommen. Die Mode vereinnahmt den Fetisch und erotische Partys gibt es mittlerweile in vielen St\u00e4dten.<br \/>\nDas Schlagwort \u201eCasual Sex\u201c oder \u201eFriend with benefit\u201c ist allendhalben zu h\u00f6ren und beschreibt unverbindlichen Sex, der aber durchaus offen ausgelebt wird. Sex ist mehr und mehr zu einem Genussmittel geworden, bei dem es um Lustgewinn geht und nicht um romantische Monogamie.<br \/>\nUm diesen Lustgewinn immer wieder neu zu erleben, werden neue Sexualpartner gesucht oder es werden neue Rituale, Fantasien und W\u00fcnsche umgesetzt. Partnerschaften \u00f6ffnen sich und Polyamorie, erotische Herr-Sklaven-Beziehungen und polygame Lebensskripte tauchen verst\u00e4rkt in den Medien auf. Eine Vielzahl von Webseiten entstanden, die diese Zielgruppe adressieren. Die gr\u00f6\u00dften von Ihnen haben mehrere hunderttausend Mitglieder.<br \/>\nDie gemeinsame Klammer dieser Weiterentwicklung ist die Lust am Lustgewinn.<br \/>\nEine Form dieser Lust, ist die Lust an erotischen Aufgaben und (im BDSM-Umfeld) auch an erotischen Strafen. Hierin wird auch der thematische Schwerpunkt dieses Buches liegen.<\/p>\n<p>Dieses Buch beschreibt 222 solcher erotischer Aufgaben. Unter \u201eStrafen\u201c werden hier Aktionen beschrieben, die sich schwerpunktm\u00e4\u00dfig auf BDSM-Beziehungen beziehen. Hierbei wird ein vereinbartes (tempor\u00e4res) Machtgef\u00e4lle genutzt um Fantasien mit Schmerz und Dem\u00fctigung lustvoll auszuleben.<br \/>\nDieses Buch gliedert sich in reale und virtuelle Spiele, sowie in Outdoor und Indoor-Aktivit\u00e4ten.<br \/>\nBei dem Teil der Aufgaben die virtueller Natur sind, muss die betreffende Person Aufgaben erf\u00fcllen und das Ergebnis dann via Skype, Mail oder SMS als Fotobeweis an den Aufgabensteller \u00fcbermitteln.<br \/>\nDie Beschreibungen, die in diesem Buch zu finden sind, sind wie kleine \u201eKochrezepte\u201c zu verstehen, die die notwendigen Utensilien und Mitspieler, den Aufwand, die Risiken und nat\u00fcrlich den genauen Ablauf wiedergeben.<br \/>\nManche Spiele sind lustvoll, andere eher peinlich, weshalb sie \u00dcberwindung kosten, und wieder andere haben als tragendes Element (erotische) Schmerzreize.<\/p>\n<p>Zudem findet sich auch einiges zu den Themen:<\/p>\n<ul>\n<li>Wo und wie finde ich einen passenden Partner<\/li>\n<li>Basiswissen zu BDSM<\/li>\n<li>Sicherheit<\/li>\n<li>Vorbereitung der &#8222;Spiele&#8220;<\/li>\n<li>Gefahren und Risiken<\/li>\n<\/ul>\n<p>&nbsp;<\/p>\n<p>Das Buch f\u00fchrt Euch also durch die bunte Welt der Erotik.<\/p>\n<p>Woschofius<\/p>\n<p>&nbsp;<\/p>\n<p>PS: Es gibt auch schon den <a href=\"https:\/\/www.woschofius.de\/?page_id=2198\">zweiten Teil.<\/a><\/p>\n","protected":false},"excerpt":{"rendered":"<p>Das Buch der Strafen ist mein erstes Sachbuch, dass ich ver\u00f6ffentlicht habe. Es beinhaltet 222 erotische Aufgaben und Strafen die die ganze Bandbreite von zart bis hart abdecken. Wer also neue Sichtweisen und Anregungen f\u00fcr eine erf\u00fcllte und variantenreiche Sexualit\u00e4t <span class=\"excerpt-dots\">&hellip;<\/span> <a class=\"more-link\" href=\"https:\/\/www.woschofius.de\/?page_id=183\"><span class=\"more-msg\">Weiterlesen &rarr;<\/span><\/a><\/p>\n","protected":false},"author":3,"featured_media":0,"parent":39,"menu_order":12,"comment_status":"closed","ping_status":"closed","template":"","meta":{"ngg_post_thumbnail":0,"footnotes":""},"class_list":["post-183","page","type-page","status-publish","hentry"],"_links":{"self":[{"href":"https:\/\/www.woschofius.de\/index.php?rest_route=\/wp\/v2\/pages\/183","targetHints":{"allow":["GET"]}}],"collection":[{"href":"https:\/\/www.woschofius.de\/index.php?rest_route=\/wp\/v2\/pages"}],"about":[{"href":"https:\/\/www.woschofius.de\/index.php?rest_route=\/wp\/v2\/types\/page"}],"author":[{"embeddable":true,"href":"https:\/\/www.woschofius.de\/index.php?rest_route=\/wp\/v2\/users\/3"}],"replies":[{"embeddable":true,"href":"https:\/\/www.woschofius.de\/index.php?rest_route=%2Fwp%2Fv2%2Fcomments&post=183"}],"version-history":[{"count":35,"href":"https:\/\/www.woschofius.de\/index.php?rest_route=\/wp\/v2\/pages\/183\/revisions"}],"predecessor-version":[{"id":3217,"href":"https:\/\/www.woschofius.de\/index.php?rest_route=\/wp\/v2\/pages\/183\/revisions\/3217"}],"up":[{"embeddable":true,"href":"https:\/\/www.woschofius.de\/index.php?rest_route=\/wp\/v2\/pages\/39"}],"wp:attachment":[{"href":"https:\/\/www.woschofius.de\/index.php?rest_route=%2Fwp%2Fv2%2Fmedia&parent=183"}],"curies":[{"name":"wp","href":"https:\/\/api.w.org\/{rel}","templated":true}]}}