{"id":189,"date":"2013-10-21T16:15:36","date_gmt":"2013-10-21T14:15:36","guid":{"rendered":"http:\/\/www.woschofius.de\/woschofius\/?page_id=189"},"modified":"2015-09-11T11:13:33","modified_gmt":"2015-09-11T09:13:33","slug":"der-marquis","status":"publish","type":"page","link":"https:\/\/www.woschofius.de\/?page_id=189","title":{"rendered":"Der Marquis"},"content":{"rendered":"<p><a href=\"https:\/\/www.woschofius.de\/woschofius\/wp-content\/uploads\/marquisneu.jpg\"><img loading=\"lazy\" decoding=\"async\" class=\"alignleft wp-image-538\" src=\"https:\/\/www.woschofius.de\/woschofius\/wp-content\/uploads\/marquisneu.jpg\" alt=\"Der Marquis\" width=\"282\" height=\"252\" srcset=\"https:\/\/www.woschofius.de\/wp-content\/uploads\/marquisneu.jpg 403w, https:\/\/www.woschofius.de\/wp-content\/uploads\/marquisneu-300x267.jpg 300w, https:\/\/www.woschofius.de\/wp-content\/uploads\/marquisneu-335x300.jpg 335w\" sizes=\"auto, (max-width: 282px) 100vw, 282px\" \/><\/a>&#8222;Der Marquis&#8220; ist eingefangene Stimmung aus meinem Leben&#8230;.ausgewogen, in sich ruhend&#8230;vielleicht etwas d\u00fcster, aber voller positiver Energie. Es beginnt mit dem Ticken einer Uhr, dass die Zeit symbolisiert. Hat die Zeit eigentlich einmal angefangen? Wird sie einmal enden? F\u00fcr mich beginnt die Zeit mit meinen ersten Erinnerungen und endet nat\u00fcrlich mit meiner Letzten. Dazwischen spielt sich das Leben in Episoden ab. Diese Episode beginnt mit ruhigen T\u00f6nen, \u00f6ffnet sich der Gregorianik, nimmt die Ger\u00e4usche eines SM-Spieles auf, um schlie\u00dflich im dumpfen Rhythmus wieder dem Ticken der Uhr zuzustreben. Sie ist somit als kleiner Kreislauf geschrieben&#8230;quasi ein kleines Leben, wie ich es auch bei einer ruhigen SM-Session erlebe&#8230;.und daf\u00fcr habe ich sie auch eigentlich geschrieben.<\/p>\n<p>Erh\u00e4ltlich bei <a title=\"\" href=\"http:\/\/www.amazon.de\/Marquis-Woschofius\/dp\/B0002O3BM8\/ref=sr_1_7?ie=UTF8&amp;qid=1289336238&amp;sr=8-7\" target=\"_blank\">Amazon<\/a>.<br \/>\nIhr k\u00f6nnt den Titel (und alle anderen auch) auch rechts gegen eine kleine Spende von 9,90\u20ac downloaden.<br \/>\nEin Klick auf den Titel gibt Euch einen kleinen Vorgeschmack.<\/p>\n<p>Den Marquis auf Facebook findet Ihr <a href=\"https:\/\/www.facebook.com\/pages\/Der-Marquis\/1571494799792160\">HIER<\/a>.<\/p>\n<div><\/div>\n<h4>Playlist<\/h4>\n<ul>\n<li><a href=\"https:\/\/www.woschofius.de\/woschofius\/wp-content\/uploads\/marquis.mp3\">Der Marquis<\/a>&#8230; (37:59 Min)<\/li>\n<\/ul>\n","protected":false},"excerpt":{"rendered":"<p>&#8222;Der Marquis&#8220; ist eingefangene Stimmung aus meinem Leben&#8230;.ausgewogen, in sich ruhend&#8230;vielleicht etwas d\u00fcster, aber voller positiver Energie. Es beginnt mit dem Ticken einer Uhr, dass die Zeit symbolisiert. Hat die Zeit eigentlich einmal angefangen? Wird sie einmal enden? F\u00fcr mich <span class=\"excerpt-dots\">&hellip;<\/span> <a class=\"more-link\" href=\"https:\/\/www.woschofius.de\/?page_id=189\"><span class=\"more-msg\">Weiterlesen &rarr;<\/span><\/a><\/p>\n","protected":false},"author":3,"featured_media":0,"parent":49,"menu_order":4,"comment_status":"closed","ping_status":"closed","template":"","meta":{"ngg_post_thumbnail":0,"footnotes":""},"class_list":["post-189","page","type-page","status-publish","hentry"],"_links":{"self":[{"href":"https:\/\/www.woschofius.de\/index.php?rest_route=\/wp\/v2\/pages\/189","targetHints":{"allow":["GET"]}}],"collection":[{"href":"https:\/\/www.woschofius.de\/index.php?rest_route=\/wp\/v2\/pages"}],"about":[{"href":"https:\/\/www.woschofius.de\/index.php?rest_route=\/wp\/v2\/types\/page"}],"author":[{"embeddable":true,"href":"https:\/\/www.woschofius.de\/index.php?rest_route=\/wp\/v2\/users\/3"}],"replies":[{"embeddable":true,"href":"https:\/\/www.woschofius.de\/index.php?rest_route=%2Fwp%2Fv2%2Fcomments&post=189"}],"version-history":[{"count":7,"href":"https:\/\/www.woschofius.de\/index.php?rest_route=\/wp\/v2\/pages\/189\/revisions"}],"predecessor-version":[{"id":2070,"href":"https:\/\/www.woschofius.de\/index.php?rest_route=\/wp\/v2\/pages\/189\/revisions\/2070"}],"up":[{"embeddable":true,"href":"https:\/\/www.woschofius.de\/index.php?rest_route=\/wp\/v2\/pages\/49"}],"wp:attachment":[{"href":"https:\/\/www.woschofius.de\/index.php?rest_route=%2Fwp%2Fv2%2Fmedia&parent=189"}],"curies":[{"name":"wp","href":"https:\/\/api.w.org\/{rel}","templated":true}]}}