{"id":191,"date":"2013-10-21T16:17:11","date_gmt":"2013-10-21T14:17:11","guid":{"rendered":"http:\/\/www.woschofius.de\/woschofius\/?page_id=191"},"modified":"2015-09-13T18:12:40","modified_gmt":"2015-09-13T16:12:40","slug":"purgatorium","status":"publish","type":"page","link":"https:\/\/www.woschofius.de\/?page_id=191","title":{"rendered":"Purgatorium"},"content":{"rendered":"<p><a href=\"https:\/\/www.woschofius.de\/woschofius\/wp-content\/uploads\/purgatoriumneu.jpg\"><img loading=\"lazy\" decoding=\"async\" class=\"alignleft wp-image-544\" src=\"https:\/\/www.woschofius.de\/woschofius\/wp-content\/uploads\/purgatoriumneu.jpg\" alt=\"Purgatorium\" width=\"284\" height=\"248\" srcset=\"https:\/\/www.woschofius.de\/wp-content\/uploads\/purgatoriumneu.jpg 405w, https:\/\/www.woschofius.de\/wp-content\/uploads\/purgatoriumneu-300x262.jpg 300w, https:\/\/www.woschofius.de\/wp-content\/uploads\/purgatoriumneu-342x300.jpg 342w\" sizes=\"auto, (max-width: 284px) 100vw, 284px\" \/><\/a>Die CD ist ein musikalischer Spaziergang durch das Fegefeuer<br \/>\nDie Gesamtspieldauer betr\u00e4gt 39:25 Minuten und enth\u00e4lt 8 Titel.<br \/>\n&#8222;H\u00f6llentor&#8220; ist der Start; die T\u00fcr zur Unterwelt \u00f6ffnet sich bedrohlich und gibt den Blick frei auf das Fegefeuer.<br \/>\n&#8222;Purgatorium&#8220; selbst ist das Fegefeuer, in dem die S\u00fcnde bestraft und die Seele gereinigt wird. Dieser Titel ist ein dramatisches Klanggebilde, dass sich tief eingr\u00e4bt.&#8220;Dantes Inferno&#8220; beschreibt das Ende. Nur das Ende ist die Chance f\u00fcr einen Anfang. Bei &#8222;Arme Seelen&#8220; erklingen die weinenden Stimmen der Gemarterten; und danach kommt die &#8222;Totenstille&#8220;. Aus dieser Stille erw\u00e4chst die &#8222;Hoffnung&#8220; und schlie\u00dflich kommt die &#8222;Erl\u00f6sung&#8220;, ein symphonisches Werke, das auch klassische Anteile in sich tr\u00e4gt.<br \/>\nAuferstehung ist schlie\u00dflich der letzte Titel, der auch etwas freundlicher klingt.<br \/>\nDas Gesamtwerk l\u00e4sst sich schlecht in eine Stilrichtung einsortieren Wahrscheinlich passt der Oberbegriff &#8222;Elektronische Musik&#8220; oder &#8222;Ambient&#8220; am Besten. Sie ist in Teilen sakral, dramatisch und dann wieder leise und zart. Sie baut intensiv sich auf und klingt dann ruhig nach. Purgatorium ist absolut sessiontauglich und wird als Hintergrundmusik bereits bei vielen SM und Fetisch -Partys verwendet. Sie eignet sich auch zum Chillout oder ist einfach Musik, die man bei einem aufziehenden Gewitter oder einer wilden Liebesnacht anh\u00f6ren sollte.<br \/>\nIhr k\u00f6nnt den Titel (und alle anderen auch) auch rechts gegen eine kleine Spende von 9,90\u20ac downloaden.<br \/>\nEin Klick auf die unterlegten Titel gibt Euch einen kleinen Vorgeschmack.<\/p>\n<p>Purgatorium auf Facebook findet Ihr <a href=\"https:\/\/www.facebook.com\/pages\/Purgatorium\/865009183546083\">HIER<\/a>.<\/p>\n<div><\/div>\n<h4>Playlist<\/h4>\n<ul>\n<li><a href=\"https:\/\/www.woschofius.de\/woschofius\/wp-content\/uploads\/1-hoellentor-mp3-short.mp3\">H\u00f6llentor<\/a>\u00a0 &#8230;&#8230;&#8230;&#8230; (03:35 Min)<\/li>\n<li><a href=\"https:\/\/www.woschofius.de\/woschofius\/wp-content\/uploads\/2-purgatorium.mp3\">Purgatorium<\/a>\u00a0&#8230;&#8230;. (07:56 Min)<\/li>\n<li>Dantes Inferno &#8230; (07:22 Min)<\/li>\n<li>Arme Seelen &#8230;&#8230; (02:17 Min)<\/li>\n<li>Totenstille &#8230;&#8230;&#8230;.. (03:25 Min)<\/li>\n<li>Hoffnung &#8230;&#8230;&#8230;&#8230;. (06:27 Min)<\/li>\n<li>Erl\u00f6sung &#8230;&#8230;&#8230;&#8230;. (05:02 Min)<\/li>\n<li>Auferstehung &#8230;&#8230; (03:03 Min)<\/li>\n<\/ul>\n","protected":false},"excerpt":{"rendered":"<p>Die CD ist ein musikalischer Spaziergang durch das Fegefeuer Die Gesamtspieldauer betr\u00e4gt 39:25 Minuten und enth\u00e4lt 8 Titel. &#8222;H\u00f6llentor&#8220; ist der Start; die T\u00fcr zur Unterwelt \u00f6ffnet sich bedrohlich und gibt den Blick frei auf das Fegefeuer. &#8222;Purgatorium&#8220; selbst ist <span class=\"excerpt-dots\">&hellip;<\/span> <a class=\"more-link\" href=\"https:\/\/www.woschofius.de\/?page_id=191\"><span class=\"more-msg\">Weiterlesen &rarr;<\/span><\/a><\/p>\n","protected":false},"author":3,"featured_media":0,"parent":49,"menu_order":6,"comment_status":"closed","ping_status":"closed","template":"","meta":{"ngg_post_thumbnail":0,"footnotes":""},"class_list":["post-191","page","type-page","status-publish","hentry"],"_links":{"self":[{"href":"https:\/\/www.woschofius.de\/index.php?rest_route=\/wp\/v2\/pages\/191","targetHints":{"allow":["GET"]}}],"collection":[{"href":"https:\/\/www.woschofius.de\/index.php?rest_route=\/wp\/v2\/pages"}],"about":[{"href":"https:\/\/www.woschofius.de\/index.php?rest_route=\/wp\/v2\/types\/page"}],"author":[{"embeddable":true,"href":"https:\/\/www.woschofius.de\/index.php?rest_route=\/wp\/v2\/users\/3"}],"replies":[{"embeddable":true,"href":"https:\/\/www.woschofius.de\/index.php?rest_route=%2Fwp%2Fv2%2Fcomments&post=191"}],"version-history":[{"count":8,"href":"https:\/\/www.woschofius.de\/index.php?rest_route=\/wp\/v2\/pages\/191\/revisions"}],"predecessor-version":[{"id":2174,"href":"https:\/\/www.woschofius.de\/index.php?rest_route=\/wp\/v2\/pages\/191\/revisions\/2174"}],"up":[{"embeddable":true,"href":"https:\/\/www.woschofius.de\/index.php?rest_route=\/wp\/v2\/pages\/49"}],"wp:attachment":[{"href":"https:\/\/www.woschofius.de\/index.php?rest_route=%2Fwp%2Fv2%2Fmedia&parent=191"}],"curies":[{"name":"wp","href":"https:\/\/api.w.org\/{rel}","templated":true}]}}