{"id":1945,"date":"2015-07-01T08:31:31","date_gmt":"2015-07-01T06:31:31","guid":{"rendered":"http:\/\/www.woschofius.de\/?page_id=1945"},"modified":"2018-03-12T14:42:57","modified_gmt":"2018-03-12T13:42:57","slug":"ausbildungstag-geschichte-der-o","status":"publish","type":"page","link":"https:\/\/www.woschofius.de\/?page_id=1945","title":{"rendered":"Ausbildungsabend &#8222;Geschichte der O&#8220;"},"content":{"rendered":"<p><a href=\"https:\/\/www.woschofius.de\/woschofius\/wp-content\/uploads\/marl-1c.jpg\"><img loading=\"lazy\" decoding=\"async\" class=\"alignleft wp-image-1209\" src=\"https:\/\/www.woschofius.de\/woschofius\/wp-content\/uploads\/marl-1c.jpg\" alt=\"Warten auf...\" width=\"207\" height=\"304\" \/><\/a>Dieser Themenabend\/Workshop ist wieder der <a href=\"https:\/\/de.wikipedia.org\/wiki\/Geschichte_der_O\">&#8222;Geschichte der O&#8220;<\/a> gewidmet. Er ist die praktische Vertiefung des <a href=\"https:\/\/www.woschofius.de\/?page_id=1807\">Vortrages <\/a>zu gleichem Thema.<\/p>\n<p>Die &lt;O&gt; als erotische Dienerin sieht ihren Sinn darin, bestm\u00f6glichst zu dienen und ihren Herrn stolz zu machen. Alles was Sie tut, ist diesem Ziel gewidmet.<\/p>\n<p>Dieser Abend ist also dem Erlernen des Dienens gewidmet. Es geht bei den \u00dcbungen aber nicht um die sexuelle Verf\u00fcgbarkeit oder die Durchf\u00fchrung von schmerzhaften SM-Praktiken, sondern um das korrekte Verhalten, Benehmen und Dienen. Teilnehmen k\u00f6nnen Paare und Einzeldamen (Keine Einzelherren).<\/p>\n<p>Nat\u00fcrlich sind alle gemachten &#8222;Vorgaben&#8220; nur als Vorschlag bzw Anregung zu verstehen. Der Abend hat also nicht den Anspruch, die allein richtige Herangehensweise zu pr\u00e4sentieren. Dieser Abend ist ideal zur Vertiefung oder zum Hineinschnuppern in die Materie &#8222;Dominance &amp; Submission&#8220; auf Grundlage der Geschichte der O.<\/p>\n<p>Folgende Inhalte sind vorgesehen.<\/p>\n<p><strong>\u00dcbungsinhalte:<\/strong><\/p>\n<ul>\n<li>Das Selbstverst\u00e4ndnis einer O<\/li>\n<li>Sicherheit und covern<\/li>\n<li>Erarbeiten des Neigungsbogens<\/li>\n<li>Grundstellungen ein\u00fcben<\/li>\n<li>Kleiderordnung privat und im Alltag<\/li>\n<li>Erarbeitung eines Sklavenvertrages<\/li>\n<li>Erstellen und F\u00fchren eines \u201eBuches der O\u201c<\/li>\n<li>F\u00fchren eines Strafbuches<\/li>\n<li>Virtuelle Aufgaben<\/li>\n<li>Das K\u00f6rperprotokoll<\/li>\n<li>Das richtige Bedienen am Tisch, in der Sitzgruppe und im Stehen<\/li>\n<li>Das korrekte \u201eNEIN\u201c-Sagen, Umgang mit \u00dcbergriffen<\/li>\n<li>W\u00fcnsche \u00e4u\u00dfern<\/li>\n<li>Aktiv Startpunkte f\u00fcr ein Spiel setzen<\/li>\n<li>Das Umgehen mit Tabus und Grenzen<\/li>\n<li>Kommunikation bei Probleme<\/li>\n<li>Wie gehe ich als O mit Beziehungsproblemen um?<\/li>\n<li>Verhalten in der \u00d6ffentlichkeit<\/li>\n<li>Verhalten auf Partys und gegen\u00fcber fremden Herren<\/li>\n<li>M\u00f6glichkeiten der Kennzeichnung<\/li>\n<li>Reale Bestrafungen<\/li>\n<\/ul>\n<p>&nbsp;<\/p>\n<p>Danach gibt es sicherlich noch Zeit f\u00fcr einen Austausch und Networkworking sowie die reale Anwendung. Auf Wunsch f\u00fchre ich auch gerne private Einzelworkshops durch.<\/p>\n<p><strong>Dresscode:<\/strong><\/p>\n<ul>\n<li>Die Herren (bei Paaren) im Anzug, angemessenes Outfit oder gutes Casual<\/li>\n<li>Die Damen entsprechend dem Anlass, wobei dies nicht zwingend entbl\u00f6\u00dft bedeutet.<\/li>\n<\/ul>\n<p>&nbsp;<\/p>\n<p><strong>Termin: 13.01.2017, ab 20 Uhr, Einlass 19:30<\/strong><\/p>\n<p><b>Dauer:<\/b> ca 2,5-3 Stunden<br \/>\n<b>Ort:<\/b> Stuttgart (www.sm-stuttgart.de)<br \/>\n<b>Eintritt: <b>25<\/b> \u20ac<\/b> pro Person inkl. Workshopunterlage (Maximal 20 Personen)<br \/>\n<b>Kontakt:<\/b> <a title=\"\" href=\"http:\/\/woschofius@woschofius.de\" target=\"_blank\" rel=\"noopener\">woschofius@woschofius.de<\/a>\u00a0 oder<br \/>\nAnmeldung \u00fcber mein Profil im Joyclub:<a href=\"http:\/\/www.joyclub.de\/my\/286156.woschofius.html\"> HIER<\/a><\/p>\n<p>Woschofius<\/p>\n","protected":false},"excerpt":{"rendered":"<p>Dieser Themenabend\/Workshop ist wieder der &#8222;Geschichte der O&#8220; gewidmet. Er ist die praktische Vertiefung des Vortrages zu gleichem Thema. Die &lt;O&gt; als erotische Dienerin sieht ihren Sinn darin, bestm\u00f6glichst zu dienen und ihren Herrn stolz zu machen. Alles was Sie <span class=\"excerpt-dots\">&hellip;<\/span> <a class=\"more-link\" href=\"https:\/\/www.woschofius.de\/?page_id=1945\"><span class=\"more-msg\">Weiterlesen &rarr;<\/span><\/a><\/p>\n","protected":false},"author":3,"featured_media":0,"parent":1658,"menu_order":5,"comment_status":"closed","ping_status":"closed","template":"","meta":{"ngg_post_thumbnail":0,"footnotes":""},"class_list":["post-1945","page","type-page","status-publish","hentry"],"_links":{"self":[{"href":"https:\/\/www.woschofius.de\/index.php?rest_route=\/wp\/v2\/pages\/1945","targetHints":{"allow":["GET"]}}],"collection":[{"href":"https:\/\/www.woschofius.de\/index.php?rest_route=\/wp\/v2\/pages"}],"about":[{"href":"https:\/\/www.woschofius.de\/index.php?rest_route=\/wp\/v2\/types\/page"}],"author":[{"embeddable":true,"href":"https:\/\/www.woschofius.de\/index.php?rest_route=\/wp\/v2\/users\/3"}],"replies":[{"embeddable":true,"href":"https:\/\/www.woschofius.de\/index.php?rest_route=%2Fwp%2Fv2%2Fcomments&post=1945"}],"version-history":[{"count":34,"href":"https:\/\/www.woschofius.de\/index.php?rest_route=\/wp\/v2\/pages\/1945\/revisions"}],"predecessor-version":[{"id":2884,"href":"https:\/\/www.woschofius.de\/index.php?rest_route=\/wp\/v2\/pages\/1945\/revisions\/2884"}],"up":[{"embeddable":true,"href":"https:\/\/www.woschofius.de\/index.php?rest_route=\/wp\/v2\/pages\/1658"}],"wp:attachment":[{"href":"https:\/\/www.woschofius.de\/index.php?rest_route=%2Fwp%2Fv2%2Fmedia&parent=1945"}],"curies":[{"name":"wp","href":"https:\/\/api.w.org\/{rel}","templated":true}]}}