{"id":195,"date":"2013-10-21T16:19:48","date_gmt":"2013-10-21T14:19:48","guid":{"rendered":"http:\/\/www.woschofius.de\/woschofius\/?page_id=195"},"modified":"2015-09-11T11:12:10","modified_gmt":"2015-09-11T09:12:10","slug":"kin-ping-meh","status":"publish","type":"page","link":"https:\/\/www.woschofius.de\/?page_id=195","title":{"rendered":"Kin Ping Meh"},"content":{"rendered":"<p><a href=\"https:\/\/www.woschofius.de\/woschofius\/wp-content\/uploads\/kpmcover.jpg\"><img loading=\"lazy\" decoding=\"async\" class=\"alignleft size-full wp-image-537\" src=\"https:\/\/www.woschofius.de\/woschofius\/wp-content\/uploads\/kpmcover.jpg\" alt=\"Kin Ping Meh\" width=\"243\" height=\"278\" \/><\/a>Die Musik CD &#8222;Kin Ping Meh&#8220; gab es nicht als CD zu kaufen. Diese CD ist als Begleitmusik f\u00fcr eine private asiatische BDSM-Party entstanden die j\u00e4hrlich in der N\u00e4he Stuttgarts in einem asiatischen Garten stattfand. Sie bildete den musikalischen Rahmen von Sushi und Shibari.<\/p>\n<p>Daher hat die Musik auch asiatische Anleihen in Form von Windspielen, Gongs usw.<\/p>\n<p>Namensgeber f\u00fcr die Musik ist der Roman gleichen Namens, der von einem W\u00fcstling handelt, der mit seinen 6 Frauen manch amour\u00f6ses Abenteuer erlebt.<br \/>\nJeder Gast bekam diese CD als kleines Geschenk, um eine Erinnerung an den Abend zu haben.<\/p>\n<p>Ihr k\u00f6nnt den Titel (und alle anderen auch) rechts gegen eine kleine Spende von 9,90\u20ac downloaden.<\/p>\n<p>&nbsp;<\/p>\n","protected":false},"excerpt":{"rendered":"<p>Die Musik CD &#8222;Kin Ping Meh&#8220; gab es nicht als CD zu kaufen. Diese CD ist als Begleitmusik f\u00fcr eine private asiatische BDSM-Party entstanden die j\u00e4hrlich in der N\u00e4he Stuttgarts in einem asiatischen Garten stattfand. Sie bildete den musikalischen Rahmen <span class=\"excerpt-dots\">&hellip;<\/span> <a class=\"more-link\" href=\"https:\/\/www.woschofius.de\/?page_id=195\"><span class=\"more-msg\">Weiterlesen &rarr;<\/span><\/a><\/p>\n","protected":false},"author":3,"featured_media":0,"parent":49,"menu_order":12,"comment_status":"closed","ping_status":"closed","template":"","meta":{"ngg_post_thumbnail":0,"footnotes":""},"class_list":["post-195","page","type-page","status-publish","hentry"],"_links":{"self":[{"href":"https:\/\/www.woschofius.de\/index.php?rest_route=\/wp\/v2\/pages\/195","targetHints":{"allow":["GET"]}}],"collection":[{"href":"https:\/\/www.woschofius.de\/index.php?rest_route=\/wp\/v2\/pages"}],"about":[{"href":"https:\/\/www.woschofius.de\/index.php?rest_route=\/wp\/v2\/types\/page"}],"author":[{"embeddable":true,"href":"https:\/\/www.woschofius.de\/index.php?rest_route=\/wp\/v2\/users\/3"}],"replies":[{"embeddable":true,"href":"https:\/\/www.woschofius.de\/index.php?rest_route=%2Fwp%2Fv2%2Fcomments&post=195"}],"version-history":[{"count":8,"href":"https:\/\/www.woschofius.de\/index.php?rest_route=\/wp\/v2\/pages\/195\/revisions"}],"predecessor-version":[{"id":1259,"href":"https:\/\/www.woschofius.de\/index.php?rest_route=\/wp\/v2\/pages\/195\/revisions\/1259"}],"up":[{"embeddable":true,"href":"https:\/\/www.woschofius.de\/index.php?rest_route=\/wp\/v2\/pages\/49"}],"wp:attachment":[{"href":"https:\/\/www.woschofius.de\/index.php?rest_route=%2Fwp%2Fv2%2Fmedia&parent=195"}],"curies":[{"name":"wp","href":"https:\/\/api.w.org\/{rel}","templated":true}]}}