{"id":1958,"date":"2015-07-16T16:11:20","date_gmt":"2015-07-16T14:11:20","guid":{"rendered":"http:\/\/www.woschofius.de\/?page_id=1958"},"modified":"2016-05-23T10:25:36","modified_gmt":"2016-05-23T08:25:36","slug":"a-girl-with-herself","status":"publish","type":"page","link":"https:\/\/www.woschofius.de\/?page_id=1958","title":{"rendered":"A girl with herself"},"content":{"rendered":"<p><a href=\"https:\/\/www.woschofius.de\/woschofius\/wp-content\/uploads\/heik06klc.jpg\"><img loading=\"lazy\" decoding=\"async\" class=\"alignleft wp-image-2513\" src=\"https:\/\/www.woschofius.de\/woschofius\/wp-content\/uploads\/heik06klc.jpg\" alt=\"heik06klc\" width=\"200\" height=\"299\" \/><\/a>Die junge Frau f\u00fchlt sich unbeobachtet und erforscht ihren nackten K\u00f6rper. langsam entkleidet sie sich. Dann macht sie es sich auf ihrem Bett bequem. Ihre Finger wandern in den Slip&#8230; Dann wird sie forscher. Erst mit T\u00fcchern, den H\u00e4nden, einer Feder, Eisw\u00fcrfeln und dann mit diversen Sexspielzeugen (Glas und Metall-Toys).<br \/>\nDie Fotografen haben die m\u00f6glichkeit sie dabei zu &#8222;beobachten&#8220;<\/p>\n<p>Zielgruppe sind Fotografen (Hobby bis professionell).<br \/>\nTeilnahme ab 18 Jahre, da PornArt Shooting<\/p>\n<p>&nbsp;<\/p>\n<p>&nbsp;<\/p>\n<p>&nbsp;<\/p>\n<p>Link zum Model:<b><a href=\"https:\/\/www.model-kartei.de\/sedcards\/model\/133909\/naked-ohne-kleidung\/\"><b> Naked<\/b><\/a><\/b><\/p>\n<p><b>Termin: <b>folgt <\/b>ab 14 Uhr<\/b><br \/>\n<b>Dauer: <\/b>ca 2,5- 3h mit Pausen<br \/>\n<b>Ort:<\/b> Fotostudio in Ludwigsburg<br \/>\n<b>Preise:<\/b><br \/>\nGruppen mit maximal 4 Teilnehmer = 120\u20ac\/Person<br \/>\nEnthalten sind nicht-alkoholische Getr\u00e4nke.<br \/>\n<b>Vertrag:<\/b> Shootingvertrag ohne kommerzielle Rechte!<\/p>\n<p><a href=\"https:\/\/www.woschofius.de\/woschofius\/wp-content\/uploads\/heik04kl.jpg\"><img loading=\"lazy\" decoding=\"async\" class=\"wp-image-2516 alignnone\" src=\"https:\/\/www.woschofius.de\/woschofius\/wp-content\/uploads\/heik04kl.jpg\" alt=\"heik04kl\" width=\"410\" height=\"274\" srcset=\"https:\/\/www.woschofius.de\/wp-content\/uploads\/heik04kl.jpg 850w, https:\/\/www.woschofius.de\/wp-content\/uploads\/heik04kl-600x401.jpg 600w\" sizes=\"auto, (max-width: 410px) 100vw, 410px\" \/>\u00a0\u00a0 <\/a><a href=\"https:\/\/www.woschofius.de\/woschofius\/wp-content\/uploads\/heik04kl.jpg\"><img loading=\"lazy\" decoding=\"async\" class=\"alignnone\" src=\"https:\/\/www.woschofius.de\/woschofius\/wp-content\/uploads\/heik07klc.jpg\" width=\"193\" height=\"276\" \/><\/a><\/p>\n<p>Anmeldung <a title=\"\" href=\"mailto:woschofius@woschofius.de\" target=\"_blank\">HIER<\/a><br \/>\nBitte beachtet ggfls. meine <a title=\"AGBs\" href=\"https:\/\/www.woschofius.de\/woschofius\/?page_id=97\">AGB.<\/a><br \/>\nTeilnahme auf eigene Gefahr<\/p>\n","protected":false},"excerpt":{"rendered":"<p>Die junge Frau f\u00fchlt sich unbeobachtet und erforscht ihren nackten K\u00f6rper. langsam entkleidet sie sich. Dann macht sie es sich auf ihrem Bett bequem. Ihre Finger wandern in den Slip&#8230; Dann wird sie forscher. Erst mit T\u00fcchern, den H\u00e4nden, einer <span class=\"excerpt-dots\">&hellip;<\/span> <a class=\"more-link\" href=\"https:\/\/www.woschofius.de\/?page_id=1958\"><span class=\"more-msg\">Weiterlesen &rarr;<\/span><\/a><\/p>\n","protected":false},"author":3,"featured_media":0,"parent":123,"menu_order":1,"comment_status":"closed","ping_status":"closed","template":"","meta":{"ngg_post_thumbnail":0,"footnotes":""},"class_list":["post-1958","page","type-page","status-publish","hentry"],"_links":{"self":[{"href":"https:\/\/www.woschofius.de\/index.php?rest_route=\/wp\/v2\/pages\/1958","targetHints":{"allow":["GET"]}}],"collection":[{"href":"https:\/\/www.woschofius.de\/index.php?rest_route=\/wp\/v2\/pages"}],"about":[{"href":"https:\/\/www.woschofius.de\/index.php?rest_route=\/wp\/v2\/types\/page"}],"author":[{"embeddable":true,"href":"https:\/\/www.woschofius.de\/index.php?rest_route=\/wp\/v2\/users\/3"}],"replies":[{"embeddable":true,"href":"https:\/\/www.woschofius.de\/index.php?rest_route=%2Fwp%2Fv2%2Fcomments&post=1958"}],"version-history":[{"count":16,"href":"https:\/\/www.woschofius.de\/index.php?rest_route=\/wp\/v2\/pages\/1958\/revisions"}],"predecessor-version":[{"id":2517,"href":"https:\/\/www.woschofius.de\/index.php?rest_route=\/wp\/v2\/pages\/1958\/revisions\/2517"}],"up":[{"embeddable":true,"href":"https:\/\/www.woschofius.de\/index.php?rest_route=\/wp\/v2\/pages\/123"}],"wp:attachment":[{"href":"https:\/\/www.woschofius.de\/index.php?rest_route=%2Fwp%2Fv2%2Fmedia&parent=1958"}],"curies":[{"name":"wp","href":"https:\/\/api.w.org\/{rel}","templated":true}]}}