{"id":2198,"date":"2015-09-30T09:26:39","date_gmt":"2015-09-30T07:26:39","guid":{"rendered":"http:\/\/www.woschofius.de\/?page_id=2198"},"modified":"2016-08-31T16:06:14","modified_gmt":"2016-08-31T14:06:14","slug":"buch-der-strafen-teil-2","status":"publish","type":"page","link":"https:\/\/www.woschofius.de\/?page_id=2198","title":{"rendered":"Buch der Strafen Teil 2"},"content":{"rendered":"<p><em>&#8222;Keine Strafe ist auch keine L\u00f6sungen&#8220;<\/em><\/p>\n<p>Dieses Buch ist der zweite Band meiner Handb\u00fccher \u00fcber erotischen Szenarien. Es beinhaltet <strong>365<\/strong> verschiedene Aufgaben und Strafen.<\/p>\n<p>Unter \u201eStrafen\u201c werden hier Aktionen beschrieben, die sich schwerpunktm\u00e4\u00dfig auf BDSM-Beziehungen beziehen. Hierbei wird ein vereinbartes (freiwilliges) Machtgef\u00e4lle genutzt um Fantasien mit Lust, Schmerz und Dem\u00fctigung lustvoll auszuleben<a href=\"https:\/\/www.amazon.de\/gp\/product\/3944154509\/ref=as_li_tl?ie=UTF8&amp;camp=1638&amp;creative=6742&amp;creativeASIN=3944154509&amp;linkCode=as2&amp;tag=woschofius-21\" rel=\"nofollow\"><img loading=\"lazy\" decoding=\"async\" class=\"alignleft\" src=\"http:\/\/ws-eu.amazon-adsystem.com\/widgets\/q?_encoding=UTF8&amp;ASIN=3944154509&amp;Format=_SL250_&amp;ID=AsinImage&amp;MarketPlace=DE&amp;ServiceVersion=20070822&amp;WS=1&amp;tag=woschofius-21\" width=\"186\" height=\"279\" border=\"0\" \/><\/a>.<br \/>\nDieses Buch gliedert sich in reale und virtuelle Spiele, sowie in Outdoor-, Party- und Indoor-Aktivit\u00e4ten.<br \/>\nBei dem Teil der Aufgaben die virtueller Natur sind, muss die betreffende Person Aufgaben erf\u00fcllen und das Ergebnis dann via Skype, Mail oder SMS\/MMS\/PN als Fotobeweis an den Aufgabensteller \u00fcbermitteln.<br \/>\n<img loading=\"lazy\" decoding=\"async\" style=\"border: none !important; margin: 0px !important;\" src=\"http:\/\/ir-de.amazon-adsystem.com\/e\/ir?t=woschofius-21&amp;l=as2&amp;o=3&amp;a=3944154509\" alt=\"\" width=\"1\" height=\"1\" border=\"0\" \/>Die Beschreibungen, die in diesem Buch zu finden sind, sind wie kleine \u201eKochrezepte\u201c zu verstehen, die die notwendigen Utensilien und Mitspieler, den Aufwand, die Risiken und nat\u00fcrlich den genauen Ablauf wiedergeben.<br \/>\nManche Spiele sind lustvoll, andere eher peinlich, weshalb sie \u00dcberwindung kosten, und wieder andere haben als tragendes Element (erotische) Schmerzreize.<\/p>\n<p>Ein Klick auf die rechte Grafik bringt Dich direkt zum Shop.<\/p>\n<p>&nbsp;<\/p>\n<ul>\n<li><a href=\"https:\/\/www.facebook.com\/buchderstrafen2\/\">Buch der Strafen Teil 2 auf Facebook<\/a><\/li>\n<\/ul>\n<p>&nbsp;<\/p>\n<p><strong>Produktinformation<\/strong><\/p>\n<div class=\"content\">\n<ul>\n<li><b>Broschiert:<\/b> 237 Seiten<\/li>\n<li><b>Verlag:<\/b> Salax Verlag)<\/li>\n<li><b>Sprache:<\/b> Deutsch<\/li>\n<li><b>ISBN-10:<\/b> 3944154509<\/li>\n<li><b>ISBN-13:<\/b> 978-3944154503<\/li>\n<\/ul>\n<\/div>\n<p>&nbsp;<\/p>\n<p><strong>Klapppentext:<\/strong><\/p>\n<p><em>&#8222;Nach dem sensationellen Erfolg des ersten Teils, der sich monatelag auf Platz 1 bei Amazon im den Bereichen SM und Beziehungen festsetzte, pr\u00e4sentiert der Autor nun ganze 365 Strafen eine f\u00fcr jeden Tag!<\/em><\/p>\n<p><em>Noch spannender, noch verspielter, noch versauter, ein Fest f\u00fcr alle, die bei Sex nicht unbedingt an Licht aus und Decke dr\u00fcber denken.<\/em><br \/>\n<em>Sex will zelebriert werden, es ist das Spiel der Lust. Denn es gilt nach wie vor: Wenn Sex nicht schmutzig war, dann war er nicht gut!<\/em><\/p>\n<p><em>Woschofius ist eine absolute SM-Szenegr\u00f6\u00dfe. Er beweist einmal mehr, dass Sex spannend, aufregend, anders sein kann und gibt atemberaubende Tipps, um neues Feuer ins Schlafzimmer zu bringen &#8230; oder den Autobahnparkplatz &#8230; oder den Supermarkt &#8230; den \u00f6ffentlichen Personennahverkehr &#8230;&#8220;<\/em><\/p>\n<p>Den ersten Teil des Buches findet ihr <a href=\"https:\/\/www.woschofius.de\/?page_id=183\">HIER<\/a>.<\/p>\n","protected":false},"excerpt":{"rendered":"<p>&#8222;Keine Strafe ist auch keine L\u00f6sungen&#8220; Dieses Buch ist der zweite Band meiner Handb\u00fccher \u00fcber erotischen Szenarien. Es beinhaltet 365 verschiedene Aufgaben und Strafen. Unter \u201eStrafen\u201c werden hier Aktionen beschrieben, die sich schwerpunktm\u00e4\u00dfig auf BDSM-Beziehungen beziehen. Hierbei wird ein vereinbartes <span class=\"excerpt-dots\">&hellip;<\/span> <a class=\"more-link\" href=\"https:\/\/www.woschofius.de\/?page_id=2198\"><span class=\"more-msg\">Weiterlesen &rarr;<\/span><\/a><\/p>\n","protected":false},"author":3,"featured_media":0,"parent":39,"menu_order":13,"comment_status":"closed","ping_status":"closed","template":"","meta":{"ngg_post_thumbnail":0,"footnotes":""},"class_list":["post-2198","page","type-page","status-publish","hentry"],"_links":{"self":[{"href":"https:\/\/www.woschofius.de\/index.php?rest_route=\/wp\/v2\/pages\/2198","targetHints":{"allow":["GET"]}}],"collection":[{"href":"https:\/\/www.woschofius.de\/index.php?rest_route=\/wp\/v2\/pages"}],"about":[{"href":"https:\/\/www.woschofius.de\/index.php?rest_route=\/wp\/v2\/types\/page"}],"author":[{"embeddable":true,"href":"https:\/\/www.woschofius.de\/index.php?rest_route=\/wp\/v2\/users\/3"}],"replies":[{"embeddable":true,"href":"https:\/\/www.woschofius.de\/index.php?rest_route=%2Fwp%2Fv2%2Fcomments&post=2198"}],"version-history":[{"count":15,"href":"https:\/\/www.woschofius.de\/index.php?rest_route=\/wp\/v2\/pages\/2198\/revisions"}],"predecessor-version":[{"id":2648,"href":"https:\/\/www.woschofius.de\/index.php?rest_route=\/wp\/v2\/pages\/2198\/revisions\/2648"}],"up":[{"embeddable":true,"href":"https:\/\/www.woschofius.de\/index.php?rest_route=\/wp\/v2\/pages\/39"}],"wp:attachment":[{"href":"https:\/\/www.woschofius.de\/index.php?rest_route=%2Fwp%2Fv2%2Fmedia&parent=2198"}],"curies":[{"name":"wp","href":"https:\/\/api.w.org\/{rel}","templated":true}]}}