{"id":2326,"date":"2015-12-07T12:00:30","date_gmt":"2015-12-07T11:00:30","guid":{"rendered":"http:\/\/www.woschofius.de\/?page_id=2326"},"modified":"2023-10-20T13:37:16","modified_gmt":"2023-10-20T11:37:16","slug":"woschofius-fickt","status":"publish","type":"page","link":"https:\/\/www.woschofius.de\/?page_id=2326","title":{"rendered":"Woschofius fickt&#8230;"},"content":{"rendered":"<p><strong><a href=\"https:\/\/www.woschofius.de\/woschofius\/wp-content\/uploads\/isi05kl.jpg\"><img loading=\"lazy\" decoding=\"async\" class=\"alignleft wp-image-1282\" src=\"https:\/\/www.woschofius.de\/woschofius\/wp-content\/uploads\/isi05kl.jpg\" alt=\"\" width=\"221\" height=\"292\" srcset=\"https:\/\/www.woschofius.de\/wp-content\/uploads\/isi05kl.jpg 471w, https:\/\/www.woschofius.de\/wp-content\/uploads\/isi05kl-226x300.jpg 226w\" sizes=\"auto, (max-width: 221px) 100vw, 221px\" \/><\/a>&#8230; euer Gehirn.<\/strong><\/p>\n<p>Ja, da flie\u00dfen sie wieder die Geschichten&#8230; hinein in eurer Gehirn und machen sich langsam breit.<\/p>\n<p>Manche werden Euch zum Lachen bringen, andere vielleicht traurig machen oder ratlos hinterlassen. Manchmal sind auch etwas roh und gemein &#8230; also eben irgendwie so, wie Sex sein kann, in all seinen Facetten.<\/p>\n<p>Es sind Geschichten aus meinem Leben, erz\u00e4hltes, erlebtes, vergangenes und Fantasien&#8230;<\/p>\n<p>Und nat\u00fcrlich werden euch Horst, Chantal und die b\u00f6se Helga begegnen. Da m\u00fcsst ihr aber etwas aufpassen, weil das meist anders l\u00e4uft als gew\u00fcnscht.<\/p>\n<p>Seid also gespannt!<\/p>\n<p><strong>Achtung:<\/strong> Die Lokation hat maximal Platz f\u00fcr 60 Personen. Einlass nur nach Best\u00e4tigung.<\/p>\n<p><strong>Termin: folgt<\/strong><br \/>\n<b>Dauer:<\/b> ca 2 Stunden<\/p>\n<p>Ort:<br \/>\nClimax Institutes<br \/>\nCalwer Stra\u00dfe 25<br \/>\n70173 Stuttgart<br \/>\nTel. 0711\/294849<\/p>\n<p><a href=\"http:\/\/www.climax-institutes.de\">www.climax-institutes.de<\/a><br \/>\n<b>Kontakt:<\/b> <a title=\"\" href=\"http:\/\/woschofius@woschofius.de\" target=\"_blank\" rel=\"noopener\">woschofius@woschofius.de<\/a>&nbsp; oder<br \/>\nAnmeldung im Joyclub<\/p>\n","protected":false},"excerpt":{"rendered":"<p>&#8230; euer Gehirn. Ja, da flie\u00dfen sie wieder die Geschichten&#8230; hinein in eurer Gehirn und machen sich langsam breit. Manche werden Euch zum Lachen bringen, andere vielleicht traurig machen oder ratlos hinterlassen. Manchmal sind auch etwas roh und gemein &#8230; <span class=\"excerpt-dots\">&hellip;<\/span> <a class=\"more-link\" href=\"https:\/\/www.woschofius.de\/?page_id=2326\"><span class=\"more-msg\">Weiterlesen &rarr;<\/span><\/a><\/p>\n","protected":false},"author":3,"featured_media":0,"parent":51,"menu_order":3,"comment_status":"closed","ping_status":"closed","template":"","meta":{"ngg_post_thumbnail":0,"footnotes":""},"class_list":["post-2326","page","type-page","status-publish","hentry"],"_links":{"self":[{"href":"https:\/\/www.woschofius.de\/index.php?rest_route=\/wp\/v2\/pages\/2326","targetHints":{"allow":["GET"]}}],"collection":[{"href":"https:\/\/www.woschofius.de\/index.php?rest_route=\/wp\/v2\/pages"}],"about":[{"href":"https:\/\/www.woschofius.de\/index.php?rest_route=\/wp\/v2\/types\/page"}],"author":[{"embeddable":true,"href":"https:\/\/www.woschofius.de\/index.php?rest_route=\/wp\/v2\/users\/3"}],"replies":[{"embeddable":true,"href":"https:\/\/www.woschofius.de\/index.php?rest_route=%2Fwp%2Fv2%2Fcomments&post=2326"}],"version-history":[{"count":12,"href":"https:\/\/www.woschofius.de\/index.php?rest_route=\/wp\/v2\/pages\/2326\/revisions"}],"predecessor-version":[{"id":3273,"href":"https:\/\/www.woschofius.de\/index.php?rest_route=\/wp\/v2\/pages\/2326\/revisions\/3273"}],"up":[{"embeddable":true,"href":"https:\/\/www.woschofius.de\/index.php?rest_route=\/wp\/v2\/pages\/51"}],"wp:attachment":[{"href":"https:\/\/www.woschofius.de\/index.php?rest_route=%2Fwp%2Fv2%2Fmedia&parent=2326"}],"curies":[{"name":"wp","href":"https:\/\/api.w.org\/{rel}","templated":true}]}}