{"id":265,"date":"2013-10-21T18:06:45","date_gmt":"2013-10-21T16:06:45","guid":{"rendered":"http:\/\/www.woschofius.de\/woschofius\/?page_id=265"},"modified":"2016-09-19T07:41:00","modified_gmt":"2016-09-19T05:41:00","slug":"woschofius-trifft-de-sade","status":"publish","type":"page","link":"https:\/\/www.woschofius.de\/?page_id=265","title":{"rendered":"Woschofius trifft de Sade"},"content":{"rendered":"<div><img loading=\"lazy\" decoding=\"async\" class=\"alignleft wp-image-604\" src=\"https:\/\/www.woschofius.de\/woschofius\/wp-content\/uploads\/sade2_160.gif\" alt=\"sade2_160\" width=\"198\" height=\"220\" \/>Marquis de Sade, der Namensgeber des Sadomasochismus ist eine schillernde Pers\u00f6nlichkeit.<\/div>\n<p>War er Philosoph, Schriftsteller, Pornograf oder ein perverser Verr\u00fcckter?<\/p>\n<p>Wenige Menschen haben die Gesellschaft \u00fcber Jahrhunderte so besch\u00e4ftigt und gespalten wie der Marquis de Sade.<\/p>\n<p>Eine Collage aus Fotografien, Informationen \u00fcber de Sade und romanhafter Lesung bringen diese Figur dem Zuschauer etwas n\u00e4her.<\/p>\n<p>&nbsp;<\/p>\n<h4><strong>Details:<\/strong><\/h4>\n<ul>\n<li>Explizite Textpassagen aus <a title=\"Tortura Insomniae\" href=\"https:\/\/www.woschofius.de\/?page_id=177\">\u201cTortura Insomiae&#8220;<\/a> von Woschofius (Roman \u00fcber das Leben de Sades)<\/li>\n<li>Was de Sade als Jugendlicher bei seinem Onkel erlebte<\/li>\n<li>Wie eine arme Bettlerin leiden musste<\/li>\n<li>Was die Prostituierten in Marseille erlebten<\/li>\n<li>Was de Sade mit den kleinen M\u00e4dchen machte<\/li>\n<li>Was eine Frau auf den Spuren de Sades erleidet<\/li>\n<\/ul>\n<p>&nbsp;<\/p>\n<p>und einiges mehr wie zum Beispiel:<\/p>\n<p>&nbsp;<\/p>\n<ul>\n<li>Fotografien vom Stammsitz der Famile de Sades \u201cLacoste\u201d<\/li>\n<li>Fotografien der Orte seiner (Un-)Taten (Beamer).<\/li>\n<li>Biografischer Kurztrip<\/li>\n<\/ul>\n<p><strong>Achtung:<\/strong> Die Lokation hat maximal Platz f\u00fcr 40 Personen. Einlass nur nach Best\u00e4tigung.<\/p>\n<p><strong>Termin: folgt, Einlass 19:30, beginn 20:00 Uhr<\/strong><br \/>\n<b>Dauer:<\/b> ca 1,5-2 Stunden<br \/>\nBitte p\u00fcnktlich sein, da wir ab 20 Uhr die T\u00fcren schlie\u00dfen und die Klingel ausschalten.<br \/>\n<b>Ort:<\/b> Stuttgart<br \/>\n<b>Eintritt: 5\u20ac <\/b><br \/>\n<b>Kontakt:<\/b> <a title=\"\" href=\"http:\/\/woschofius@woschofius.de\" target=\"_blank\">woschofius@woschofius.de<\/a><\/p>\n<p><img loading=\"lazy\" decoding=\"async\" class=\"aligncenter size-full wp-image-613\" src=\"https:\/\/www.woschofius.de\/woschofius\/wp-content\/uploads\/lacoste_540.jpg\" alt=\"lacoste_540\" width=\"283\" height=\"223\" \/><\/p>\n","protected":false},"excerpt":{"rendered":"<p>Marquis de Sade, der Namensgeber des Sadomasochismus ist eine schillernde Pers\u00f6nlichkeit. War er Philosoph, Schriftsteller, Pornograf oder ein perverser Verr\u00fcckter? Wenige Menschen haben die Gesellschaft \u00fcber Jahrhunderte so besch\u00e4ftigt und gespalten wie der Marquis de Sade. Eine Collage aus Fotografien, <span class=\"excerpt-dots\">&hellip;<\/span> <a class=\"more-link\" href=\"https:\/\/www.woschofius.de\/?page_id=265\"><span class=\"more-msg\">Weiterlesen &rarr;<\/span><\/a><\/p>\n","protected":false},"author":3,"featured_media":0,"parent":51,"menu_order":4,"comment_status":"closed","ping_status":"closed","template":"","meta":{"ngg_post_thumbnail":0,"footnotes":""},"class_list":["post-265","page","type-page","status-publish","hentry"],"_links":{"self":[{"href":"https:\/\/www.woschofius.de\/index.php?rest_route=\/wp\/v2\/pages\/265","targetHints":{"allow":["GET"]}}],"collection":[{"href":"https:\/\/www.woschofius.de\/index.php?rest_route=\/wp\/v2\/pages"}],"about":[{"href":"https:\/\/www.woschofius.de\/index.php?rest_route=\/wp\/v2\/types\/page"}],"author":[{"embeddable":true,"href":"https:\/\/www.woschofius.de\/index.php?rest_route=\/wp\/v2\/users\/3"}],"replies":[{"embeddable":true,"href":"https:\/\/www.woschofius.de\/index.php?rest_route=%2Fwp%2Fv2%2Fcomments&post=265"}],"version-history":[{"count":20,"href":"https:\/\/www.woschofius.de\/index.php?rest_route=\/wp\/v2\/pages\/265\/revisions"}],"predecessor-version":[{"id":2659,"href":"https:\/\/www.woschofius.de\/index.php?rest_route=\/wp\/v2\/pages\/265\/revisions\/2659"}],"up":[{"embeddable":true,"href":"https:\/\/www.woschofius.de\/index.php?rest_route=\/wp\/v2\/pages\/51"}],"wp:attachment":[{"href":"https:\/\/www.woschofius.de\/index.php?rest_route=%2Fwp%2Fv2%2Fmedia&parent=265"}],"curies":[{"name":"wp","href":"https:\/\/api.w.org\/{rel}","templated":true}]}}