{"id":280,"date":"2013-10-21T18:27:00","date_gmt":"2013-10-21T16:27:00","guid":{"rendered":"http:\/\/www.woschofius.de\/woschofius\/?page_id=280"},"modified":"2025-04-18T11:22:15","modified_gmt":"2025-04-18T09:22:15","slug":"bondage-set-1","status":"publish","type":"page","link":"https:\/\/www.woschofius.de\/?page_id=280","title":{"rendered":"Bondage Set 1"},"content":{"rendered":"<p><img loading=\"lazy\" decoding=\"async\" class=\" wp-image-246 alignleft\" src=\"https:\/\/www.woschofius.de\/woschofius\/wp-content\/uploads\/bondage21.jpg\" alt=\"bondage2\" width=\"257\" height=\"374\">Wer schon immer mal in Bondage, Shibari und Kinbaku fotografisch reinschnuppern wollte, ist hier richtig!<\/p>\n<p><b>Inhalt:<\/b> Als Motive sind Fesselungen mit Bambusst\u00e4ben und Seilen, klassische Schmuckbondage, Brustfesselungen und Aufh\u00e4ngungen vorgesehen.<br \/>\nGanz nebenbei erl\u00e4utere ich gerne Techniken, Background und beantworte Fragen zu Bondage, SM und Fetisch.<\/p>\n<p><b>Zielgruppe<\/b> sind Fotografen (Hobby bis professionell), die einmal in dem Bereich Bondage, SM und Fetisch eintauchen wollen.<br \/>\nDas Shooting wird bis <i>klassischer Akt <\/i>sein.<br \/>\nMitzubringen sind eine eigene Kamera mit Blitzschuh sowie gute Laune.<\/p>\n<p>Als Model wird uns Sabrina zur Verf\u00fcgung stehen.<\/p>\n<p>&nbsp;<\/p>\n<p>&nbsp;<\/p>\n<p><b>Link zum Model: <\/b>Keiner<\/p>\n<p>&nbsp;<\/p>\n<p><strong>Teilnahme ab 18 Jahre<\/strong><\/p>\n<p><strong>Termin:<\/strong> Aktuell keiner<br \/>\n<b>Dauer: <\/b>ca 4h mit kleinen Pausen<br \/>\n<b><i>Ort:<\/i><\/b> Im Studio in Ludwigsburg<br \/>\n<b>Preise:<\/b><br \/>\nGruppen mit maximal 4 Teilnehmer = 159\u20ac\/Person<br \/>\nEnthalten sind nicht-alkoholische Getr\u00e4nke.<br \/>\n<b><i>Vertrag:<\/i><\/b> Shootingvertrag ohne kommerzielle Rechte!<\/p>\n<p>Wer danach noch mit dem Model weitershooten m\u00f6chte, kann dies f\u00fcr 80\u20ac die Stunde tun.<\/p>\n<p>Anmeldung <a title=\"\" href=\"mailto:woschofius@woschofius.de\" target=\"_blank\" rel=\"noopener\">HIER<\/a><br \/>\nBitte beachtet ggfls. meine <a title=\"AGBs\" href=\"https:\/\/www.woschofius.de\/woschofius\/?page_id=97\">AGB. <\/a><br \/>\nTeilnahme auf eigene Gefahr<\/p>\n\n\t\t<style type=\"text\/css\">\n\t\t\t#gallery-1 {\n\t\t\t\tmargin: auto;\n\t\t\t}\n\t\t\t#gallery-1 .gallery-item {\n\t\t\t\tfloat: left;\n\t\t\t\tmargin-top: 10px;\n\t\t\t\ttext-align: center;\n\t\t\t\twidth: 16%;\n\t\t\t}\n\t\t\t#gallery-1 img {\n\t\t\t\tborder: 2px solid #cfcfcf;\n\t\t\t}\n\t\t\t#gallery-1 .gallery-caption {\n\t\t\t\tmargin-left: 0;\n\t\t\t}\n\t\t\t\/* see gallery_shortcode() in wp-includes\/media.php *\/\n\t\t<\/style>\n\t\t<div id='gallery-1' class='gallery galleryid-280 gallery-columns-6 gallery-size-thumbnail'><dl class='gallery-item'>\n\t\t\t<dt class='gallery-icon portrait'>\n\t\t\t\t<a href='https:\/\/www.woschofius.de\/wp-content\/uploads\/bondagex1.jpg'><img loading=\"lazy\" decoding=\"async\" width=\"150\" height=\"150\" src=\"https:\/\/www.woschofius.de\/wp-content\/uploads\/bondagex1-150x150.jpg\" class=\"attachment-thumbnail size-thumbnail\" alt=\"\" \/><\/a>\n\t\t\t<\/dt><\/dl><dl class='gallery-item'>\n\t\t\t<dt class='gallery-icon portrait'>\n\t\t\t\t<a href='https:\/\/www.woschofius.de\/wp-content\/uploads\/bondage21.jpg'><img loading=\"lazy\" decoding=\"async\" width=\"150\" height=\"150\" src=\"https:\/\/www.woschofius.de\/wp-content\/uploads\/bondage21-150x150.jpg\" class=\"attachment-thumbnail size-thumbnail\" alt=\"\" \/><\/a>\n\t\t\t<\/dt><\/dl><dl class='gallery-item'>\n\t\t\t<dt class='gallery-icon landscape'>\n\t\t\t\t<a href='https:\/\/www.woschofius.de\/wp-content\/uploads\/beruehrung1.jpg'><img loading=\"lazy\" decoding=\"async\" width=\"150\" height=\"150\" src=\"https:\/\/www.woschofius.de\/wp-content\/uploads\/beruehrung1-150x150.jpg\" class=\"attachment-thumbnail size-thumbnail\" alt=\"\" \/><\/a>\n\t\t\t<\/dt><\/dl><dl class='gallery-item'>\n\t\t\t<dt class='gallery-icon portrait'>\n\t\t\t\t<a href='https:\/\/www.woschofius.de\/wp-content\/uploads\/schwan1.jpg'><img loading=\"lazy\" decoding=\"async\" width=\"150\" height=\"150\" src=\"https:\/\/www.woschofius.de\/wp-content\/uploads\/schwan1-150x150.jpg\" class=\"attachment-thumbnail size-thumbnail\" alt=\"\" \/><\/a>\n\t\t\t<\/dt><\/dl><dl class='gallery-item'>\n\t\t\t<dt class='gallery-icon portrait'>\n\t\t\t\t<a href='https:\/\/www.woschofius.de\/wp-content\/uploads\/stretched1.jpg'><img loading=\"lazy\" decoding=\"async\" width=\"150\" height=\"150\" src=\"https:\/\/www.woschofius.de\/wp-content\/uploads\/stretched1-150x150.jpg\" class=\"attachment-thumbnail size-thumbnail\" alt=\"\" \/><\/a>\n\t\t\t<\/dt><\/dl><dl class='gallery-item'>\n\t\t\t<dt class='gallery-icon landscape'>\n\t\t\t\t<a href='https:\/\/www.woschofius.de\/wp-content\/uploads\/fixed1.jpg'><img loading=\"lazy\" decoding=\"async\" width=\"150\" height=\"150\" src=\"https:\/\/www.woschofius.de\/wp-content\/uploads\/fixed1-150x150.jpg\" class=\"attachment-thumbnail size-thumbnail\" alt=\"\" \/><\/a>\n\t\t\t<\/dt><\/dl><br style=\"clear: both\" \/>\n\t\t<\/div>\n\n<p>Das sind Beispiele und nicht zwingend die Motive des Workshops, da dies abh\u00e4ngig von den Teilnehmern und dem Model ist.<\/p>\n","protected":false},"excerpt":{"rendered":"<p>Wer schon immer mal in Bondage, Shibari und Kinbaku fotografisch reinschnuppern wollte, ist hier richtig! Inhalt: Als Motive sind Fesselungen mit Bambusst\u00e4ben und Seilen, klassische Schmuckbondage, Brustfesselungen und Aufh\u00e4ngungen vorgesehen. Ganz nebenbei erl\u00e4utere ich gerne Techniken, Background und beantworte Fragen <span class=\"excerpt-dots\">&hellip;<\/span> <a class=\"more-link\" href=\"https:\/\/www.woschofius.de\/?page_id=280\"><span class=\"more-msg\">Weiterlesen &rarr;<\/span><\/a><\/p>\n","protected":false},"author":3,"featured_media":0,"parent":123,"menu_order":7,"comment_status":"closed","ping_status":"closed","template":"","meta":{"ngg_post_thumbnail":0,"footnotes":""},"class_list":["post-280","page","type-page","status-publish","hentry"],"_links":{"self":[{"href":"https:\/\/www.woschofius.de\/index.php?rest_route=\/wp\/v2\/pages\/280","targetHints":{"allow":["GET"]}}],"collection":[{"href":"https:\/\/www.woschofius.de\/index.php?rest_route=\/wp\/v2\/pages"}],"about":[{"href":"https:\/\/www.woschofius.de\/index.php?rest_route=\/wp\/v2\/types\/page"}],"author":[{"embeddable":true,"href":"https:\/\/www.woschofius.de\/index.php?rest_route=\/wp\/v2\/users\/3"}],"replies":[{"embeddable":true,"href":"https:\/\/www.woschofius.de\/index.php?rest_route=%2Fwp%2Fv2%2Fcomments&post=280"}],"version-history":[{"count":26,"href":"https:\/\/www.woschofius.de\/index.php?rest_route=\/wp\/v2\/pages\/280\/revisions"}],"predecessor-version":[{"id":3345,"href":"https:\/\/www.woschofius.de\/index.php?rest_route=\/wp\/v2\/pages\/280\/revisions\/3345"}],"up":[{"embeddable":true,"href":"https:\/\/www.woschofius.de\/index.php?rest_route=\/wp\/v2\/pages\/123"}],"wp:attachment":[{"href":"https:\/\/www.woschofius.de\/index.php?rest_route=%2Fwp%2Fv2%2Fmedia&parent=280"}],"curies":[{"name":"wp","href":"https:\/\/api.w.org\/{rel}","templated":true}]}}