{"id":283,"date":"2013-10-21T18:29:00","date_gmt":"2013-10-21T16:29:00","guid":{"rendered":"http:\/\/www.woschofius.de\/woschofius\/?page_id=283"},"modified":"2025-03-27T07:27:13","modified_gmt":"2025-03-27T06:27:13","slug":"bondage-set-2","status":"publish","type":"page","link":"https:\/\/www.woschofius.de\/?page_id=283","title":{"rendered":"Bondage Set 2"},"content":{"rendered":"<p><a href=\"https:\/\/www.woschofius.de\/woschofius\/wp-content\/uploads\/liz09swklc.jpg\"><img loading=\"lazy\" decoding=\"async\" class=\"alignleft wp-image-1219\" src=\"https:\/\/www.woschofius.de\/woschofius\/wp-content\/uploads\/liz09swklc.jpg\" alt=\"liz09swklc\" width=\"293\" height=\"184\" srcset=\"https:\/\/www.woschofius.de\/wp-content\/uploads\/liz09swklc.jpg 709w, https:\/\/www.woschofius.de\/wp-content\/uploads\/liz09swklc-300x188.jpg 300w, https:\/\/www.woschofius.de\/wp-content\/uploads\/liz09swklc-600x376.jpg 600w, https:\/\/www.woschofius.de\/wp-content\/uploads\/liz09swklc-477x300.jpg 477w\" sizes=\"auto, (max-width: 293px) 100vw, 293px\" \/><\/a>Hier nun das zweite Set unseres gef\u00fchrten Bondage-Shootings f\u00fcr Fotografen. Aufgrund der Vielzahl der zur Verf\u00fcgung stehenden Motive und der guten Nachfrage, haben wir diesen zweiten Teil entwickelt. Es ist also nicht notwendig am ersten Workshop teilgenommen zu haben<\/p>\n<p><b>Inhalt:<\/b> Als Motive sind Fesselungen mit Seilen unter zur Hilfenahme eines Tisches, Bambusst\u00e4ben usw. vorgesehen.<br \/>\nGanz nebenbei erl\u00e4utere ich gerne Techniken, Background und beantworte Fragen zu Bondage, SM und Fetisch.<\/p>\n<p><b>Zielgruppe<\/b> sind Fotografen (Hobby bis professionell), die einmal in dem Bereich Bondage, SM und Fetisch eintauchen woll<br \/>\nDas Shooting wird bis <i>klassischer Akt <\/i>sein.<br \/>\nMitzubringen sind eine eigene Kamera mit Blitzschuh sowie gute Laune.<br \/>\nTeilnahme ab 18 Jahre<\/p>\n<p><b>Links zum Model:<i> <\/i><\/b>folgt<br \/>\n<b>Termin<em>: <\/em><b>offen<\/b> ab 14 Uhr<\/b><br \/>\n<b>Dauer: <\/b>ca 2,5- 3h mit Pausen<br \/>\n<b><i>Ort:<\/i><\/b> Studio in Ludwigsburg<br \/>\n<b>Preise:<\/b><br \/>\nGruppen mit maximal 4 Teilnehmer = 120\u20ac\/Person<br \/>\nEnthalten sind nicht-alkoholische Getr\u00e4nke.<br \/>\n<b><i>Vertrag:<\/i><\/b> Shootingvertrag ohne kommerzielle Rechte!<\/p>\n<p>Anmeldung <a title=\"\" href=\"mailto:woschofius@woschofius.de\" target=\"_blank\" rel=\"noopener\">HIER<\/a><br \/>\nBitte beachtet ggfls. meine <a title=\"AGBs\" href=\"https:\/\/www.woschofius.de\/woschofius\/?page_id=97\">AGB. <\/a><br \/>\nTeilnahme auf eigene Gefahr<\/p>\n<p>Wer danach noch mit dem Model weiter shooten m\u00f6chte, kann dies f\u00fcr 80\u20ac die Stunde tun.<\/p>\n","protected":false},"excerpt":{"rendered":"<p>Hier nun das zweite Set unseres gef\u00fchrten Bondage-Shootings f\u00fcr Fotografen. Aufgrund der Vielzahl der zur Verf\u00fcgung stehenden Motive und der guten Nachfrage, haben wir diesen zweiten Teil entwickelt. Es ist also nicht notwendig am ersten Workshop teilgenommen zu haben Inhalt: <span class=\"excerpt-dots\">&hellip;<\/span> <a class=\"more-link\" href=\"https:\/\/www.woschofius.de\/?page_id=283\"><span class=\"more-msg\">Weiterlesen &rarr;<\/span><\/a><\/p>\n","protected":false},"author":3,"featured_media":0,"parent":123,"menu_order":7,"comment_status":"closed","ping_status":"closed","template":"","meta":{"ngg_post_thumbnail":0,"footnotes":""},"class_list":["post-283","page","type-page","status-publish","hentry"],"_links":{"self":[{"href":"https:\/\/www.woschofius.de\/index.php?rest_route=\/wp\/v2\/pages\/283","targetHints":{"allow":["GET"]}}],"collection":[{"href":"https:\/\/www.woschofius.de\/index.php?rest_route=\/wp\/v2\/pages"}],"about":[{"href":"https:\/\/www.woschofius.de\/index.php?rest_route=\/wp\/v2\/types\/page"}],"author":[{"embeddable":true,"href":"https:\/\/www.woschofius.de\/index.php?rest_route=\/wp\/v2\/users\/3"}],"replies":[{"embeddable":true,"href":"https:\/\/www.woschofius.de\/index.php?rest_route=%2Fwp%2Fv2%2Fcomments&post=283"}],"version-history":[{"count":15,"href":"https:\/\/www.woschofius.de\/index.php?rest_route=\/wp\/v2\/pages\/283\/revisions"}],"predecessor-version":[{"id":3326,"href":"https:\/\/www.woschofius.de\/index.php?rest_route=\/wp\/v2\/pages\/283\/revisions\/3326"}],"up":[{"embeddable":true,"href":"https:\/\/www.woschofius.de\/index.php?rest_route=\/wp\/v2\/pages\/123"}],"wp:attachment":[{"href":"https:\/\/www.woschofius.de\/index.php?rest_route=%2Fwp%2Fv2%2Fmedia&parent=283"}],"curies":[{"name":"wp","href":"https:\/\/api.w.org\/{rel}","templated":true}]}}