{"id":39,"date":"2013-10-18T08:28:31","date_gmt":"2013-10-18T06:28:31","guid":{"rendered":"http:\/\/www.woschofius.de\/woschofius\/?page_id=39"},"modified":"2015-09-11T10:51:20","modified_gmt":"2015-09-11T08:51:20","slug":"biblio","status":"publish","type":"page","link":"https:\/\/www.woschofius.de\/?page_id=39","title":{"rendered":"Biblio"},"content":{"rendered":"<p><i><span style=\"color: #3366ff;\">&#8222;Traue niemand, den der Anblick einer sch\u00f6nen weiblichen Brust nicht au\u00dfer Fassung bringt.&#8220; &#8211; Auguste Renoir<\/span> <\/i><\/p>\n<div>\n<p><img loading=\"lazy\" decoding=\"async\" class=\"alignleft size-medium wp-image-356\" src=\"https:\/\/www.woschofius.de\/woschofius\/wp-content\/uploads\/mask-200x300.jpg\" alt=\"mask\" width=\"200\" height=\"300\" srcset=\"https:\/\/www.woschofius.de\/wp-content\/uploads\/mask-200x300.jpg 200w, https:\/\/www.woschofius.de\/wp-content\/uploads\/mask.jpg 417w\" sizes=\"auto, (max-width: 200px) 100vw, 200px\" \/>Der lyrisch und prosaische Teil meiner Kunst f\u00fchrte zur Ver\u00f6ffentlichung von einigen Romanen, Kurzgeschichten, Gedichten und Novellen.<\/p>\n<p>Ich verstehe meine Kunst als multimedialen Raum, der mit Kl\u00e4ngen, Bilder, Installationen und Texten gef\u00fcllt wird. Alle Sinne sollen angesprochen werden&#8230;<\/p>\n<p>Erh\u00e4ltlich sind meine Werke im Buchhandel, iTunes und Amazon. Auf der rechten Seite kannst du dich durch meine bisherigen Ver\u00f6ffentlichungen klicken.<\/p>\n<\/div>\n","protected":false},"excerpt":{"rendered":"<p>&#8222;Traue niemand, den der Anblick einer sch\u00f6nen weiblichen Brust nicht au\u00dfer Fassung bringt.&#8220; &#8211; Auguste Renoir Der lyrisch und prosaische Teil meiner Kunst f\u00fchrte zur Ver\u00f6ffentlichung von einigen Romanen, Kurzgeschichten, Gedichten und Novellen. Ich verstehe meine Kunst als multimedialen Raum, <span class=\"excerpt-dots\">&hellip;<\/span> <a class=\"more-link\" href=\"https:\/\/www.woschofius.de\/?page_id=39\"><span class=\"more-msg\">Weiterlesen &rarr;<\/span><\/a><\/p>\n","protected":false},"author":3,"featured_media":0,"parent":0,"menu_order":4,"comment_status":"closed","ping_status":"closed","template":"","meta":{"ngg_post_thumbnail":0,"footnotes":""},"class_list":["post-39","page","type-page","status-publish","hentry"],"_links":{"self":[{"href":"https:\/\/www.woschofius.de\/index.php?rest_route=\/wp\/v2\/pages\/39","targetHints":{"allow":["GET"]}}],"collection":[{"href":"https:\/\/www.woschofius.de\/index.php?rest_route=\/wp\/v2\/pages"}],"about":[{"href":"https:\/\/www.woschofius.de\/index.php?rest_route=\/wp\/v2\/types\/page"}],"author":[{"embeddable":true,"href":"https:\/\/www.woschofius.de\/index.php?rest_route=\/wp\/v2\/users\/3"}],"replies":[{"embeddable":true,"href":"https:\/\/www.woschofius.de\/index.php?rest_route=%2Fwp%2Fv2%2Fcomments&post=39"}],"version-history":[{"count":8,"href":"https:\/\/www.woschofius.de\/index.php?rest_route=\/wp\/v2\/pages\/39\/revisions"}],"predecessor-version":[{"id":2056,"href":"https:\/\/www.woschofius.de\/index.php?rest_route=\/wp\/v2\/pages\/39\/revisions\/2056"}],"wp:attachment":[{"href":"https:\/\/www.woschofius.de\/index.php?rest_route=%2Fwp%2Fv2%2Fmedia&parent=39"}],"curies":[{"name":"wp","href":"https:\/\/api.w.org\/{rel}","templated":true}]}}