{"id":47,"date":"2013-10-18T09:14:40","date_gmt":"2013-10-18T07:14:40","guid":{"rendered":"http:\/\/www.woschofius.de\/woschofius\/?page_id=47"},"modified":"2015-09-11T11:19:22","modified_gmt":"2015-09-11T09:19:22","slug":"video","status":"publish","type":"page","link":"https:\/\/www.woschofius.de\/?page_id=47","title":{"rendered":"Video"},"content":{"rendered":"<p><i><span style=\"color: #3366ff;\">&#8222;Liebe ist eine vor\u00fcbergehende Blindheit f\u00fcr die Reize anderer Frauen.&#8220;<\/span><br \/>\n<span style=\"color: #3366ff;\"> &#8211; Marcello Mastroianni<\/span><br \/>\n<\/i><br \/>\n<a href=\"https:\/\/www.woschofius.de\/woschofius\/wp-content\/uploads\/wirlebensm1.jpg\"><img loading=\"lazy\" decoding=\"async\" class=\"alignleft  wp-image-2071\" src=\"https:\/\/www.woschofius.de\/woschofius\/wp-content\/uploads\/wirlebensm1.jpg\" alt=\"wirlebensm\" width=\"226\" height=\"311\" \/><\/a>Hier findet Ihr kleine Videoschnipsel, Slideshows und Filmtrailer von bzw \u00fcber mich:<\/p>\n<ul>\n<li>Trailer <a href=\"https:\/\/www.woschofius.de\/woschofius\/wp-content\/uploads\/hoellentor4.wmv\">H\u00f6llentor<\/a>\u00a0Hier ein paar Impressionen meines &#8222;H\u00f6llentor&#8220;.<\/li>\n<li>Trailer <a href=\"https:\/\/www.woschofius.de\/downloads\/luzidus.wmv\">Luzidus<\/a> Hier ein kleiner Vorgeschmack auf meinen multimedialen Fotoband &#8222;Der Luzidus&#8220;.<\/li>\n<li>Promofilm zu meinem &#8222;<a href=\"https:\/\/www.woschofius.de\/\/woschofius\/downloads\/strafen\/buchderstrafen.wmv\">Buch der Strafen&#8220;<\/a><\/li>\n<li>Audio\/Video-Lesung &#8222;<a href=\"https:\/\/www.youtube.com\/watch?v=berxIrR2UpA\">Ich habe ihren Sch\u00e4del gefickt<\/a>&#8222;<\/li>\n<li><a href=\"https:\/\/www.woschofius.de\/woschofius\/wp-content\/uploads\/wir_leben_Sm.wmv\">Wir leben SM<\/a>\u00a0Ein Trailer der Filmdokumentation \u00fcber mich aus dem Jahre 2003.<\/li>\n<\/ul>\n<p>Diese Filmdokumentation (Gerhard Stahl 2004) \u00fcber mein Leben spannt den Bogen von meiner Kunst, der privaten SM-Szene bis hin zum professionellen Studio. Es werden Bilder eines Fotoshootings und von meinen anderen Aktivit\u00e4ten gezeigt. Ein gemeinsamer Auftritt von Carlos Peron und Lady Isis auf dem Wave Gothic Treffen in Leipzig ist ein weiteres Highlight dieses Filmes. Viele Bilder aus der privaten SM-Szene erg\u00e4nzen das Bild und es kommen auch andere Szenegr\u00f6\u00dfen (u.a. M.Grimme) zu Wort. Auch auf dem Stuttgarter CSD wurde gedreht.<br \/>\nDie Klammer die den Film umfasst und die sich wie ein roter Faden durch die Dokumentation zieht, ist jedoch die private SM-Session, bei der wir uns zuschauen lie\u00dfen.<\/p>\n<p>Als Bonusmaterial gibt es einen besonderen Bluna Werbespot, einen 11-min\u00fctiger Ausschnitt von Carlos Perons gemeinsamen Auftritt mit Lady Isis auf dem WGT in Leipzig sowie eine 15 min\u00fctige Version der Bondageperformance von Matthias Grimme.<\/p>\n<p>Den Trailer k\u00f6nnt Ihr euch auch unter <a title=\"\" href=\"http:\/\/www.wirlebensm.de\" target=\"_blank\">www.wirlebensm.de<\/a> anschauen und dort den Film auch bestellen..<\/p>\n","protected":false},"excerpt":{"rendered":"<p>&#8222;Liebe ist eine vor\u00fcbergehende Blindheit f\u00fcr die Reize anderer Frauen.&#8220; &#8211; Marcello Mastroianni Hier findet Ihr kleine Videoschnipsel, Slideshows und Filmtrailer von bzw \u00fcber mich: Trailer H\u00f6llentor\u00a0Hier ein paar Impressionen meines &#8222;H\u00f6llentor&#8220;. Trailer Luzidus Hier ein kleiner Vorgeschmack auf meinen <span class=\"excerpt-dots\">&hellip;<\/span> <a class=\"more-link\" href=\"https:\/\/www.woschofius.de\/?page_id=47\"><span class=\"more-msg\">Weiterlesen &rarr;<\/span><\/a><\/p>\n","protected":false},"author":3,"featured_media":0,"parent":0,"menu_order":8,"comment_status":"closed","ping_status":"closed","template":"","meta":{"ngg_post_thumbnail":0,"footnotes":""},"class_list":["post-47","page","type-page","status-publish","hentry"],"_links":{"self":[{"href":"https:\/\/www.woschofius.de\/index.php?rest_route=\/wp\/v2\/pages\/47","targetHints":{"allow":["GET"]}}],"collection":[{"href":"https:\/\/www.woschofius.de\/index.php?rest_route=\/wp\/v2\/pages"}],"about":[{"href":"https:\/\/www.woschofius.de\/index.php?rest_route=\/wp\/v2\/types\/page"}],"author":[{"embeddable":true,"href":"https:\/\/www.woschofius.de\/index.php?rest_route=\/wp\/v2\/users\/3"}],"replies":[{"embeddable":true,"href":"https:\/\/www.woschofius.de\/index.php?rest_route=%2Fwp%2Fv2%2Fcomments&post=47"}],"version-history":[{"count":15,"href":"https:\/\/www.woschofius.de\/index.php?rest_route=\/wp\/v2\/pages\/47\/revisions"}],"predecessor-version":[{"id":2072,"href":"https:\/\/www.woschofius.de\/index.php?rest_route=\/wp\/v2\/pages\/47\/revisions\/2072"}],"wp:attachment":[{"href":"https:\/\/www.woschofius.de\/index.php?rest_route=%2Fwp%2Fv2%2Fmedia&parent=47"}],"curies":[{"name":"wp","href":"https:\/\/api.w.org\/{rel}","templated":true}]}}