{"id":53,"date":"2013-10-18T09:19:46","date_gmt":"2013-10-18T07:19:46","guid":{"rendered":"http:\/\/www.woschofius.de\/woschofius\/?page_id=53"},"modified":"2016-07-14T10:43:06","modified_gmt":"2016-07-14T08:43:06","slug":"shooting","status":"publish","type":"page","link":"https:\/\/www.woschofius.de\/?page_id=53","title":{"rendered":"Shooting"},"content":{"rendered":"<p><span style=\"color: #3366ff;\"><i>&#8222;Selbst in der Tugend ist der letzte Zweck unseres Trachtens die Wollust.&#8220; &#8211; Michel de Montaigne<\/i><\/span><\/p>\n<p>Es gibt zweierlei M\u00f6glichkeiten mit mir zu shooten:<\/p>\n<h4>1) F\u00fcr meine Projekte:<\/h4>\n<p>Ich suche immer wieder Frauen und gelegentlich auch Paare, die sich gerne fotografieren lassen. Ihr solltet von Euch behaupten k\u00f6nnen schlank zu sein. Eine exhibitionistische Ader ist hilfreich.<\/p>\n<p><strong>Bezahlung?<\/strong><\/p>\n<p>Nein, ich bezahle meine Modelle grunds\u00e4tzlich nicht. Ihr bekommt aber die sch\u00f6nsten (bearbeiteten) Bilder.<\/p>\n<p><strong>Wo findet das Shooting statt?<\/strong><\/p>\n<p>In der N\u00e4he von Stuttgart in meinem Studio und in der n\u00e4heren Umgebung. Informationen zu meinem Studio (das man auch mieten kann), findest Du <a title=\"Studio\" href=\"https:\/\/www.woschofius.de\/woschofius\/?page_id=60\">HIER<\/a>.<\/p>\n<p><strong>Recht auf Vervielf\u00e4ltigung und Urheberrecht?<\/strong><\/p>\n<p>Das Urheberrecht und Ver\u00f6ffentlichungsrecht liegt bei mir. F\u00fcr eure privaten Zwecke k\u00f6nnt ihr die Bilder aber frei verwenden, solange ein Hinweis auf meine Homepage gesetzt wird. Modelle k\u00f6nnen die Fotos nat\u00fcrlich f\u00fcr ihre Sedcard verwenden. F\u00fcr Werbefotos oder anderer kommerzieller Verwendung finden wir sicherlich auch eine L\u00f6sung.<\/p>\n<p><strong>Ver\u00f6ffentlichung?<\/strong><\/p>\n<p>Ja, die Bilder sollen in Buchprojekten, Ausstellungskatalogen, Fetisch-Magazinen, Homepages usw ver\u00f6ffentlicht werden. Wenn Du also ein Problem hast zum Beispiel Dein Gesicht zu zeigen, solltest Du mir das voher sagen. Es wird ein Vertrag unterzeichnet der dies klar regelt.<\/p>\n<p><strong>Was ist mitzubringen\/ zu beachten?<\/strong><\/p>\n<p>Deine Schminkutensilien (kr\u00e4ftige Farben), ein Bademantel, eventuell passende Bekleidung, deinen Ausweis! Bitte bei der Anreise keine eng anliegende Kleidung (z.B.Socken) tragen. Am besten auch den BH weglassen. Das gibt sonst sichtbare Druckstellen.<br \/>\n<b><\/b><\/p>\n<p><strong>Alter?<\/strong><\/p>\n<p>18 Jahre solltest Du schon sein&#8230;<\/p>\n<p>&nbsp;<\/p>\n<h4>2) Privatshooting<\/h4>\n<p>Und nat\u00fcrlich kann man mich auch f\u00fcr private Shootings buchen&#8230;<br \/>\nIn meinem Fotostudio nahe Stuttgart habe ich alle M\u00f6glichkeiten Eure Wunschfotos zu realisieren. Und gerne bringe ich auch eigene Ideen, ein um zum Beispiel ein Kalenderprojekt zu realisieren.<\/p>\n<p>Die Fotos werden von mir auch bearbeitet und am Schlu\u00df \u00fcbermittle ich die Fotos via Dropbox. Die Bilder kann man in jedem Fotogesch\u00e4ft abziehen lassen oder mit einem guten Drucker ausdrucken.<\/p>\n<p>Ein solches Shooting kostet<b> <b>249<\/b>\u20ac <\/b>(zzgl. USt)<b> <\/b>und beinhaltet:<\/p>\n<ul>\n<li>ca 3h Shooting im Fotostudio<\/li>\n<li>Bearbeitung der Fotos<\/li>\n<li>Alkoholfreie Getr\u00e4nke<\/li>\n<\/ul>\n<p>&nbsp;<\/p>\n<p>Und wer nur das Studio mit allen den sch\u00f6nen Spielsachen und dem Fotoequipment mieten m\u00f6chte, kann dies ebenfalls tun. Mehr Infos zum Studio findet Ihr <a title=\"Studio\" href=\"https:\/\/www.woschofius.de\/?page_id=60\">HIER<\/a>.<\/p>\n<p>Auf Wunsch erstele ich dann auch gegen Mehrpreis einen Jahres- oder Adventskalender mit den eigenen Bildern.<\/p>\n<p>Und nat\u00fcrlich stehe ich auf Anfrage auch f\u00fcr kommerzielle Projekte zur Verf\u00fcgung.<br \/>\nBitte beachtet ggfls. meine <a title=\"AGBs\" href=\"https:\/\/www.woschofius.de\/?page_id=97\">AGB.<\/a><\/p>\n<p><strong>Kontakt: <\/strong><\/p>\n<p>Falls Dich das jetzt alles nicht abgeschreckt hat, kannst Du gerne unter <a title=\"\" href=\"mailto:woschofius@woschofius.de\" target=\"_blank\">woschofius@woschofius.de<\/a> mit mir Kontakt aufnehmen.<\/p>\n","protected":false},"excerpt":{"rendered":"<p>&#8222;Selbst in der Tugend ist der letzte Zweck unseres Trachtens die Wollust.&#8220; &#8211; Michel de Montaigne Es gibt zweierlei M\u00f6glichkeiten mit mir zu shooten: 1) F\u00fcr meine Projekte: Ich suche immer wieder Frauen und gelegentlich auch Paare, die sich gerne <span class=\"excerpt-dots\">&hellip;<\/span> <a class=\"more-link\" href=\"https:\/\/www.woschofius.de\/?page_id=53\"><span class=\"more-msg\">Weiterlesen &rarr;<\/span><\/a><\/p>\n","protected":false},"author":3,"featured_media":0,"parent":0,"menu_order":16,"comment_status":"closed","ping_status":"closed","template":"","meta":{"ngg_post_thumbnail":0,"footnotes":""},"class_list":["post-53","page","type-page","status-publish","hentry"],"_links":{"self":[{"href":"https:\/\/www.woschofius.de\/index.php?rest_route=\/wp\/v2\/pages\/53","targetHints":{"allow":["GET"]}}],"collection":[{"href":"https:\/\/www.woschofius.de\/index.php?rest_route=\/wp\/v2\/pages"}],"about":[{"href":"https:\/\/www.woschofius.de\/index.php?rest_route=\/wp\/v2\/types\/page"}],"author":[{"embeddable":true,"href":"https:\/\/www.woschofius.de\/index.php?rest_route=\/wp\/v2\/users\/3"}],"replies":[{"embeddable":true,"href":"https:\/\/www.woschofius.de\/index.php?rest_route=%2Fwp%2Fv2%2Fcomments&post=53"}],"version-history":[{"count":12,"href":"https:\/\/www.woschofius.de\/index.php?rest_route=\/wp\/v2\/pages\/53\/revisions"}],"predecessor-version":[{"id":2563,"href":"https:\/\/www.woschofius.de\/index.php?rest_route=\/wp\/v2\/pages\/53\/revisions\/2563"}],"wp:attachment":[{"href":"https:\/\/www.woschofius.de\/index.php?rest_route=%2Fwp%2Fv2%2Fmedia&parent=53"}],"curies":[{"name":"wp","href":"https:\/\/api.w.org\/{rel}","templated":true}]}}