{"id":965,"date":"2013-11-30T10:12:47","date_gmt":"2013-11-30T09:12:47","guid":{"rendered":"http:\/\/www.woschofius.de\/?page_id=965"},"modified":"2025-09-11T08:36:34","modified_gmt":"2025-09-11T06:36:34","slug":"bondage-kurs","status":"publish","type":"page","link":"https:\/\/www.woschofius.de\/?page_id=965","title":{"rendered":"Bondage-Kurs"},"content":{"rendered":"<p><a href=\"https:\/\/www.woschofius.de\/woschofius\/wp-content\/uploads\/sonja05swklc.jpg\"><img loading=\"lazy\" decoding=\"async\" class=\"alignleft wp-image-1645\" src=\"https:\/\/www.woschofius.de\/woschofius\/wp-content\/uploads\/sonja05swklc.jpg\" alt=\"sonja05swklc\" width=\"189\" height=\"280\"><\/a>Ihr\/Du willst die erotische Kunst des Bondage erlernen?<br \/>\nDu m\u00f6chtest einmal sp\u00fcren wie es sich anf\u00fchlt professionell gefesselt zu werden?<br \/>\nEs handelt sich nicht um eine Gruppeneinweisung sondern um Kurse f\u00fcr Einzelpersonen oder Paare die in trauter Intimit\u00e4t ihren Horizont erweitern wollen.<\/p>\n<p>Wie der Name bereits sagt, geht es hier um grundlegende Techniken und Wissensaspekte.<br \/>\nZum Workshop sollte ein Ropebunny (also ein &#8222;Fesselopfer&#8220;) mitgebracht werden. Ich kann ebenfalls ein Ropebunny dazu einladen, allerdings m\u00fcssen dann die Kosten f\u00fcr sie (120\u20ac) \u00fcbernommen werden.<\/p>\n<p>&nbsp;<\/p>\n<p>&nbsp;<\/p>\n<p>&nbsp;<\/p>\n<p><strong>Inhalte:<\/strong><\/p>\n<ul>\n<li>Fesselmaterialien, verschiedene Seiltypen<\/li>\n<li>Sicherheit<\/li>\n<li>Vorbereiten der Seile<\/li>\n<li>Gesundheitliche Aspekte<\/li>\n<li>Diverse Grundfesselungen<\/li>\n<li>Schmuckbondage<\/li>\n<li>\u00dcbungen<\/li>\n<li>Einstieg in eine Bondage-Session<\/li>\n<li>Workshopunterlage zum Mitnehmen<\/li>\n<li>Optional\/Erg\u00e4nzung: Fesseln mit Folie und Tape<\/li>\n<\/ul>\n<p>&nbsp;<\/p>\n<p>Mitzubringen sind Badehose\/Badeanzug\/Bikini von den Teilnehmern\/innen, die als Fesselobjekt dienen.<br \/>\nSeile werden gestellt.<\/p>\n<p><strong>Termin nach Absprache, Ort: Ludwisgburg<br \/>\n<\/strong><\/p>\n<p><strong> Preis 175\u20ac<\/strong><br \/>\n<strong> Dauer 2-2,5 Stunden<\/strong><\/p>\n<p><strong>ACHTUNG<\/strong>: Teilnahme an diesem Workshop nur bei guten Gesundheitszustand!<\/p>\n<p>Beispielfotos findet ihr<a title=\"Bondage\" href=\"https:\/\/www.woschofius.de\/?page_id=149\"> HIER<\/a>.<br \/>\nAnmeldung einfach per Mail an woschofius@woschofius.de<br \/>\nEnthalten sind nicht-alkoholische Getr\u00e4nke, Kaffee.<br \/>\nTeilnahme auf eigene Gefahr, bitte beachtet meine <a title=\"AGBs\" href=\"https:\/\/www.woschofius.de\/?page_id=97\">AGBs<\/a>.<\/p>\n","protected":false},"excerpt":{"rendered":"<p>Ihr\/Du willst die erotische Kunst des Bondage erlernen? Du m\u00f6chtest einmal sp\u00fcren wie es sich anf\u00fchlt professionell gefesselt zu werden? Es handelt sich nicht um eine Gruppeneinweisung sondern um Kurse f\u00fcr Einzelpersonen oder Paare die in trauter Intimit\u00e4t ihren Horizont <span class=\"excerpt-dots\">&hellip;<\/span> <a class=\"more-link\" href=\"https:\/\/www.woschofius.de\/?page_id=965\"><span class=\"more-msg\">Weiterlesen &rarr;<\/span><\/a><\/p>\n","protected":false},"author":3,"featured_media":0,"parent":1658,"menu_order":18,"comment_status":"closed","ping_status":"closed","template":"","meta":{"ngg_post_thumbnail":0,"footnotes":""},"class_list":["post-965","page","type-page","status-publish","hentry"],"_links":{"self":[{"href":"https:\/\/www.woschofius.de\/index.php?rest_route=\/wp\/v2\/pages\/965","targetHints":{"allow":["GET"]}}],"collection":[{"href":"https:\/\/www.woschofius.de\/index.php?rest_route=\/wp\/v2\/pages"}],"about":[{"href":"https:\/\/www.woschofius.de\/index.php?rest_route=\/wp\/v2\/types\/page"}],"author":[{"embeddable":true,"href":"https:\/\/www.woschofius.de\/index.php?rest_route=\/wp\/v2\/users\/3"}],"replies":[{"embeddable":true,"href":"https:\/\/www.woschofius.de\/index.php?rest_route=%2Fwp%2Fv2%2Fcomments&post=965"}],"version-history":[{"count":13,"href":"https:\/\/www.woschofius.de\/index.php?rest_route=\/wp\/v2\/pages\/965\/revisions"}],"predecessor-version":[{"id":3349,"href":"https:\/\/www.woschofius.de\/index.php?rest_route=\/wp\/v2\/pages\/965\/revisions\/3349"}],"up":[{"embeddable":true,"href":"https:\/\/www.woschofius.de\/index.php?rest_route=\/wp\/v2\/pages\/1658"}],"wp:attachment":[{"href":"https:\/\/www.woschofius.de\/index.php?rest_route=%2Fwp%2Fv2%2Fmedia&parent=965"}],"curies":[{"name":"wp","href":"https:\/\/api.w.org\/{rel}","templated":true}]}}