{"id":971,"date":"2013-12-03T12:02:13","date_gmt":"2013-12-03T11:02:13","guid":{"rendered":"http:\/\/www.woschofius.de\/?page_id=971"},"modified":"2015-09-11T11:04:11","modified_gmt":"2015-09-11T09:04:11","slug":"twitterotik","status":"publish","type":"page","link":"https:\/\/www.woschofius.de\/?page_id=971","title":{"rendered":"Twitterotik"},"content":{"rendered":"<p>14<a href=\"https:\/\/www.woschofius.de\/woschofius\/wp-content\/uploads\/twitter.jpg\"><img loading=\"lazy\" decoding=\"async\" class=\"alignleft wp-image-973\" src=\"https:\/\/www.woschofius.de\/woschofius\/wp-content\/uploads\/twitter.jpg\" alt=\"twitter\" width=\"240\" height=\"303\" \/><\/a>0 Zeichen habe ich, um eine kleine Geschichte zu erz\u00e4hlen<\/p>\n<p>140 um etwas zu bewirken<\/p>\n<p>140 um ein Kopfkinofilm laufen zu lassen<\/p>\n<p>140 sind vorbei\u2026 \ud83d\ude09<\/p>\n<p>Hier die kleine Geschichten die ich im Laufe der Jahre bei Twitter gepostet hatte. Da ich nicht mehr so aktiv auf Twitter bin, will ich die Geschichten auch hier vorstellen, bevor sie im Netz-Nirvana verschwunden sind.<\/p>\n<p>&nbsp;<\/p>\n<p>&nbsp;<\/p>\n<ul>\n<li><i>K\u00fchler Lufthauch, erigierter Nippel, Lustschweissgeruch, ruhig atmest Du neben mir, versunken im Erlebten, ermattet ausgestr\u00f6mt, befriedigt.<\/i><\/li>\n<li>Arrogant, in Reizw\u00e4sche gekleidet, die Br\u00fcste kaum verh\u00fcllt, der Slip verrutscht, dein schlanker K\u00f6rper unnahbar, im Schaufenster stehend.<\/li>\n<li><i>Verborgene Blicke, Vorhang verrutscht, Wasser auf deinem K\u00f6rper, Seifenschaum flie\u00dft\u00a0 von den Br\u00fcsten, in den Schritt, ins duftende Haar.<\/i><\/li>\n<li>Williger K\u00f6rper, das St\u00f6hnen Betrug, den Kuss verweigert, den Leib f\u00fcr Geld geopfert, unbefriedigt entleert, die Scheine unbeachtet.<\/li>\n<li><i>Der Mond \u00fcber den B\u00e4umen, kalte Nacht, st\u00f6hnend schwerer K\u00f6rper \u00fcber Dir, Tr\u00e4nen flie\u00dfen ins Moos, gespreizt, benutzt, bezwungen, besudelt.<\/i><\/li>\n<li>Peitschenhiebe \u00fcber die Br\u00fcste, \u00fcber den Arsch, zartharte H\u00e4nde, K\u00fcsse auf den Spuren,\u00a0 Blick in Blick, Augenblick, versunken, weggeflogen.<\/li>\n<li><em>4 Bettpfosten, 4 Seile, 4 dunkle Gestalten im Kerzenlicht, Augenbindendunkelheit, bereit sie aufzunehmen, bereit f\u00fcr den multiblen Genuss.<\/em><\/li>\n<li>Schwarz gl\u00e4nzender Latex, machtvolles Vibrieren, kein weiteres Zieren, ge\u00f6ffnet, hineingeschoben, Fantasieverwoben, gesteuert zum Climax.<\/li>\n<li><i>Fingerspiele auf der Knospe, entlang der seidenen Haut, Augen geschlossen im eigenen Film, feuchter Finger eingetaucht, dein Saft flie\u00dft<\/i>.<\/li>\n<li>Geb\u00fcckt, ge\u00f6lt, der hintere Mund bereit. Gedehnt, herbei gesehnt, tiefweit. Durchsto\u00dfener Kranz, liebestoller Tanz, versunken in der Zeit.<\/li>\n<li><i>Handschellen schneiden in Handgelenke, still liegend, still schweigend, still ertragend, ekel kotzend, Sabber in dir, im Mund und im Gehirn<\/i>.<\/li>\n<li>Lebenslust, Lebenssaft, Lebensmut flie\u00dft aus dir heraus, tropft zu Boden, bildet Pf\u00fctzen der Vergangenheit und nimmt die Zukunft mit.<\/li>\n<li><em>Fremde Gier, Gier die nicht gibt, sich wahllos Nehmen, Kopf ohne Gesicht, geruchslos, geschmacklos, gef\u00fchllos, N\u00e4he f\u00fcr den kurzen Moment.<\/em><\/li>\n<li>Gl\u00e4nzend geschwungen, rotfeuchte Sehnsucht, Perlmuttreflexionen in der Pforte des Himmels, Zungent\u00e4nze steigern die Gier, der Saft flie\u00dft.<i> <\/i><\/li>\n<li><i>Die Welt in d\u00fcsteres Rot getaucht, weiche Seile umschlingen deinen willigen K\u00f6rper, zarte Ber\u00fchrungen und die Musik tragen dich davon&#8230;<\/i><\/li>\n<li>Gl\u00e4nzender Nylon rutscht nach unten, verharrt kurz am Fu\u00df, f\u00e4llt zu Boden. Die Zunge auf der duftenden Sohle, die Nase am Zeh versunken.<\/li>\n<li><em>Die scharfe Klinge am Fu\u00df, wandert funkelnd nach oben, versenkt sich zwischen den Schenkeln, gleitet \u00fcber die Scham, das Haar f\u00e4llt zu Boden.<\/em><\/li>\n<li>Zitternder Leib, vertrauensvoll Angst, erforschende H\u00e4nde auf jungem K\u00f6rper, die Jungfr\u00e4ulichkeit blutend geopfert auf dem Altar der Liebe.<\/li>\n<\/ul>\n<p>&nbsp;<\/p>\n<p><strong>Und noch ein lustiger und nicht ganz ernst gemeinter \ud83d\ude42<\/strong><\/p>\n<p><em>Zwei S\u00e4tze die M\u00e4nner gerne h\u00f6ren: &#8222;Schatz, darf ich dir ein Bier bringen und dann meine Freundin f\u00fcr eine Lesbenschau einladen? Wir st\u00f6ren dich auch nur in der Halbzeitpause.&#8220;<\/em><\/p>\n","protected":false},"excerpt":{"rendered":"<p>140 Zeichen habe ich, um eine kleine Geschichte zu erz\u00e4hlen 140 um etwas zu bewirken 140 um ein Kopfkinofilm laufen zu lassen 140 sind vorbei\u2026 \ud83d\ude09 Hier die kleine Geschichten die ich im Laufe der Jahre bei Twitter gepostet hatte. <span class=\"excerpt-dots\">&hellip;<\/span> <a class=\"more-link\" href=\"https:\/\/www.woschofius.de\/?page_id=971\"><span class=\"more-msg\">Weiterlesen &rarr;<\/span><\/a><\/p>\n","protected":false},"author":3,"featured_media":0,"parent":39,"menu_order":15,"comment_status":"closed","ping_status":"closed","template":"","meta":{"ngg_post_thumbnail":0,"footnotes":""},"class_list":["post-971","page","type-page","status-publish","hentry"],"_links":{"self":[{"href":"https:\/\/www.woschofius.de\/index.php?rest_route=\/wp\/v2\/pages\/971","targetHints":{"allow":["GET"]}}],"collection":[{"href":"https:\/\/www.woschofius.de\/index.php?rest_route=\/wp\/v2\/pages"}],"about":[{"href":"https:\/\/www.woschofius.de\/index.php?rest_route=\/wp\/v2\/types\/page"}],"author":[{"embeddable":true,"href":"https:\/\/www.woschofius.de\/index.php?rest_route=\/wp\/v2\/users\/3"}],"replies":[{"embeddable":true,"href":"https:\/\/www.woschofius.de\/index.php?rest_route=%2Fwp%2Fv2%2Fcomments&post=971"}],"version-history":[{"count":11,"href":"https:\/\/www.woschofius.de\/index.php?rest_route=\/wp\/v2\/pages\/971\/revisions"}],"predecessor-version":[{"id":2065,"href":"https:\/\/www.woschofius.de\/index.php?rest_route=\/wp\/v2\/pages\/971\/revisions\/2065"}],"up":[{"embeddable":true,"href":"https:\/\/www.woschofius.de\/index.php?rest_route=\/wp\/v2\/pages\/39"}],"wp:attachment":[{"href":"https:\/\/www.woschofius.de\/index.php?rest_route=%2Fwp%2Fv2%2Fmedia&parent=971"}],"curies":[{"name":"wp","href":"https:\/\/api.w.org\/{rel}","templated":true}]}}